{"id":571,"date":"2021-11-02T19:14:38","date_gmt":"2021-11-02T18:14:38","guid":{"rendered":"https:\/\/www.nedozery.sk\/vcelarstvo\/?page_id=571"},"modified":"2021-11-02T20:54:54","modified_gmt":"2021-11-02T19:54:54","slug":"najnovsie-clanky","status":"publish","type":"page","link":"https:\/\/www.nedozery.sk\/vcelarstvo\/najnovsie-clanky\/","title":{"rendered":"O n\u00e1s"},"content":{"rendered":"<p><img data-recalc-dims=\"1\" decoding=\"async\" class=\"wp-image-8 alignleft\" src=\"https:\/\/i0.wp.com\/www.nedozery.sk\/vcelarstvo\/wp-content\/uploads\/2021\/10\/logo_vcelar.jpg?resize=130%2C130&#038;ssl=1\" alt=\"\" width=\"130\" height=\"130\" srcset=\"https:\/\/i0.wp.com\/www.nedozery.sk\/vcelarstvo\/wp-content\/uploads\/2021\/10\/logo_vcelar.jpg?resize=300%2C300&amp;ssl=1 300w, https:\/\/i0.wp.com\/www.nedozery.sk\/vcelarstvo\/wp-content\/uploads\/2021\/10\/logo_vcelar.jpg?resize=150%2C150&amp;ssl=1 150w, https:\/\/i0.wp.com\/www.nedozery.sk\/vcelarstvo\/wp-content\/uploads\/2021\/10\/logo_vcelar.jpg?w=313&amp;ssl=1 313w\" sizes=\"(max-width: 130px) 100vw, 130px\" \/>V\u00edtame V\u00e1s na str\u00e1nkach v\u010del\u00e1rstva v Nedo\u017eeroch &#8211; Brezanoch.<\/p>\n<p>Na\u0161u vzorkov\u00fa predaj\u0148u m\u00f4\u017eete n\u00e1js\u0165 na poschod\u00ed\u00a0 budovy stavebn\u00edn v Nedo\u017eeroch-Brezanoch. Predaj\u0148u sme otvorili za \u00fa\u010delom poskytnutia be\u017en\u00e9ho spotrebn\u00e9ho tovaru miestnym v\u0161el\u00e1rom a zjednodu\u0161i\u0165 im nakupovanie v\u010del\u00e1rskych potrieb po\u010das sez\u00f3ny ale aj mimo nej.<\/p>\n<p>Na\u0161im cie\u013eom do bud\u00facna je\u00a0 \u010do najviac roz\u0161\u00edri\u0165\u00a0 sortiment pon\u00fakan\u00e9ho tovaru a poskytovan\u00fdch slu\u017eieb, pom\u00f4ct a poradi\u0165 z\u00e1ujemcom o v\u010del\u00e1renie, zabezpe\u010di\u0165 pr\u00edpadn\u00fd rozvoz tovaru, v\u00fdkup a v\u00fdmenu vosku za medzistienky\u00a0 a u\u013eah\u010di\u0165 komunik\u00e1ciu a v\u00fdmenu dokumentov medzi \u010dlenmi a v\u00fdborom\u00a0 ZO SZV Prievidza.<\/p>\n<p>Budeme ve\u013emi radi, ak svoj ob\u013e\u00faben\u00fd tovar n\u00e1jdu u n\u00e1s nie len v\u010del\u00e1ri, ale aj be\u017en\u00ed z\u00e1kazn\u00edci, ktor\u00ed by mali z\u00e1ujem o zav\u00e1racie poh\u00e1re, v\u00ed\u010dka,\u00a0 v\u010del\u00ed vosk, v\u00fdrobu svie\u010dok odlievan\u00edm alebo z medzistienok.<\/p>\n<p>V\u0161etky tieto ciele vieme dosiahnu\u0165 len za pomoci V\u00e1s, z\u00e1kazn\u00edkov.<\/p>\n<p>Te\u0161\u00edme sa na va\u0161u n\u00e1v\u0161tevu&#8230;..<\/p>\n","protected":false},"excerpt":{"rendered":"<p>V\u00edtame V\u00e1s na str\u00e1nkach v\u010del\u00e1rstva v Nedo\u017eeroch &#8211; Brezanoch. Na\u0161u vzorkov\u00fa predaj\u0148u m\u00f4\u017eete n\u00e1js\u0165 na poschod\u00ed\u00a0 budovy stavebn\u00edn v Nedo\u017eeroch-Brezanoch. Predaj\u0148u sme otvorili za \u00fa\u010delom poskytnutia be\u017en\u00e9ho spotrebn\u00e9ho tovaru miestnym v\u0161el\u00e1rom a zjednodu\u0161i\u0165 im nakupovanie v\u010del\u00e1rskych potrieb po\u010das sez\u00f3ny ale aj mimo nej. Na\u0161im cie\u013eom do bud\u00facna je\u00a0 \u010do najviac roz\u0161\u00edri\u0165\u00a0 sortiment pon\u00fakan\u00e9ho tovaru a <a href=\"https:\/\/www.nedozery.sk\/vcelarstvo\/najnovsie-clanky\/\" class=\"read-more inline\">\u010c\u00edtaj \u010falej<\/a><\/p>\n","protected":false},"author":1,"featured_media":0,"parent":0,"menu_order":0,"comment_status":"closed","ping_status":"closed","template":"","meta":{"footnotes":""},"class_list":["post-571","page","type-page","status-publish","hentry"],"jetpack_sharing_enabled":true,"_links":{"self":[{"href":"https:\/\/www.nedozery.sk\/vcelarstvo\/wp-json\/wp\/v2\/pages\/571","targetHints":{"allow":["GET"]}}],"collection":[{"href":"https:\/\/www.nedozery.sk\/vcelarstvo\/wp-json\/wp\/v2\/pages"}],"about":[{"href":"https:\/\/www.nedozery.sk\/vcelarstvo\/wp-json\/wp\/v2\/types\/page"}],"author":[{"embeddable":true,"href":"https:\/\/www.nedozery.sk\/vcelarstvo\/wp-json\/wp\/v2\/users\/1"}],"replies":[{"embeddable":true,"href":"https:\/\/www.nedozery.sk\/vcelarstvo\/wp-json\/wp\/v2\/comments?post=571"}],"version-history":[{"count":0,"href":"https:\/\/www.nedozery.sk\/vcelarstvo\/wp-json\/wp\/v2\/pages\/571\/revisions"}],"wp:attachment":[{"href":"https:\/\/www.nedozery.sk\/vcelarstvo\/wp-json\/wp\/v2\/media?parent=571"}],"curies":[{"name":"wp","href":"https:\/\/api.w.org\/{rel}","templated":true}]}}