{"id":101,"date":"2021-10-24T14:06:48","date_gmt":"2021-10-24T12:06:48","guid":{"rendered":"https:\/\/www.nedozery.sk\/vcelarstvo\/?product=produkt-7"},"modified":"2025-06-20T13:34:40","modified_gmt":"2025-06-20T11:34:40","slug":"produkt-7","status":"publish","type":"product","link":"https:\/\/www.nedozery.sk\/vcelarstvo\/produkt\/produkt-7\/","title":{"rendered":"Napin\u00e1k dr\u00f4tu nerezov\u00fd s drevenou rukov\u00e4\u0165ou, BEE"},"content":{"rendered":"<h2>Napin\u00e1k dr\u00f4tu nerezov\u00fd s drevenou rukov\u00e4\u0165ou, BEE<\/h2>\n<div class=\"in-pane\">\n<div class=\"long-description\">\n<p><strong>Nerezov\u00fd napin\u00e1k v\u010del\u00e1rskeho dr\u00f4tu s drevenou rukov\u00e4\u0165ou<\/strong>\u00a0m\u00e1 na koncoch ozuben\u00e9 kolieska, ktor\u00e9 pohybom po dr\u00f4tiku sp\u00f4sobuj\u00fa jeho napnutie t\u00fdm, \u017ee ho zvlnia. Preto sa tie\u017e napin\u00e1k v\u010del\u00e1rskeho dr\u00f4tu ob\u010das naz\u00fdv\u00e1 \u201ezvl\u0148ova\u010d\u201c. Silou zovrenia je mo\u017en\u00e9 regulova\u0165 ohyb a t\u00fdm aj napnutie. Je d\u00f4le\u017eit\u00e9 napin\u00e1k dr\u017ea\u0165 kolmo k r\u00e1miku, aby sa ohyby dr\u00f4tika nevytvorili pod uhlom (ohyby musia by\u0165 rovnobe\u017en\u00e9 s r\u00e1mikom), inak sa bud\u00fa zar\u00fdva\u0165 do medzistienky, alebo m\u00f4\u017eu tie\u017e vy\u010dnieva\u0165. Nenahradite\u013en\u00fd pomocn\u00edk pred zatavovan\u00edm medzistienok, takto upevnen\u00fd dr\u00f4tik potom lep\u0161ie dr\u017e\u00ed medzistienku a pri vyt\u00e1\u010dan\u00ed sa panensk\u00e9 pl\u00e1sty netrhaj\u00fa.<\/p>\n<p>Rozmery: 134,5 x 20,5 x 60,5 mm<br \/>\nOrienta\u010dn\u00e1 hmotnos\u0165: 0,240 kg<\/p>\n<p><em>Produkt priamo od v\u00fdrobcu.<\/em><\/p>\n<\/div>\n<\/div>\n","protected":false},"excerpt":{"rendered":"<p>Napin\u00e1k dr\u00f4tu nerezov\u00fd s drevenou rukov\u00e4\u0165ou, BEE Nerezov\u00fd napin\u00e1k v\u010del\u00e1rskeho dr\u00f4tu s drevenou rukov\u00e4\u0165ou\u00a0m\u00e1 na koncoch ozuben\u00e9 kolieska, ktor\u00e9 pohybom po dr\u00f4tiku sp\u00f4sobuj\u00fa jeho napnutie t\u00fdm, \u017ee ho zvlnia. Preto sa tie\u017e napin\u00e1k v\u010del\u00e1rskeho dr\u00f4tu ob\u010das naz\u00fdv\u00e1 \u201ezvl\u0148ova\u010d\u201c. Silou zovrenia je mo\u017en\u00e9 regulova\u0165 ohyb a t\u00fdm aj napnutie. Je d\u00f4le\u017eit\u00e9 napin\u00e1k dr\u017ea\u0165 kolmo k r\u00e1miku, <a href=\"https:\/\/www.nedozery.sk\/vcelarstvo\/produkt\/produkt-7\/\" class=\"read-more inline\">\u010c\u00edtaj \u010falej<\/a><\/p>\n","protected":false},"featured_media":491,"comment_status":"open","ping_status":"closed","template":"","meta":[],"product_brand":[],"product_cat":[18,48],"product_tag":[],"class_list":{"0":"post-101","1":"product","2":"type-product","3":"status-publish","4":"has-post-thumbnail","6":"product_cat-naradie","7":"product_cat-ramiky","9":"first","10":"instock","11":"taxable","12":"shipping-taxable","13":"purchasable","14":"product-type-simple"},"jetpack_sharing_enabled":true,"_links":{"self":[{"href":"https:\/\/www.nedozery.sk\/vcelarstvo\/wp-json\/wp\/v2\/product\/101","targetHints":{"allow":["GET"]}}],"collection":[{"href":"https:\/\/www.nedozery.sk\/vcelarstvo\/wp-json\/wp\/v2\/product"}],"about":[{"href":"https:\/\/www.nedozery.sk\/vcelarstvo\/wp-json\/wp\/v2\/types\/product"}],"replies":[{"embeddable":true,"href":"https:\/\/www.nedozery.sk\/vcelarstvo\/wp-json\/wp\/v2\/comments?post=101"}],"version-history":[{"count":0,"href":"https:\/\/www.nedozery.sk\/vcelarstvo\/wp-json\/wp\/v2\/product\/101\/revisions"}],"wp:featuredmedia":[{"embeddable":true,"href":"https:\/\/www.nedozery.sk\/vcelarstvo\/wp-json\/wp\/v2\/media\/491"}],"wp:attachment":[{"href":"https:\/\/www.nedozery.sk\/vcelarstvo\/wp-json\/wp\/v2\/media?parent=101"}],"wp:term":[{"taxonomy":"product_brand","embeddable":true,"href":"https:\/\/www.nedozery.sk\/vcelarstvo\/wp-json\/wp\/v2\/product_brand?post=101"},{"taxonomy":"product_cat","embeddable":true,"href":"https:\/\/www.nedozery.sk\/vcelarstvo\/wp-json\/wp\/v2\/product_cat?post=101"},{"taxonomy":"product_tag","embeddable":true,"href":"https:\/\/www.nedozery.sk\/vcelarstvo\/wp-json\/wp\/v2\/product_tag?post=101"}],"curies":[{"name":"wp","href":"https:\/\/api.w.org\/{rel}","templated":true}]}}