{"id":1054,"date":"2022-01-17T23:21:17","date_gmt":"2022-01-17T22:21:17","guid":{"rendered":"https:\/\/www.nedozery.sk\/vcelarstvo\/produkt\/set-na-caj-cajnik\/"},"modified":"2024-07-09T15:07:11","modified_gmt":"2024-07-09T13:07:11","slug":"set-na-caj-cajnik","status":"publish","type":"product","link":"https:\/\/www.nedozery.sk\/vcelarstvo\/produkt\/set-na-caj-cajnik\/","title":{"rendered":"SECESIA PORCEL\u00c1NOV\u00c1 S\u00daPRAVA"},"content":{"rendered":"<p>Porcel\u00e1nov\u00fd set na \u010daj v podobe \u010dajn\u00edka.<br \/>\nObsahuje \u010dajn\u00edk, \u0161\u00e1lku s tanieriky. Set je pre jednu osobu, vhodn\u00fd ako dar\u010dek. V zlo\u017eenej forme dlho udr\u017euje \u010daj tepl\u00fd.<\/p>\n","protected":false},"excerpt":{"rendered":"<p>Porcel\u00e1nov\u00fd set na \u010daj v podobe \u010dajn\u00edka. Obsahuje \u010dajn\u00edk, \u0161\u00e1lku s tanieriky. Set je pre jednu osobu, vhodn\u00fd ako dar\u010dek. V zlo\u017eenej forme dlho udr\u017euje \u010daj tepl\u00fd.<\/p>\n","protected":false},"featured_media":1051,"comment_status":"open","ping_status":"closed","template":"","meta":[],"product_brand":[],"product_cat":[31],"product_tag":[],"class_list":{"0":"post-1054","1":"product","2":"type-product","3":"status-publish","4":"has-post-thumbnail","6":"product_cat-darceky","8":"first","9":"instock","10":"purchasable","11":"product-type-simple"},"jetpack_sharing_enabled":true,"_links":{"self":[{"href":"https:\/\/www.nedozery.sk\/vcelarstvo\/wp-json\/wp\/v2\/product\/1054","targetHints":{"allow":["GET"]}}],"collection":[{"href":"https:\/\/www.nedozery.sk\/vcelarstvo\/wp-json\/wp\/v2\/product"}],"about":[{"href":"https:\/\/www.nedozery.sk\/vcelarstvo\/wp-json\/wp\/v2\/types\/product"}],"replies":[{"embeddable":true,"href":"https:\/\/www.nedozery.sk\/vcelarstvo\/wp-json\/wp\/v2\/comments?post=1054"}],"version-history":[{"count":0,"href":"https:\/\/www.nedozery.sk\/vcelarstvo\/wp-json\/wp\/v2\/product\/1054\/revisions"}],"wp:featuredmedia":[{"embeddable":true,"href":"https:\/\/www.nedozery.sk\/vcelarstvo\/wp-json\/wp\/v2\/media\/1051"}],"wp:attachment":[{"href":"https:\/\/www.nedozery.sk\/vcelarstvo\/wp-json\/wp\/v2\/media?parent=1054"}],"wp:term":[{"taxonomy":"product_brand","embeddable":true,"href":"https:\/\/www.nedozery.sk\/vcelarstvo\/wp-json\/wp\/v2\/product_brand?post=1054"},{"taxonomy":"product_cat","embeddable":true,"href":"https:\/\/www.nedozery.sk\/vcelarstvo\/wp-json\/wp\/v2\/product_cat?post=1054"},{"taxonomy":"product_tag","embeddable":true,"href":"https:\/\/www.nedozery.sk\/vcelarstvo\/wp-json\/wp\/v2\/product_tag?post=1054"}],"curies":[{"name":"wp","href":"https:\/\/api.w.org\/{rel}","templated":true}]}}