{"id":109,"date":"2021-10-24T14:06:52","date_gmt":"2021-10-24T12:06:52","guid":{"rendered":"https:\/\/www.nedozery.sk\/vcelarstvo\/?product=produkt-15"},"modified":"2025-03-24T10:50:01","modified_gmt":"2025-03-24T09:50:01","slug":"produkt-15","status":"publish","type":"product","link":"https:\/\/www.nedozery.sk\/vcelarstvo\/produkt\/produkt-15\/","title":{"rendered":"Let\u00e1\u010dov\u00fd uz\u00e1ver okr\u00fahly, 80 mm &#8211; zelen\u00fd"},"content":{"rendered":"<h2>Let\u00e1\u010dov\u00fd uz\u00e1ver okr\u00fahly, 80 mm &#8211; zelen\u00fd<\/h2>\n<div class=\"in-pane\">\n<div class=\"long-description\">\n<p><strong>Okr\u00fahly let\u00e1\u010dov\u00fd uz\u00e1ver s priemerom 80 mm<\/strong>\u00a0sl\u00fa\u017ei na zakr\u00fdvanie o\u010diek &#8211; otvorov v r\u00f4znych zariadeniach pre v\u010dely. Okr\u00fahly let\u00e1\u010dov\u00fd uz\u00e1ver sa naj\u010dastej\u0161ie pou\u017e\u00edva pre zakr\u00fdvanie o\u010diek v nadstavkoch v\u010del\u00edch \u00fa\u013eov, mal\u00fdch \u00falikoch, oplodnia\u010dikoch a pod. V strede uz\u00e1veru je otvor pre skrutku, ktorou sa let\u00e1\u010dov\u00fd uz\u00e1ver priskrutkuje na plochu. Ot\u00e1\u010dan\u00edm uz\u00e1veru je potom mo\u017en\u00e9 nastavi\u0165 nasledovn\u00e9 polohy: vetranie, ve\u013ek\u00fd otvor , zatvorenie, otvor nepriechodn\u00fd pre matku, mal\u00fd otvor. Let\u00e1\u010dov\u00fd uz\u00e1ver je vyroben\u00fd z plastu s hr\u00fabkou 1 mm a dod\u00e1va sa v piatich farb\u00e1ch: biela, modr\u00e1, \u017elt\u00e1, zelen\u00e1, \u010derven\u00e1.<\/p>\n<\/div>\n<\/div>\n","protected":false},"excerpt":{"rendered":"<p>Let\u00e1\u010dov\u00fd uz\u00e1ver okr\u00fahly, 80 mm &#8211; zelen\u00fd Okr\u00fahly let\u00e1\u010dov\u00fd uz\u00e1ver s priemerom 80 mm\u00a0sl\u00fa\u017ei na zakr\u00fdvanie o\u010diek &#8211; otvorov v r\u00f4znych zariadeniach pre v\u010dely. Okr\u00fahly let\u00e1\u010dov\u00fd uz\u00e1ver sa naj\u010dastej\u0161ie pou\u017e\u00edva pre zakr\u00fdvanie o\u010diek v nadstavkoch v\u010del\u00edch \u00fa\u013eov, mal\u00fdch \u00falikoch, oplodnia\u010dikoch a pod. V strede uz\u00e1veru je otvor pre skrutku, ktorou sa let\u00e1\u010dov\u00fd uz\u00e1ver priskrutkuje na <a href=\"https:\/\/www.nedozery.sk\/vcelarstvo\/produkt\/produkt-15\/\" class=\"read-more inline\">\u010c\u00edtaj \u010falej<\/a><\/p>\n","protected":false},"featured_media":476,"comment_status":"open","ping_status":"closed","template":"","meta":[],"product_brand":[],"product_cat":[94,16],"product_tag":[],"class_list":{"0":"post-109","1":"product","2":"type-product","3":"status-publish","4":"has-post-thumbnail","6":"product_cat-prislus","7":"product_cat-ule","9":"first","10":"instock","11":"taxable","12":"shipping-taxable","13":"purchasable","14":"product-type-simple"},"jetpack_sharing_enabled":true,"_links":{"self":[{"href":"https:\/\/www.nedozery.sk\/vcelarstvo\/wp-json\/wp\/v2\/product\/109","targetHints":{"allow":["GET"]}}],"collection":[{"href":"https:\/\/www.nedozery.sk\/vcelarstvo\/wp-json\/wp\/v2\/product"}],"about":[{"href":"https:\/\/www.nedozery.sk\/vcelarstvo\/wp-json\/wp\/v2\/types\/product"}],"replies":[{"embeddable":true,"href":"https:\/\/www.nedozery.sk\/vcelarstvo\/wp-json\/wp\/v2\/comments?post=109"}],"version-history":[{"count":0,"href":"https:\/\/www.nedozery.sk\/vcelarstvo\/wp-json\/wp\/v2\/product\/109\/revisions"}],"wp:featuredmedia":[{"embeddable":true,"href":"https:\/\/www.nedozery.sk\/vcelarstvo\/wp-json\/wp\/v2\/media\/476"}],"wp:attachment":[{"href":"https:\/\/www.nedozery.sk\/vcelarstvo\/wp-json\/wp\/v2\/media?parent=109"}],"wp:term":[{"taxonomy":"product_brand","embeddable":true,"href":"https:\/\/www.nedozery.sk\/vcelarstvo\/wp-json\/wp\/v2\/product_brand?post=109"},{"taxonomy":"product_cat","embeddable":true,"href":"https:\/\/www.nedozery.sk\/vcelarstvo\/wp-json\/wp\/v2\/product_cat?post=109"},{"taxonomy":"product_tag","embeddable":true,"href":"https:\/\/www.nedozery.sk\/vcelarstvo\/wp-json\/wp\/v2\/product_tag?post=109"}],"curies":[{"name":"wp","href":"https:\/\/api.w.org\/{rel}","templated":true}]}}