{"id":1135,"date":"2022-02-25T09:43:42","date_gmt":"2022-02-25T08:43:42","guid":{"rendered":"https:\/\/www.nedozery.sk\/vcelarstvo\/?post_type=product&#038;p=1135"},"modified":"2023-10-27T14:31:38","modified_gmt":"2023-10-27T12:31:38","slug":"bee-safe-sada-na-dezinfekciu-600ml-30ml","status":"publish","type":"product","link":"https:\/\/www.nedozery.sk\/vcelarstvo\/produkt\/bee-safe-sada-na-dezinfekciu-600ml-30ml\/","title":{"rendered":"BEE-SAFE sada na dezinfekciu 600ml + 30ml"},"content":{"rendered":"<p>BEE-SAFE sada na dezinfekciu 600ml + 30ml je doporu\u010dovan\u00e1 ako dezinfekcia pri nebezpe\u010dn\u00fdch n\u00e1kaz\u00e1ch, ako je mor a hniloba v\u010delieho plodu.<\/p>\n","protected":false},"excerpt":{"rendered":"<p><strong>BEE-SAFE sada na dezinfekciu 600ml + 30ml<\/strong>\u00a0je doporu\u010dovan\u00e1 ako dezinfekcia pri nebezpe\u010dn\u00fdch n\u00e1kaz\u00e1ch, ako je mor a hniloba v\u010delieho plodu.<\/p>\n<p><em><u>Zlo\u017eenie:<\/u><\/em><\/p>\n<ol>\n<li>J\u00f3d: &lt;5%<\/li>\n<li>kyselina fosfore\u010dn\u00e1: &lt;10%<\/li>\n<li>kyselina s\u00edrov\u00e1: &lt;10%<\/li>\n<li>bezn\u00e1bojov\u00e9 m\u00e1\u010dadlo: &lt;25%<\/li>\n<\/ol>\n<p>&nbsp;<\/p>\n<p><em><u>V\u00fdhody:<\/u><\/em><\/p>\n<ol>\n<li>Prevencia pred ochoren\u00edm v\u010delstva<\/li>\n<li>\u00da\u010dinn\u00e1 proti moru a hnilobe v\u010delieho plodu<\/li>\n<li>Farebn\u00e1 indik\u00e1cia \u00fa\u010dinnosti roztoku<\/li>\n<li>Biologicky \u00faplne odb\u00farate\u013en\u00e1<\/li>\n<\/ol>\n<p>&nbsp;<\/p>\n<p><em><u>N\u00e1vod na pou\u017eitie:<\/u><\/em><\/p>\n<p>Postupujte pod\u013ea platn\u00e9ho prevent\u00edvneho sanita\u010dn\u00e9ho poriadku. Prev\u00e1dzajte nam\u00e1\u010dan\u00edm v k\u00fapeli, ru\u010dne, penou alebo postrekom aj vysokotlakov\u00fdmi vodn\u00fdmi zariadeniami z d\u00f4vodu zabr\u00e1nenia zavle\u010denia a roz\u0161\u00edrenia nov\u00fdch ochoren\u00ed.<\/p>\n<p><em><u>Aplik\u00e1cia nam\u00e1\u010dan\u00edm:<\/u><\/em>\u00a0Pripravte roztok vhodn\u00e9ho objemu v pomere 20 ml\/l vody. R\u00e1miky, oplodnia\u010diky, let\u00e1\u010dov\u00e9 uz\u00e1very a \u010fal\u0161ie drobn\u00e9 pom\u00f4cky a n\u00e1stroje dezinfikujte ponorom v pripravenom k\u00fapeli na 30 min\u00fat.<\/p>\n<p><em><u>Aplik\u00e1cia postrekom\/penou:<\/u><\/em>\u00a0Do \u010distej n\u00e1doby pripravte \u010derstv\u00fd roztok v pomere 40 ml\/l s pitnou vodou a zamie\u0161ajte (napr. 30 ml koncentr\u00e1tu do 750 ml f\u013ea\u0161e s penov\u00fdm aplik\u00e1torom). \u00dale a ich vybavenie, n\u00e1radie, sklady a transportn\u00fa techniku o\u0161etrite v d\u00e1vke 300 ml roztoku na 1 m2. V\u017edy aplikujte na such\u00fd povrch.<\/p>\n<p>Pom\u00f4cky prich\u00e1zdaj\u00face po dezinfekci do priameho styku s potravou v\u010diel alebo potravinou \u013eud\u00ed, d\u00f4kladne opl\u00e1chnite pitnou vodou! Na ostatn\u00fdch pom\u00f4ckach a zariadeniach nechajte dezinfekciu zaschn\u00fa\u0165.<\/p>\n<p><strong>U v\u010delstiev s klinick\u00fdmi pr\u00edznakmi karant\u00e9nnych chor\u00f4b postupujte pod\u013ea vyhl\u00e1sen\u00fdch mimoriadnych veterin\u00e1rnych opatren\u00ed.<\/strong><\/p>\n<p><em><u>Technick\u00e9 \u00fadaje:<\/u><\/em><\/p>\n<ol>\n<li>Skupenstvo: kvapaln\u00fd pr\u00edpravok<\/li>\n<li>Farba: \u010d\u00edra tmavohned\u00e1<\/li>\n<li>Z\u00e1pach (v\u00f4\u0148a): mdl\u00fd detergent\/j\u00f3d<\/li>\n<li>Hodnota pH: 0<\/li>\n<li>Teplota varu: 102\u00b0C<\/li>\n<li>Teplota topenia: -2\u00b0C<\/li>\n<li>Relat\u00edvna hustota: 1,170 pri 20\u00b0C<\/li>\n<li>Teplota vznietenia: vrie bez vzplanutia<\/li>\n<li>Rozpustnos\u0165: rozpustn\u00fd vo vode<\/li>\n<\/ol>\n<p>&nbsp;<\/p>\n<p><em><u>Obsah balenia:<\/u><\/em><\/p>\n<ol>\n<li>30 ml koncentr\u00e1tu v 750 ml PE d\u00f3ze s penov\u00fdm uz\u00e1verom na doplnenie vodou<\/li>\n<li>600 ml koncentr\u00e1t v PE obale<\/li>\n<\/ol>\n<p>&nbsp;<\/p>\n<p><em><u>Biologick\u00e1 bezpe\u010dnos\u0165:<\/u><\/em><\/p>\n<p>Pr\u00edpravok neobsahuje l\u00e1tky, u ktor\u00fdch by sa predpokladala bioakumul\u00e1cia. Pr\u00edpravok je \u013eahko odb\u00farate\u013en\u00fd v biologick\u00fdch \u010disti\u010dk\u00e1ch odpadov\u00fdch v\u00f4d. \u017diadna zo zlo\u017eiek pr\u00edpravku nie je pova\u017eovan\u00e1 za potenci\u00e1lny senzibiliz\u00e1tor a nie je uveden\u00e1 na zozname mo\u017en\u00fdch karcinog\u00e9nnych, mutag\u00e9nnych a l\u00e1tok ovplyv\u0148uj\u00facich reprodukciu. \u017diadna zo zlo\u017eiek nie je pova\u017eovan\u00e1 za potenci\u00e1lne vysoko bioakumulat\u00edvnu (vPvB) ani perzistent\u00fa, bioakumulat\u00edvnu a toxick\u00fa (PBT). Nebezpe\u010dn\u00e9 pre \u017eivotn\u00e9 prostredie &#8211; vysoko toxick\u00e9 pre vodn\u00e9 organizmy<\/p>\n","protected":false},"featured_media":1136,"comment_status":"open","ping_status":"closed","template":"","meta":[],"product_brand":[],"product_cat":[20],"product_tag":[],"class_list":{"0":"post-1135","1":"product","2":"type-product","3":"status-publish","4":"has-post-thumbnail","6":"product_cat-lieciva","8":"first","9":"outofstock","10":"taxable","11":"shipping-taxable","12":"purchasable","13":"product-type-simple"},"jetpack_sharing_enabled":true,"_links":{"self":[{"href":"https:\/\/www.nedozery.sk\/vcelarstvo\/wp-json\/wp\/v2\/product\/1135","targetHints":{"allow":["GET"]}}],"collection":[{"href":"https:\/\/www.nedozery.sk\/vcelarstvo\/wp-json\/wp\/v2\/product"}],"about":[{"href":"https:\/\/www.nedozery.sk\/vcelarstvo\/wp-json\/wp\/v2\/types\/product"}],"replies":[{"embeddable":true,"href":"https:\/\/www.nedozery.sk\/vcelarstvo\/wp-json\/wp\/v2\/comments?post=1135"}],"version-history":[{"count":0,"href":"https:\/\/www.nedozery.sk\/vcelarstvo\/wp-json\/wp\/v2\/product\/1135\/revisions"}],"wp:featuredmedia":[{"embeddable":true,"href":"https:\/\/www.nedozery.sk\/vcelarstvo\/wp-json\/wp\/v2\/media\/1136"}],"wp:attachment":[{"href":"https:\/\/www.nedozery.sk\/vcelarstvo\/wp-json\/wp\/v2\/media?parent=1135"}],"wp:term":[{"taxonomy":"product_brand","embeddable":true,"href":"https:\/\/www.nedozery.sk\/vcelarstvo\/wp-json\/wp\/v2\/product_brand?post=1135"},{"taxonomy":"product_cat","embeddable":true,"href":"https:\/\/www.nedozery.sk\/vcelarstvo\/wp-json\/wp\/v2\/product_cat?post=1135"},{"taxonomy":"product_tag","embeddable":true,"href":"https:\/\/www.nedozery.sk\/vcelarstvo\/wp-json\/wp\/v2\/product_tag?post=1135"}],"curies":[{"name":"wp","href":"https:\/\/api.w.org\/{rel}","templated":true}]}}