{"id":115,"date":"2021-10-24T14:06:55","date_gmt":"2021-10-24T12:06:55","guid":{"rendered":"https:\/\/www.nedozery.sk\/vcelarstvo\/?product=produkt-21"},"modified":"2025-03-24T10:48:34","modified_gmt":"2025-03-24T09:48:34","slug":"produkt-21","status":"publish","type":"product","link":"https:\/\/www.nedozery.sk\/vcelarstvo\/produkt\/produkt-21\/","title":{"rendered":"Stropn\u00e1 f\u00f3lia priesvitn\u00e1, 430x495mm"},"content":{"rendered":"<h2>Stropn\u00e1 f\u00f3lia priesvitn\u00e1, 430x495mm<\/h2>\n<div class=\"in-pane\">\n<div class=\"long-description\">\n<p><strong>Priesvitn\u00e1 stropn\u00e1 f\u00f3lia<\/strong>, ktor\u00e1 sa pou\u017e\u00edva ako ochrana proti poveternostn\u00fdm vplyvom po\u010dasia a chr\u00e1ni \u00fa\u013e. D\u00e1va sa na vrch \u00fa\u013ea.<\/p>\n<p>Rozmer : 430 x 495 mm<\/p>\n<\/div>\n<\/div>\n","protected":false},"excerpt":{"rendered":"<p>Stropn\u00e1 f\u00f3lia priesvitn\u00e1, 430x495mm Priesvitn\u00e1 stropn\u00e1 f\u00f3lia, ktor\u00e1 sa pou\u017e\u00edva ako ochrana proti poveternostn\u00fdm vplyvom po\u010dasia a chr\u00e1ni \u00fa\u013e. D\u00e1va sa na vrch \u00fa\u013ea. Rozmer : 430 x 495 mm<\/p>\n","protected":false},"featured_media":469,"comment_status":"open","ping_status":"closed","template":"","meta":[],"product_brand":[],"product_cat":[94,16],"product_tag":[],"class_list":{"0":"post-115","1":"product","2":"type-product","3":"status-publish","4":"has-post-thumbnail","6":"product_cat-prislus","7":"product_cat-ule","9":"first","10":"outofstock","11":"taxable","12":"shipping-taxable","13":"purchasable","14":"product-type-simple"},"jetpack_sharing_enabled":true,"_links":{"self":[{"href":"https:\/\/www.nedozery.sk\/vcelarstvo\/wp-json\/wp\/v2\/product\/115","targetHints":{"allow":["GET"]}}],"collection":[{"href":"https:\/\/www.nedozery.sk\/vcelarstvo\/wp-json\/wp\/v2\/product"}],"about":[{"href":"https:\/\/www.nedozery.sk\/vcelarstvo\/wp-json\/wp\/v2\/types\/product"}],"replies":[{"embeddable":true,"href":"https:\/\/www.nedozery.sk\/vcelarstvo\/wp-json\/wp\/v2\/comments?post=115"}],"version-history":[{"count":0,"href":"https:\/\/www.nedozery.sk\/vcelarstvo\/wp-json\/wp\/v2\/product\/115\/revisions"}],"wp:featuredmedia":[{"embeddable":true,"href":"https:\/\/www.nedozery.sk\/vcelarstvo\/wp-json\/wp\/v2\/media\/469"}],"wp:attachment":[{"href":"https:\/\/www.nedozery.sk\/vcelarstvo\/wp-json\/wp\/v2\/media?parent=115"}],"wp:term":[{"taxonomy":"product_brand","embeddable":true,"href":"https:\/\/www.nedozery.sk\/vcelarstvo\/wp-json\/wp\/v2\/product_brand?post=115"},{"taxonomy":"product_cat","embeddable":true,"href":"https:\/\/www.nedozery.sk\/vcelarstvo\/wp-json\/wp\/v2\/product_cat?post=115"},{"taxonomy":"product_tag","embeddable":true,"href":"https:\/\/www.nedozery.sk\/vcelarstvo\/wp-json\/wp\/v2\/product_tag?post=115"}],"curies":[{"name":"wp","href":"https:\/\/api.w.org\/{rel}","templated":true}]}}