{"id":116,"date":"2021-10-24T14:06:56","date_gmt":"2021-10-24T12:06:56","guid":{"rendered":"https:\/\/www.nedozery.sk\/vcelarstvo\/?product=produkt-22"},"modified":"2025-03-24T10:48:30","modified_gmt":"2025-03-24T09:48:30","slug":"produkt-22","status":"publish","type":"product","link":"https:\/\/www.nedozery.sk\/vcelarstvo\/produkt\/produkt-22\/","title":{"rendered":"Sie\u0165 na hygienick\u00e9 dno pozinkovan\u00e1, \u0161\u00edrka 100 cm"},"content":{"rendered":"<h2>Sie\u0165 na hygienick\u00e9 dno pozinkovan\u00e1, \u0161\u00edrka 100 cm<\/h2>\n<div class=\"in-pane\">\n<div class=\"long-description\">\n<p><strong>Pozinkovan\u00e1 sie\u0165\u00a0<\/strong>dod\u00e1van\u00e1 v rolke so \u0161\u00edrkou 100 cm je vhodn\u00e1\u00a0<strong>na v\u00fdrobu hygienick\u00e9ho dna do \u00fa\u013ea<\/strong>. V\u00fdhodou je, \u017ee si vie ka\u017ed\u00fd v\u010del\u00e1r individu\u00e1lne prisp\u00f4sobi\u0165 rozmer pod\u013ea svoj\u00edch potrieb. Ok\u00e1 na sieti maj\u00fa \u0161tvorcov\u00fd tvar s ve\u013ekos\u0165ou oka 3,20 x 3,20 mm.<\/p>\n<p>Uveden\u00e1 cena je za 1 bm d\u013a\u017eky.<\/p>\n<\/div>\n<\/div>\n","protected":false},"excerpt":{"rendered":"<p>Sie\u0165 na hygienick\u00e9 dno pozinkovan\u00e1, \u0161\u00edrka 100 cm Pozinkovan\u00e1 sie\u0165\u00a0dod\u00e1van\u00e1 v rolke so \u0161\u00edrkou 100 cm je vhodn\u00e1\u00a0na v\u00fdrobu hygienick\u00e9ho dna do \u00fa\u013ea. V\u00fdhodou je, \u017ee si vie ka\u017ed\u00fd v\u010del\u00e1r individu\u00e1lne prisp\u00f4sobi\u0165 rozmer pod\u013ea svoj\u00edch potrieb. Ok\u00e1 na sieti maj\u00fa \u0161tvorcov\u00fd tvar s ve\u013ekos\u0165ou oka 3,20 x 3,20 mm. Uveden\u00e1 cena je za 1 bm <a href=\"https:\/\/www.nedozery.sk\/vcelarstvo\/produkt\/produkt-22\/\" class=\"read-more inline\">\u010c\u00edtaj \u010falej<\/a><\/p>\n","protected":false},"featured_media":464,"comment_status":"open","ping_status":"closed","template":"","meta":[],"product_brand":[],"product_cat":[94,16],"product_tag":[],"class_list":{"0":"post-116","1":"product","2":"type-product","3":"status-publish","4":"has-post-thumbnail","6":"product_cat-prislus","7":"product_cat-ule","9":"first","10":"outofstock","11":"taxable","12":"shipping-taxable","13":"purchasable","14":"product-type-simple"},"jetpack_sharing_enabled":true,"_links":{"self":[{"href":"https:\/\/www.nedozery.sk\/vcelarstvo\/wp-json\/wp\/v2\/product\/116","targetHints":{"allow":["GET"]}}],"collection":[{"href":"https:\/\/www.nedozery.sk\/vcelarstvo\/wp-json\/wp\/v2\/product"}],"about":[{"href":"https:\/\/www.nedozery.sk\/vcelarstvo\/wp-json\/wp\/v2\/types\/product"}],"replies":[{"embeddable":true,"href":"https:\/\/www.nedozery.sk\/vcelarstvo\/wp-json\/wp\/v2\/comments?post=116"}],"version-history":[{"count":0,"href":"https:\/\/www.nedozery.sk\/vcelarstvo\/wp-json\/wp\/v2\/product\/116\/revisions"}],"wp:featuredmedia":[{"embeddable":true,"href":"https:\/\/www.nedozery.sk\/vcelarstvo\/wp-json\/wp\/v2\/media\/464"}],"wp:attachment":[{"href":"https:\/\/www.nedozery.sk\/vcelarstvo\/wp-json\/wp\/v2\/media?parent=116"}],"wp:term":[{"taxonomy":"product_brand","embeddable":true,"href":"https:\/\/www.nedozery.sk\/vcelarstvo\/wp-json\/wp\/v2\/product_brand?post=116"},{"taxonomy":"product_cat","embeddable":true,"href":"https:\/\/www.nedozery.sk\/vcelarstvo\/wp-json\/wp\/v2\/product_cat?post=116"},{"taxonomy":"product_tag","embeddable":true,"href":"https:\/\/www.nedozery.sk\/vcelarstvo\/wp-json\/wp\/v2\/product_tag?post=116"}],"curies":[{"name":"wp","href":"https:\/\/api.w.org\/{rel}","templated":true}]}}