{"id":1191,"date":"2022-03-22T08:38:57","date_gmt":"2022-03-22T07:38:57","guid":{"rendered":"https:\/\/www.nedozery.sk\/vcelarstvo\/?post_type=product&#038;p=1191"},"modified":"2023-10-27T14:31:39","modified_gmt":"2023-10-27T12:31:39","slug":"odvieckovacia-vidlicka-s-vodiacim-britom-siroka-nastavitelna-drevena-rukovat","status":"publish","type":"product","link":"https:\/\/www.nedozery.sk\/vcelarstvo\/produkt\/odvieckovacia-vidlicka-s-vodiacim-britom-siroka-nastavitelna-drevena-rukovat\/","title":{"rendered":"Odvie\u010dkovacia vidli\u010dka s vodiacim britom \u0161irok\u00e1, nastavite\u013en\u00e1, dreven\u00e1 rukov\u00e4\u0165"},"content":{"rendered":"<h2><b style=\"font-family: inherit; font-size: 15px; font-style: inherit; color: #58585a;\">\u0160irok\u00e1 nastavite\u013en\u00e1 odvie\u010dkovacia vidli\u010dka s vodiacim britom <\/b><span style=\"font-size: 15px; color: #58585a;\">je novinka medzi odvie\u010dkovac\u00edmi vidli\u010dkami. Laserom vyrez\u00e1van\u00e1 vidli\u010dka z nerezovej ocele m\u00e1 24 ihiel a vodiaci brit, ktor\u00fd u\u013eah\u010duje odvie\u010dkovanie pl\u00e1stov. Sklon ihiel je mo\u017en\u00e9 nastavi\u0165 pod\u013ea potreby. Laserom vyrez\u00e1van\u00e9 ihly sa vyzna\u010duj\u00fa v\u00e4\u010d\u0161ou pevnos\u0165ou, neoh\u00fdnaj\u00fa sa a nehroz\u00ed ich zlomenie. Vidli\u010dka s 26 ihlami bola navrhnut\u00e1 pre mo\u017enos\u0165 \u0161\u00edr\u0161ieho z\u00e1beru odvie\u010dkovania. Vidli\u010dka m\u00e1 dreven\u00fa rukov\u00e4\u0165 a 26 rovn\u00fdch nerezov\u00fdch ihiel so \u0161\u00edrkou z\u00e1beru 13 cm.\u00a0 Vidli\u010dka je nepostr\u00e1date\u013en\u00e1 v\u010del\u00e1rska pom\u00f4cka, ktor\u00e1 zaru\u010duje r\u00fdchlu a spo\u013eahliv\u00fa pr\u00e1cu pri odvie\u010dkovan\u00ed pl\u00e1stov.<\/span><\/h2>\n<div class=\"in-pane\">\n<div class=\"long-description\">\n<p>Rozmery (d x \u0161): 24,5 x 13<br \/>\nD\u013a\u017eka rukov\u00e4te: 155 mm<br \/>\nOrienta\u010dn\u00e1 hmotnos\u0165: 0,250 kg<\/p>\n<p><em>Produkt priamo od v\u00fdrobcu.<\/em><\/p>\n<\/div>\n<\/div>\n","protected":false},"excerpt":{"rendered":"<p>\u0160irok\u00e1 nastavite\u013en\u00e1 odvie\u010dkovacia vidli\u010dka s vodiacim britom je novinka medzi odvie\u010dkovac\u00edmi vidli\u010dkami. Laserom vyrez\u00e1van\u00e1 vidli\u010dka z nerezovej ocele m\u00e1 24 ihiel a vodiaci brit, ktor\u00fd u\u013eah\u010duje odvie\u010dkovanie pl\u00e1stov. Sklon ihiel je mo\u017en\u00e9 nastavi\u0165 pod\u013ea potreby. Laserom vyrez\u00e1van\u00e9 ihly sa vyzna\u010duj\u00fa v\u00e4\u010d\u0161ou pevnos\u0165ou, neoh\u00fdnaj\u00fa sa a nehroz\u00ed ich zlomenie. Vidli\u010dka s 26 ihlami bola navrhnut\u00e1 pre <a href=\"https:\/\/www.nedozery.sk\/vcelarstvo\/produkt\/odvieckovacia-vidlicka-s-vodiacim-britom-siroka-nastavitelna-drevena-rukovat\/\" class=\"read-more inline\">\u010c\u00edtaj \u010falej<\/a><\/p>\n","protected":false},"featured_media":1192,"comment_status":"open","ping_status":"closed","template":"","meta":[],"product_brand":[],"product_cat":[18],"product_tag":[],"class_list":{"0":"post-1191","1":"product","2":"type-product","3":"status-publish","4":"has-post-thumbnail","6":"product_cat-naradie","8":"first","9":"outofstock","10":"taxable","11":"shipping-taxable","12":"purchasable","13":"product-type-simple"},"jetpack_sharing_enabled":true,"_links":{"self":[{"href":"https:\/\/www.nedozery.sk\/vcelarstvo\/wp-json\/wp\/v2\/product\/1191","targetHints":{"allow":["GET"]}}],"collection":[{"href":"https:\/\/www.nedozery.sk\/vcelarstvo\/wp-json\/wp\/v2\/product"}],"about":[{"href":"https:\/\/www.nedozery.sk\/vcelarstvo\/wp-json\/wp\/v2\/types\/product"}],"replies":[{"embeddable":true,"href":"https:\/\/www.nedozery.sk\/vcelarstvo\/wp-json\/wp\/v2\/comments?post=1191"}],"version-history":[{"count":0,"href":"https:\/\/www.nedozery.sk\/vcelarstvo\/wp-json\/wp\/v2\/product\/1191\/revisions"}],"wp:featuredmedia":[{"embeddable":true,"href":"https:\/\/www.nedozery.sk\/vcelarstvo\/wp-json\/wp\/v2\/media\/1192"}],"wp:attachment":[{"href":"https:\/\/www.nedozery.sk\/vcelarstvo\/wp-json\/wp\/v2\/media?parent=1191"}],"wp:term":[{"taxonomy":"product_brand","embeddable":true,"href":"https:\/\/www.nedozery.sk\/vcelarstvo\/wp-json\/wp\/v2\/product_brand?post=1191"},{"taxonomy":"product_cat","embeddable":true,"href":"https:\/\/www.nedozery.sk\/vcelarstvo\/wp-json\/wp\/v2\/product_cat?post=1191"},{"taxonomy":"product_tag","embeddable":true,"href":"https:\/\/www.nedozery.sk\/vcelarstvo\/wp-json\/wp\/v2\/product_tag?post=1191"}],"curies":[{"name":"wp","href":"https:\/\/api.w.org\/{rel}","templated":true}]}}