{"id":1225,"date":"2022-04-06T21:30:23","date_gmt":"2022-04-06T19:30:23","guid":{"rendered":"https:\/\/www.nedozery.sk\/vcelarstvo\/?post_type=product&#038;p=1225"},"modified":"2025-04-08T10:35:28","modified_gmt":"2025-04-08T08:35:28","slug":"nozevit-50ml-2","status":"publish","type":"product","link":"https:\/\/www.nedozery.sk\/vcelarstvo\/produkt\/nozevit-50ml-2\/","title":{"rendered":"Nozevit+ 50ml"},"content":{"rendered":"<p>Nozevit+ 50ml predstavuje \u00faplne pr\u00edrodn\u00fd bylinn\u00fd produkt. Je \u00fa\u010dinn\u00fd v prevencii, ale aj v lie\u010den\u00ed u\u017e oslaben\u00fdch v\u010delstiev. \u0160pecifick\u00e9 znalosti od najsk\u00fasenej\u0161\u00edch v\u010del\u00e1rov doplnen\u00e9 o modern\u00e9 vedeck\u00e9 poznatky z v\u00fdskumu prebiehaj\u00facom cel\u00fd rad rokov umo\u017enili vylep\u0161i\u0165 tradi\u010dn\u00fa recept\u00faru v\u00fdrobku Nozevit. Nov\u00e1 recept\u00fara ??obsahuje rovnak\u00e9 \u00fa\u010dinn\u00e9 l\u00e1tky (rastlinn\u00e9 polyfenoly) ako Nozevit doplnen\u00fd o vitam\u00edny, esenci\u00e1lne oleje a kyselinu citr\u00f3nov\u00fa.<\/p>\n<p>V\u00fdhody:<br \/>\n&#8211; Iba pr\u00edrodn\u00e9 zlo\u017eky<br \/>\n&#8211; Nezanech\u00e1va \u017eiadne zvy\u0161ky v mede alebo vo vosku<br \/>\n&#8211; Vhodn\u00e9 pre ekologick\u00e9 v\u010del\u00e1rstvo<br \/>\n&#8211; \u00da\u010dinn\u00e9 ako prevent\u00edvna met\u00f3da a pre lie\u010dbu slab\u00fdch rod\u00edn<br \/>\n&#8211; Nozevit + je neust\u00e1le klinicky a prakticky testovan\u00fd<br \/>\n&#8211; Jednoduch\u00e1 aplik\u00e1cia<\/p>\n<p>V\u00fdhody \u010fal\u0161\u00edch zlo\u017eiek:<br \/>\n&#8211; Vitam\u00edny s\u00fa nevyhnutn\u00e9 \u017eiviny, ktor\u00e9 robia v\u010dely silnej\u0161\u00edmi \u010do zvy\u0161uje produktivitu v\u010delstva<br \/>\n&#8211; Esenci\u00e1lne oleje zlep\u0161uj\u00fa odolnos\u0165 v\u010diel<br \/>\n&#8211; Kyselina citr\u00f3nov\u00e1 je slab\u00e1 organick\u00e1 kyselina, ktor\u00e1 stabilizuje \u010drevn\u00fa pH a zlep\u0161uje tr\u00e1venie, preto pom\u00e1ha v\u010del\u00e1m sa r\u00fdchlej\u0161ie regenerova\u0165<\/p>\n<p>D\u00e1vkovanie a sp\u00f4sob pou\u017eitia:<br \/>\nMno\u017estvo 1ml (20 kvapiek) sa pod\u00e1va ka\u017ed\u00e9mu v\u010delstvu jedn\u00fdm z nasledovn\u00fdch sp\u00f4sobov:<\/p>\n<p>V cukrovom sirupe: do 200 ml cukrov\u00e9ho sirupu (v pomere 1:1) prida\u0165 1 ml Novozelitu+<br \/>\nV medovo-cukrovej placke (mase): do 500 g placky prida\u0165 1 ml Novozelitu+. Je vhodn\u00e9, aby cukrov\u00e1 masa obsahovala aj n\u00e1hradu pe\u013eu.<br \/>\nPostrekovo: do 200 ml cukrov\u00e9ho sirupu prida\u0165 1 ml Novozelitu+ a t\u00fdmto roztokom urobi\u0165 postrek v \u00fali (r\u00e1mikov a medzipl\u00e1stov\u00fdch cesti\u010diek)<br \/>\nBez oh\u013eadu na sp\u00f4sob aplik\u00e1cie (v sirupe, placke alebo postrekom) sa Novozelit v\u010del\u00e1m pod\u00e1va dva kr\u00e1t v jarnom obdob\u00ed a dva kr\u00e1t za\u010diatkom jesene. Odpor\u00fa\u010da sa necha\u0165 10 d\u0148ov\u00fd odstup medzi lie\u010deniami.<\/p>\n<p>Sp\u00f4sob skladovania: na chladom a tmavom mieste, po otvoren\u00ed uchova\u0165 v chladni\u010dke pri teplote 2-5\u00b0C.<\/p>\n","protected":false},"excerpt":{"rendered":"<p>Nozevit+ 50ml predstavuje \u00faplne pr\u00edrodn\u00fd bylinn\u00fd produkt. Je \u00fa\u010dinn\u00fd v prevencii, ale aj v lie\u010den\u00ed u\u017e oslaben\u00fdch v\u010delstiev. \u0160pecifick\u00e9 znalosti od najsk\u00fasenej\u0161\u00edch v\u010del\u00e1rov doplnen\u00e9 o modern\u00e9 vedeck\u00e9 poznatky z v\u00fdskumu prebiehaj\u00facom cel\u00fd rad rokov umo\u017enili vylep\u0161i\u0165 tradi\u010dn\u00fa recept\u00faru v\u00fdrobku Nozevit. Nov\u00e1 recept\u00fara ??obsahuje rovnak\u00e9 \u00fa\u010dinn\u00e9 l\u00e1tky (rastlinn\u00e9 polyfenoly) ako Nozevit doplnen\u00fd o vitam\u00edny, esenci\u00e1lne oleje <a href=\"https:\/\/www.nedozery.sk\/vcelarstvo\/produkt\/nozevit-50ml-2\/\" class=\"read-more inline\">\u010c\u00edtaj \u010falej<\/a><\/p>\n","protected":false},"featured_media":1227,"comment_status":"open","ping_status":"closed","template":"","meta":[],"product_brand":[],"product_cat":[20,72],"product_tag":[],"class_list":{"0":"post-1225","1":"product","2":"type-product","3":"status-publish","4":"has-post-thumbnail","6":"product_cat-lieciva","7":"product_cat-nosema","9":"first","10":"instock","11":"taxable","12":"shipping-taxable","13":"purchasable","14":"product-type-simple"},"jetpack_sharing_enabled":true,"_links":{"self":[{"href":"https:\/\/www.nedozery.sk\/vcelarstvo\/wp-json\/wp\/v2\/product\/1225","targetHints":{"allow":["GET"]}}],"collection":[{"href":"https:\/\/www.nedozery.sk\/vcelarstvo\/wp-json\/wp\/v2\/product"}],"about":[{"href":"https:\/\/www.nedozery.sk\/vcelarstvo\/wp-json\/wp\/v2\/types\/product"}],"replies":[{"embeddable":true,"href":"https:\/\/www.nedozery.sk\/vcelarstvo\/wp-json\/wp\/v2\/comments?post=1225"}],"version-history":[{"count":0,"href":"https:\/\/www.nedozery.sk\/vcelarstvo\/wp-json\/wp\/v2\/product\/1225\/revisions"}],"wp:featuredmedia":[{"embeddable":true,"href":"https:\/\/www.nedozery.sk\/vcelarstvo\/wp-json\/wp\/v2\/media\/1227"}],"wp:attachment":[{"href":"https:\/\/www.nedozery.sk\/vcelarstvo\/wp-json\/wp\/v2\/media?parent=1225"}],"wp:term":[{"taxonomy":"product_brand","embeddable":true,"href":"https:\/\/www.nedozery.sk\/vcelarstvo\/wp-json\/wp\/v2\/product_brand?post=1225"},{"taxonomy":"product_cat","embeddable":true,"href":"https:\/\/www.nedozery.sk\/vcelarstvo\/wp-json\/wp\/v2\/product_cat?post=1225"},{"taxonomy":"product_tag","embeddable":true,"href":"https:\/\/www.nedozery.sk\/vcelarstvo\/wp-json\/wp\/v2\/product_tag?post=1225"}],"curies":[{"name":"wp","href":"https:\/\/api.w.org\/{rel}","templated":true}]}}