{"id":1232,"date":"2022-04-06T21:48:19","date_gmt":"2022-04-06T19:48:19","guid":{"rendered":"https:\/\/www.nedozery.sk\/vcelarstvo\/?post_type=product&#038;p=1232"},"modified":"2024-01-13T15:34:47","modified_gmt":"2024-01-13T14:34:47","slug":"bisanar-na-podporu-a-prevenciu-liecby-varroazy-2ml","status":"publish","type":"product","link":"https:\/\/www.nedozery.sk\/vcelarstvo\/produkt\/bisanar-na-podporu-a-prevenciu-liecby-varroazy-2ml\/","title":{"rendered":"BISANAR na podporu a prevenciu lie\u010dby VARRO\u00c1ZY, 2ml"},"content":{"rendered":"<p>BISANAR 2ml je ekologick\u00fd veterin\u00e1rny pr\u00edpravok na podporu a prevenciu lie\u010dby VARRO\u00c1ZY v\u010diel. Svojimi vlastnos\u0165ami podporuje prirodzen\u00fa obranyschopnos\u0165 v\u010delstiev. Pr\u00edpravok je pre v\u010dely netoxick\u00fd a nehromad\u00ed sa vo v\u010del\u00edch produktoch.<\/p>\n<p>Zlo\u017eenie:<br \/>\nHomog\u00e9nna tekutina (2ml) svetlo\u017eltej a\u017e tmavo\u017eltej farby. Obsahuje tymol, koriandrov\u00fd olej, jed\u013eov\u00fd olej.<\/p>\n<p>Pou\u017eitie:<br \/>\nVeterin\u00e1rny pr\u00edpravok s v\u00f4\u0148ou nepr\u00edjemnou pre rozto\u010de a parazity, efekt\u00edvne zamedzuje v\u00fdvoju varro\u00e1zy v\u010diel. Nesp\u00f4sobuje vznik rezistentn\u00fdch popul\u00e1ci\u00ed klie\u0161tika.<br \/>\n1 ml pr\u00edpravku rozpustite v 1 litri teplej vody (35-40\u00b0C) (alebo 2 ml pr\u00edpravku v 2 litroch teplej vody (35-40\u00b0C)), starostlivo premie\u0161ajte, spotrebujte v priebehu jedn\u00e9ho pracovn\u00e9ho d\u0148a. Pripraven\u00fd roztok naberte do strieka\u010dky a tenk\u00fdm pr\u00fadom aplikujte vo v\u010delstve medzi r\u00e1miky v mno\u017estve 10 ml na jednu uli\u010dku. O\u0161etrenie vykonajte 2-3 kr\u00e1t s odstupom 7 dn\u00ed v prvej polovici d\u0148a, v teplom po\u010das\u00ed, kedy teplota vzduchu neklesne pod 10\u00b0C.<\/p>\n<p>Upozornenie:<br \/>\nMed vyto\u010den\u00fd z prelie\u010den\u00fdch v\u010delstiev je pou\u017eite\u013en\u00fd na be\u017en\u00fa konzum\u00e1ciu.<br \/>\nNepou\u017e\u00edvajte pr\u00edpravok min. 14 dn\u00ed pred alebo v \u010dase hlavnej zn\u00e1\u0161ky.<br \/>\nNepo\u017e\u00edvajte spolu s in\u00fdmi veterin\u00e1rnymi pr\u00edpravkami a liekmi.<br \/>\nPri n\u00e1hodnom kontakte s ko\u017eou, sliznicami o\u010d\u00ed, alebo pri alergick\u00fdch prejavoch je potrebn\u00e9 ko\u017eu alebo o\u010di premy\u0165 vodou a vyh\u013eada\u0165 lek\u00e1ra (majte pri sebe etiketu).<\/p>\n<p>Sp\u00f4sob uschov\u00e1vania:<br \/>\nUchov\u00e1vajte na suchom tmavom mieste, nedostupnom zvierat\u00e1m, oddelenom od potrav\u00edn a krm\u00edv, pri teplote 0 \u2013 25\u00b0C. Uchov\u00e1vajte mimo doh\u013eadu a dosahu det\u00ed.<\/p>\n<p>Doba spotreby:<br \/>\n3 roky odo d\u0148a v\u00fdroby. Vi\u010f na obale.<\/p>\n<p>Obsah balenia:<br \/>\n2 ml pr\u00edpravku v sklenenej ampulke, hermeticky uzatvoren\u00e9.<\/p>\n","protected":false},"excerpt":{"rendered":"<p>BISANAR 2ml je ekologick\u00fd veterin\u00e1rny pr\u00edpravok na podporu a prevenciu lie\u010dby VARRO\u00c1ZY v\u010diel. Svojimi vlastnos\u0165ami podporuje prirodzen\u00fa obranyschopnos\u0165 v\u010delstiev. Pr\u00edpravok je pre v\u010dely netoxick\u00fd a nehromad\u00ed sa vo v\u010del\u00edch produktoch. Zlo\u017eenie: Homog\u00e9nna tekutina (2ml) svetlo\u017eltej a\u017e tmavo\u017eltej farby. Obsahuje tymol, koriandrov\u00fd olej, jed\u013eov\u00fd olej. Pou\u017eitie: Veterin\u00e1rny pr\u00edpravok s v\u00f4\u0148ou nepr\u00edjemnou pre rozto\u010de a parazity, efekt\u00edvne <a href=\"https:\/\/www.nedozery.sk\/vcelarstvo\/produkt\/bisanar-na-podporu-a-prevenciu-liecby-varroazy-2ml\/\" class=\"read-more inline\">\u010c\u00edtaj \u010falej<\/a><\/p>\n","protected":false},"featured_media":1231,"comment_status":"open","ping_status":"closed","template":"","meta":[],"product_brand":[],"product_cat":[20,73],"product_tag":[],"class_list":{"0":"post-1232","1":"product","2":"type-product","3":"status-publish","4":"has-post-thumbnail","6":"product_cat-lieciva","7":"product_cat-varroa","9":"first","10":"outofstock","11":"taxable","12":"shipping-taxable","13":"purchasable","14":"product-type-simple"},"jetpack_sharing_enabled":true,"_links":{"self":[{"href":"https:\/\/www.nedozery.sk\/vcelarstvo\/wp-json\/wp\/v2\/product\/1232","targetHints":{"allow":["GET"]}}],"collection":[{"href":"https:\/\/www.nedozery.sk\/vcelarstvo\/wp-json\/wp\/v2\/product"}],"about":[{"href":"https:\/\/www.nedozery.sk\/vcelarstvo\/wp-json\/wp\/v2\/types\/product"}],"replies":[{"embeddable":true,"href":"https:\/\/www.nedozery.sk\/vcelarstvo\/wp-json\/wp\/v2\/comments?post=1232"}],"version-history":[{"count":0,"href":"https:\/\/www.nedozery.sk\/vcelarstvo\/wp-json\/wp\/v2\/product\/1232\/revisions"}],"wp:featuredmedia":[{"embeddable":true,"href":"https:\/\/www.nedozery.sk\/vcelarstvo\/wp-json\/wp\/v2\/media\/1231"}],"wp:attachment":[{"href":"https:\/\/www.nedozery.sk\/vcelarstvo\/wp-json\/wp\/v2\/media?parent=1232"}],"wp:term":[{"taxonomy":"product_brand","embeddable":true,"href":"https:\/\/www.nedozery.sk\/vcelarstvo\/wp-json\/wp\/v2\/product_brand?post=1232"},{"taxonomy":"product_cat","embeddable":true,"href":"https:\/\/www.nedozery.sk\/vcelarstvo\/wp-json\/wp\/v2\/product_cat?post=1232"},{"taxonomy":"product_tag","embeddable":true,"href":"https:\/\/www.nedozery.sk\/vcelarstvo\/wp-json\/wp\/v2\/product_tag?post=1232"}],"curies":[{"name":"wp","href":"https:\/\/api.w.org\/{rel}","templated":true}]}}