{"id":1266,"date":"2022-04-21T21:27:54","date_gmt":"2022-04-21T19:27:54","guid":{"rendered":"https:\/\/www.nedozery.sk\/vcelarstvo\/?post_type=product&#038;p=1266"},"modified":"2023-10-27T14:31:41","modified_gmt":"2023-10-27T12:31:41","slug":"metlicka-s-prirodnym-vlasom-2-radova-dlha-drevena-rucka-bee","status":"publish","type":"product","link":"https:\/\/www.nedozery.sk\/vcelarstvo\/produkt\/metlicka-s-prirodnym-vlasom-2-radova-dlha-drevena-rucka-bee\/","title":{"rendered":"Metli\u010dka s pr\u00edrodn\u00fdm vlasom 2-radov\u00e1 dlh\u00e1, dreven\u00e1 r\u00fa\u010dka, BEE"},"content":{"rendered":"<p>Pre ru\u010dn\u00e9 ometanie v\u010diel pon\u00fakame dlh\u00fa dvojradov\u00fa metli\u010dku BEE s pr\u00edrodn\u00fdm vlasom a drevenou rukov\u00e4\u0165ou. V\u010faka kvalitn\u00e9mu spracovaniu je vhodn\u00fd k jemn\u00e9mu a oh\u013eadupln\u00e9mu ometaniu v\u010diel z pl\u00e1stov. Plastov\u00fd zmet\u00e1\u010dik m\u00e1 kvalitn\u00e9 hebk\u00e9 \u0161tetiny, ktor\u00e9 neubl\u00ed\u017eia v\u010del\u00e1m ani pl\u00e1stom s medom.<\/p>\n<p>D\u013a\u017eka radu vlasov: 25 cm<br \/>\nRozmery (d x \u0161): 45 x 7 cm<br \/>\nOrienta\u010dn\u00e1 hmotnos\u0165: 0,150 kg<\/p>\n","protected":false},"excerpt":{"rendered":"<p>Pre ru\u010dn\u00e9 ometanie v\u010diel pon\u00fakame dlh\u00fa dvojradov\u00fa metli\u010dku BEE s pr\u00edrodn\u00fdm vlasom a drevenou rukov\u00e4\u0165ou. V\u010faka kvalitn\u00e9mu spracovaniu je vhodn\u00fd k jemn\u00e9mu a oh\u013eadupln\u00e9mu ometaniu v\u010diel z pl\u00e1stov. Plastov\u00fd zmet\u00e1\u010dik m\u00e1 kvalitn\u00e9 hebk\u00e9 \u0161tetiny, ktor\u00e9 neubl\u00ed\u017eia v\u010del\u00e1m ani pl\u00e1stom s medom. D\u013a\u017eka radu vlasov: 25 cm Rozmery (d x \u0161): 45 x 7 cm Orienta\u010dn\u00e1 <a href=\"https:\/\/www.nedozery.sk\/vcelarstvo\/produkt\/metlicka-s-prirodnym-vlasom-2-radova-dlha-drevena-rucka-bee\/\" class=\"read-more inline\">\u010c\u00edtaj \u010falej<\/a><\/p>\n","protected":false},"featured_media":1267,"comment_status":"open","ping_status":"closed","template":"","meta":[],"product_brand":[],"product_cat":[18],"product_tag":[],"class_list":{"0":"post-1266","1":"product","2":"type-product","3":"status-publish","4":"has-post-thumbnail","6":"product_cat-naradie","8":"first","9":"outofstock","10":"taxable","11":"shipping-taxable","12":"purchasable","13":"product-type-simple"},"jetpack_sharing_enabled":true,"_links":{"self":[{"href":"https:\/\/www.nedozery.sk\/vcelarstvo\/wp-json\/wp\/v2\/product\/1266","targetHints":{"allow":["GET"]}}],"collection":[{"href":"https:\/\/www.nedozery.sk\/vcelarstvo\/wp-json\/wp\/v2\/product"}],"about":[{"href":"https:\/\/www.nedozery.sk\/vcelarstvo\/wp-json\/wp\/v2\/types\/product"}],"replies":[{"embeddable":true,"href":"https:\/\/www.nedozery.sk\/vcelarstvo\/wp-json\/wp\/v2\/comments?post=1266"}],"version-history":[{"count":0,"href":"https:\/\/www.nedozery.sk\/vcelarstvo\/wp-json\/wp\/v2\/product\/1266\/revisions"}],"wp:featuredmedia":[{"embeddable":true,"href":"https:\/\/www.nedozery.sk\/vcelarstvo\/wp-json\/wp\/v2\/media\/1267"}],"wp:attachment":[{"href":"https:\/\/www.nedozery.sk\/vcelarstvo\/wp-json\/wp\/v2\/media?parent=1266"}],"wp:term":[{"taxonomy":"product_brand","embeddable":true,"href":"https:\/\/www.nedozery.sk\/vcelarstvo\/wp-json\/wp\/v2\/product_brand?post=1266"},{"taxonomy":"product_cat","embeddable":true,"href":"https:\/\/www.nedozery.sk\/vcelarstvo\/wp-json\/wp\/v2\/product_cat?post=1266"},{"taxonomy":"product_tag","embeddable":true,"href":"https:\/\/www.nedozery.sk\/vcelarstvo\/wp-json\/wp\/v2\/product_tag?post=1266"}],"curies":[{"name":"wp","href":"https:\/\/api.w.org\/{rel}","templated":true}]}}