{"id":1268,"date":"2022-04-21T21:32:07","date_gmt":"2022-04-21T19:32:07","guid":{"rendered":"https:\/\/www.nedozery.sk\/vcelarstvo\/?post_type=product&#038;p=1268"},"modified":"2024-02-27T10:54:53","modified_gmt":"2024-02-27T09:54:53","slug":"pohar-na-med-nizky-330ml-sklo","status":"publish","type":"product","link":"https:\/\/www.nedozery.sk\/vcelarstvo\/produkt\/pohar-na-med-nizky-330ml-sklo\/","title":{"rendered":"Poh\u00e1r na med n\u00edzky 330ml, sklo &#8211; (Len osobn\u00fd odber !)"},"content":{"rendered":"<p>N\u00edzky sklenen\u00fd poh\u00e1r s objemom 330ml a z\u00e1vitov\u00fdm uz\u00e1verom TO82 na 500g medu. Na poh\u00e1r je vhodn\u00e9 vie\u010dko s priemerom 82 mm. Uveden\u00e1 cena je za poh\u00e1r bez vie\u010dka.<\/p>\n<p>POZN\u00c1MKA: Sklenen\u00e9 poh\u00e1re posielame prepravnou spolo\u010dnos\u0165ou, alebo pri odbere celej palety dodanie zabezpe\u010dujeme vlastnou dopravou zdarma. Poh\u00e1re posielame na palete.<\/p>\n<p>Rozmery (v\u00fd\u0161ka x priemer): 7,5 x 8,5 cm<br \/>\nOrienta\u010dn\u00e1 hmotnos\u0165: 0,170 kg<\/p>\n","protected":false},"excerpt":{"rendered":"<p>N\u00edzky sklenen\u00fd poh\u00e1r s objemom 330ml a z\u00e1vitov\u00fdm uz\u00e1verom TO82 na 500g medu. Na poh\u00e1r je vhodn\u00e9 vie\u010dko s priemerom 82 mm. Uveden\u00e1 cena je za poh\u00e1r bez vie\u010dka. POZN\u00c1MKA: Sklenen\u00e9 poh\u00e1re posielame prepravnou spolo\u010dnos\u0165ou, alebo pri odbere celej palety dodanie zabezpe\u010dujeme vlastnou dopravou zdarma. Poh\u00e1re posielame na palete. Rozmery (v\u00fd\u0161ka x priemer): 7,5 x <a href=\"https:\/\/www.nedozery.sk\/vcelarstvo\/produkt\/pohar-na-med-nizky-330ml-sklo\/\" class=\"read-more inline\">\u010c\u00edtaj \u010falej<\/a><\/p>\n","protected":false},"featured_media":1270,"comment_status":"open","ping_status":"closed","template":"","meta":[],"product_brand":[],"product_cat":[17,77],"product_tag":[],"class_list":{"0":"post-1268","1":"product","2":"type-product","3":"status-publish","4":"has-post-thumbnail","6":"product_cat-obaly","7":"product_cat-pohare","9":"first","10":"outofstock","11":"taxable","12":"shipping-taxable","13":"purchasable","14":"product-type-simple"},"jetpack_sharing_enabled":true,"_links":{"self":[{"href":"https:\/\/www.nedozery.sk\/vcelarstvo\/wp-json\/wp\/v2\/product\/1268","targetHints":{"allow":["GET"]}}],"collection":[{"href":"https:\/\/www.nedozery.sk\/vcelarstvo\/wp-json\/wp\/v2\/product"}],"about":[{"href":"https:\/\/www.nedozery.sk\/vcelarstvo\/wp-json\/wp\/v2\/types\/product"}],"replies":[{"embeddable":true,"href":"https:\/\/www.nedozery.sk\/vcelarstvo\/wp-json\/wp\/v2\/comments?post=1268"}],"version-history":[{"count":0,"href":"https:\/\/www.nedozery.sk\/vcelarstvo\/wp-json\/wp\/v2\/product\/1268\/revisions"}],"wp:featuredmedia":[{"embeddable":true,"href":"https:\/\/www.nedozery.sk\/vcelarstvo\/wp-json\/wp\/v2\/media\/1270"}],"wp:attachment":[{"href":"https:\/\/www.nedozery.sk\/vcelarstvo\/wp-json\/wp\/v2\/media?parent=1268"}],"wp:term":[{"taxonomy":"product_brand","embeddable":true,"href":"https:\/\/www.nedozery.sk\/vcelarstvo\/wp-json\/wp\/v2\/product_brand?post=1268"},{"taxonomy":"product_cat","embeddable":true,"href":"https:\/\/www.nedozery.sk\/vcelarstvo\/wp-json\/wp\/v2\/product_cat?post=1268"},{"taxonomy":"product_tag","embeddable":true,"href":"https:\/\/www.nedozery.sk\/vcelarstvo\/wp-json\/wp\/v2\/product_tag?post=1268"}],"curies":[{"name":"wp","href":"https:\/\/api.w.org\/{rel}","templated":true}]}}