{"id":1283,"date":"2022-04-29T21:40:24","date_gmt":"2022-04-29T19:40:24","guid":{"rendered":"https:\/\/www.nedozery.sk\/vcelarstvo\/?post_type=product&#038;p=1283"},"modified":"2024-09-23T20:37:32","modified_gmt":"2024-09-23T18:37:32","slug":"nahradny-mech-dymaka-bee-kozeny","status":"publish","type":"product","link":"https:\/\/www.nedozery.sk\/vcelarstvo\/produkt\/nahradny-mech-dymaka-bee-kozeny\/","title":{"rendered":"N\u00e1hradn\u00fd mech dym\u00e1ka BEE, ko\u017een\u00fd"},"content":{"rendered":"<p>N\u00e1hradn\u00fd mech BEE k dym\u00e1ku je vyroben\u00fd z ko\u017ee a hod\u00ed sa pre ve\u013ek\u00e9 dym\u00e1ky ako pre nerezov\u00fa variantu, tak aj pre poc\u00ednovan\u00fa. V\u00fdmena je ve\u013emi jednoduch\u00e1, sta\u010d\u00ed premontova\u0165 skrutky, pr\u00edpadne si prisp\u00f4sobi\u0165 uchytenie.<\/p>\n<p>Rozmer: 185 x 115 x 35 mm<br \/>\nOrienta\u010dn\u00e1 hmotnos\u0165: 0,270 kg<\/p>\n","protected":false},"excerpt":{"rendered":"<p>N\u00e1hradn\u00fd mech BEE k dym\u00e1ku je vyroben\u00fd z ko\u017ee a hod\u00ed sa pre ve\u013ek\u00e9 dym\u00e1ky ako pre nerezov\u00fa variantu, tak aj pre poc\u00ednovan\u00fa. V\u00fdmena je ve\u013emi jednoduch\u00e1, sta\u010d\u00ed premontova\u0165 skrutky, pr\u00edpadne si prisp\u00f4sobi\u0165 uchytenie. Rozmer: 185 x 115 x 35 mm Orienta\u010dn\u00e1 hmotnos\u0165: 0,270 kg<\/p>\n","protected":false},"featured_media":1286,"comment_status":"open","ping_status":"closed","template":"","meta":[],"product_brand":[],"product_cat":[18],"product_tag":[],"class_list":{"0":"post-1283","1":"product","2":"type-product","3":"status-publish","4":"has-post-thumbnail","6":"product_cat-naradie","8":"first","9":"instock","10":"taxable","11":"shipping-taxable","12":"purchasable","13":"product-type-simple"},"jetpack_sharing_enabled":true,"_links":{"self":[{"href":"https:\/\/www.nedozery.sk\/vcelarstvo\/wp-json\/wp\/v2\/product\/1283","targetHints":{"allow":["GET"]}}],"collection":[{"href":"https:\/\/www.nedozery.sk\/vcelarstvo\/wp-json\/wp\/v2\/product"}],"about":[{"href":"https:\/\/www.nedozery.sk\/vcelarstvo\/wp-json\/wp\/v2\/types\/product"}],"replies":[{"embeddable":true,"href":"https:\/\/www.nedozery.sk\/vcelarstvo\/wp-json\/wp\/v2\/comments?post=1283"}],"version-history":[{"count":0,"href":"https:\/\/www.nedozery.sk\/vcelarstvo\/wp-json\/wp\/v2\/product\/1283\/revisions"}],"wp:featuredmedia":[{"embeddable":true,"href":"https:\/\/www.nedozery.sk\/vcelarstvo\/wp-json\/wp\/v2\/media\/1286"}],"wp:attachment":[{"href":"https:\/\/www.nedozery.sk\/vcelarstvo\/wp-json\/wp\/v2\/media?parent=1283"}],"wp:term":[{"taxonomy":"product_brand","embeddable":true,"href":"https:\/\/www.nedozery.sk\/vcelarstvo\/wp-json\/wp\/v2\/product_brand?post=1283"},{"taxonomy":"product_cat","embeddable":true,"href":"https:\/\/www.nedozery.sk\/vcelarstvo\/wp-json\/wp\/v2\/product_cat?post=1283"},{"taxonomy":"product_tag","embeddable":true,"href":"https:\/\/www.nedozery.sk\/vcelarstvo\/wp-json\/wp\/v2\/product_tag?post=1283"}],"curies":[{"name":"wp","href":"https:\/\/api.w.org\/{rel}","templated":true}]}}