{"id":1290,"date":"2022-04-29T21:54:14","date_gmt":"2022-04-29T19:54:14","guid":{"rendered":"https:\/\/www.nedozery.sk\/vcelarstvo\/?post_type=product&#038;p=1290"},"modified":"2023-10-27T14:31:42","modified_gmt":"2023-10-27T12:31:42","slug":"metlicka-s-prirodnym-vlasom-4-radova-dlha-drevena-rucka-bee","status":"publish","type":"product","link":"https:\/\/www.nedozery.sk\/vcelarstvo\/produkt\/metlicka-s-prirodnym-vlasom-4-radova-dlha-drevena-rucka-bee\/","title":{"rendered":"Metli\u010dka s pr\u00edrodn\u00fdm vlasom 4-radov\u00e1 dlh\u00e1, dreven\u00e1 r\u00fa\u010dka, BEE"},"content":{"rendered":"<p>Pre ru\u010dn\u00e9 ometanie v\u010diel pon\u00fakame \u0161tvorradov\u00fa dlh\u00fa metli\u010dku s pr\u00edrodn\u00fdm vlasom a drevenou rukov\u00e4\u0165ou. V\u010faka kvalitn\u00e9mu spracovaniu je vhodn\u00e1 k jemn\u00e9mu a oh\u013eadupln\u00e9mu ometaniu v\u010diel z pl\u00e1stov. Dreven\u00fd zmet\u00e1\u010dik m\u00e1 kvalitn\u00e9 pr\u00edrodn\u00e9 hebk\u00e9 vl\u00e1kna, ktor\u00e9 neubl\u00ed\u017eia v\u010del\u00e1m ani pl\u00e1stom s medom.<\/p>\n<p>D\u013a\u017eka radu vlasov: 21 x 6 cm<br \/>\nRozmery (d x \u0161): 40 x 8 cm<br \/>\nOrienta\u010dn\u00e1 hmotnos\u0165: 0,100 kg<\/p>\n","protected":false},"excerpt":{"rendered":"<p>Pre ru\u010dn\u00e9 ometanie v\u010diel pon\u00fakame \u0161tvorradov\u00fa dlh\u00fa metli\u010dku s pr\u00edrodn\u00fdm vlasom a drevenou rukov\u00e4\u0165ou. V\u010faka kvalitn\u00e9mu spracovaniu je vhodn\u00e1 k jemn\u00e9mu a oh\u013eadupln\u00e9mu ometaniu v\u010diel z pl\u00e1stov. Dreven\u00fd zmet\u00e1\u010dik m\u00e1 kvalitn\u00e9 pr\u00edrodn\u00e9 hebk\u00e9 vl\u00e1kna, ktor\u00e9 neubl\u00ed\u017eia v\u010del\u00e1m ani pl\u00e1stom s medom. D\u013a\u017eka radu vlasov: 21 x 6 cm Rozmery (d x \u0161): 40 x 8 <a href=\"https:\/\/www.nedozery.sk\/vcelarstvo\/produkt\/metlicka-s-prirodnym-vlasom-4-radova-dlha-drevena-rucka-bee\/\" class=\"read-more inline\">\u010c\u00edtaj \u010falej<\/a><\/p>\n","protected":false},"featured_media":1291,"comment_status":"open","ping_status":"closed","template":"","meta":[],"product_brand":[],"product_cat":[18],"product_tag":[],"class_list":{"0":"post-1290","1":"product","2":"type-product","3":"status-publish","4":"has-post-thumbnail","6":"product_cat-naradie","8":"first","9":"outofstock","10":"taxable","11":"shipping-taxable","12":"purchasable","13":"product-type-simple"},"jetpack_sharing_enabled":true,"_links":{"self":[{"href":"https:\/\/www.nedozery.sk\/vcelarstvo\/wp-json\/wp\/v2\/product\/1290","targetHints":{"allow":["GET"]}}],"collection":[{"href":"https:\/\/www.nedozery.sk\/vcelarstvo\/wp-json\/wp\/v2\/product"}],"about":[{"href":"https:\/\/www.nedozery.sk\/vcelarstvo\/wp-json\/wp\/v2\/types\/product"}],"replies":[{"embeddable":true,"href":"https:\/\/www.nedozery.sk\/vcelarstvo\/wp-json\/wp\/v2\/comments?post=1290"}],"version-history":[{"count":0,"href":"https:\/\/www.nedozery.sk\/vcelarstvo\/wp-json\/wp\/v2\/product\/1290\/revisions"}],"wp:featuredmedia":[{"embeddable":true,"href":"https:\/\/www.nedozery.sk\/vcelarstvo\/wp-json\/wp\/v2\/media\/1291"}],"wp:attachment":[{"href":"https:\/\/www.nedozery.sk\/vcelarstvo\/wp-json\/wp\/v2\/media?parent=1290"}],"wp:term":[{"taxonomy":"product_brand","embeddable":true,"href":"https:\/\/www.nedozery.sk\/vcelarstvo\/wp-json\/wp\/v2\/product_brand?post=1290"},{"taxonomy":"product_cat","embeddable":true,"href":"https:\/\/www.nedozery.sk\/vcelarstvo\/wp-json\/wp\/v2\/product_cat?post=1290"},{"taxonomy":"product_tag","embeddable":true,"href":"https:\/\/www.nedozery.sk\/vcelarstvo\/wp-json\/wp\/v2\/product_tag?post=1290"}],"curies":[{"name":"wp","href":"https:\/\/api.w.org\/{rel}","templated":true}]}}