{"id":136,"date":"2021-10-24T14:07:11","date_gmt":"2021-10-24T12:07:11","guid":{"rendered":"https:\/\/www.nedozery.sk\/vcelarstvo\/?product=produkt-42"},"modified":"2025-06-17T10:55:26","modified_gmt":"2025-06-17T08:55:26","slug":"produkt-42","status":"publish","type":"product","link":"https:\/\/www.nedozery.sk\/vcelarstvo\/produkt\/produkt-42\/","title":{"rendered":"Krm\u00edtko let\u00e1\u010dov\u00e9 na PET f\u013ea\u0161e, BEE"},"content":{"rendered":"<h2>Krm\u00edtko let\u00e1\u010dov\u00e9 na PET f\u013ea\u0161e, BEE<\/h2>\n<div class=\"in-pane\">\n<div class=\"long-description\">\n<p>Plastov\u00e9\u00a0<strong>let\u00e1\u010dov\u00e9 krm\u00edtko BEE na PET f\u013ea\u0161e<\/strong>\u00a0zjednodu\u0161uje v\u010del\u00e1m nosenie vody do \u00fa\u013ea. Nemusia chodi\u0165 \u010faleko po vodu, ale hlavne si je v\u010del\u00e1r ist\u00fd t\u00fdm, ak\u00fa vodu z\u00edskavaj\u00fa. V\u010dely vodu potrebuj\u00fa a \u010dasto sa st\u00e1va, \u017ee si n\u00e1jdu nevhodn\u00e9 zdroje vody. T\u00fdmto sp\u00f4sobom v\u010del\u00e1r zaru\u010d\u00ed pr\u00edsun \u010distej vody.<\/p>\n<p>Koniec nap\u00e1jadla sa jednoducho zasunie priamo do let\u00e1\u010da a do otvoru obr\u00e1time a prikr\u00fatime pet f\u013ea\u0161u s pr\u00edslu\u0161n\u00fdm priemerom .<\/p>\n<p>Rozmery (d x \u0161): 16 x 7,5 cm<\/p>\n<\/div>\n<\/div>\n","protected":false},"excerpt":{"rendered":"<p>Krm\u00edtko let\u00e1\u010dov\u00e9 na PET f\u013ea\u0161e, BEE Plastov\u00e9\u00a0let\u00e1\u010dov\u00e9 krm\u00edtko BEE na PET f\u013ea\u0161e\u00a0zjednodu\u0161uje v\u010del\u00e1m nosenie vody do \u00fa\u013ea. Nemusia chodi\u0165 \u010faleko po vodu, ale hlavne si je v\u010del\u00e1r ist\u00fd t\u00fdm, ak\u00fa vodu z\u00edskavaj\u00fa. V\u010dely vodu potrebuj\u00fa a \u010dasto sa st\u00e1va, \u017ee si n\u00e1jdu nevhodn\u00e9 zdroje vody. T\u00fdmto sp\u00f4sobom v\u010del\u00e1r zaru\u010d\u00ed pr\u00edsun \u010distej vody. Koniec nap\u00e1jadla sa <a href=\"https:\/\/www.nedozery.sk\/vcelarstvo\/produkt\/produkt-42\/\" class=\"read-more inline\">\u010c\u00edtaj \u010falej<\/a><\/p>\n","protected":false},"featured_media":426,"comment_status":"open","ping_status":"closed","template":"","meta":[],"product_brand":[],"product_cat":[42,97,16],"product_tag":[],"class_list":{"0":"post-136","1":"product","2":"type-product","3":"status-publish","4":"has-post-thumbnail","6":"product_cat-krmenie","7":"product_cat-krmidlo","8":"product_cat-ule","10":"first","11":"outofstock","12":"taxable","13":"shipping-taxable","14":"purchasable","15":"product-type-simple"},"jetpack_sharing_enabled":true,"_links":{"self":[{"href":"https:\/\/www.nedozery.sk\/vcelarstvo\/wp-json\/wp\/v2\/product\/136","targetHints":{"allow":["GET"]}}],"collection":[{"href":"https:\/\/www.nedozery.sk\/vcelarstvo\/wp-json\/wp\/v2\/product"}],"about":[{"href":"https:\/\/www.nedozery.sk\/vcelarstvo\/wp-json\/wp\/v2\/types\/product"}],"replies":[{"embeddable":true,"href":"https:\/\/www.nedozery.sk\/vcelarstvo\/wp-json\/wp\/v2\/comments?post=136"}],"version-history":[{"count":0,"href":"https:\/\/www.nedozery.sk\/vcelarstvo\/wp-json\/wp\/v2\/product\/136\/revisions"}],"wp:featuredmedia":[{"embeddable":true,"href":"https:\/\/www.nedozery.sk\/vcelarstvo\/wp-json\/wp\/v2\/media\/426"}],"wp:attachment":[{"href":"https:\/\/www.nedozery.sk\/vcelarstvo\/wp-json\/wp\/v2\/media?parent=136"}],"wp:term":[{"taxonomy":"product_brand","embeddable":true,"href":"https:\/\/www.nedozery.sk\/vcelarstvo\/wp-json\/wp\/v2\/product_brand?post=136"},{"taxonomy":"product_cat","embeddable":true,"href":"https:\/\/www.nedozery.sk\/vcelarstvo\/wp-json\/wp\/v2\/product_cat?post=136"},{"taxonomy":"product_tag","embeddable":true,"href":"https:\/\/www.nedozery.sk\/vcelarstvo\/wp-json\/wp\/v2\/product_tag?post=136"}],"curies":[{"name":"wp","href":"https:\/\/api.w.org\/{rel}","templated":true}]}}