{"id":137,"date":"2021-10-24T14:07:11","date_gmt":"2021-10-24T12:07:11","guid":{"rendered":"https:\/\/www.nedozery.sk\/vcelarstvo\/?product=produkt-43"},"modified":"2025-09-11T17:09:19","modified_gmt":"2025-09-11T15:09:19","slug":"produkt-43","status":"publish","type":"product","link":"https:\/\/www.nedozery.sk\/vcelarstvo\/produkt\/produkt-43\/","title":{"rendered":"Presakovacie vie\u010dko 16-otvorov\u00e9"},"content":{"rendered":"<h2>Presakovacie vie\u010dko 16-otvorov\u00e9<\/h2>\n<div class=\"in-pane\">\n<div class=\"long-description\">\n<p><strong>Presakovacie vie\u010dko so 16 otvormi\u00a0<\/strong>sa pou\u017e\u00edva na jarn\u00e9 podnecovanie v\u010delstva a je vhodn\u00fd na 4l poh\u00e1r.<\/p>\n<p>Orienta\u010dn\u00fd priemer: 10,2 cm<\/p><\/div>\n<\/div>\n","protected":false},"excerpt":{"rendered":"<p>Presakovacie vie\u010dko 16-otvorov\u00e9 Presakovacie vie\u010dko so 16 otvormi\u00a0sa pou\u017e\u00edva na jarn\u00e9 podnecovanie v\u010delstva a je vhodn\u00fd na 4l poh\u00e1r. Orienta\u010dn\u00fd priemer: 10,2 cm<\/p>\n","protected":false},"featured_media":424,"comment_status":"open","ping_status":"closed","template":"","meta":[],"product_brand":[],"product_cat":[42,97,16],"product_tag":[],"class_list":{"0":"post-137","1":"product","2":"type-product","3":"status-publish","4":"has-post-thumbnail","6":"product_cat-krmenie","7":"product_cat-krmidlo","8":"product_cat-ule","10":"first","11":"instock","12":"taxable","13":"shipping-taxable","14":"purchasable","15":"product-type-simple"},"jetpack_sharing_enabled":true,"_links":{"self":[{"href":"https:\/\/www.nedozery.sk\/vcelarstvo\/wp-json\/wp\/v2\/product\/137","targetHints":{"allow":["GET"]}}],"collection":[{"href":"https:\/\/www.nedozery.sk\/vcelarstvo\/wp-json\/wp\/v2\/product"}],"about":[{"href":"https:\/\/www.nedozery.sk\/vcelarstvo\/wp-json\/wp\/v2\/types\/product"}],"replies":[{"embeddable":true,"href":"https:\/\/www.nedozery.sk\/vcelarstvo\/wp-json\/wp\/v2\/comments?post=137"}],"version-history":[{"count":0,"href":"https:\/\/www.nedozery.sk\/vcelarstvo\/wp-json\/wp\/v2\/product\/137\/revisions"}],"wp:featuredmedia":[{"embeddable":true,"href":"https:\/\/www.nedozery.sk\/vcelarstvo\/wp-json\/wp\/v2\/media\/424"}],"wp:attachment":[{"href":"https:\/\/www.nedozery.sk\/vcelarstvo\/wp-json\/wp\/v2\/media?parent=137"}],"wp:term":[{"taxonomy":"product_brand","embeddable":true,"href":"https:\/\/www.nedozery.sk\/vcelarstvo\/wp-json\/wp\/v2\/product_brand?post=137"},{"taxonomy":"product_cat","embeddable":true,"href":"https:\/\/www.nedozery.sk\/vcelarstvo\/wp-json\/wp\/v2\/product_cat?post=137"},{"taxonomy":"product_tag","embeddable":true,"href":"https:\/\/www.nedozery.sk\/vcelarstvo\/wp-json\/wp\/v2\/product_tag?post=137"}],"curies":[{"name":"wp","href":"https:\/\/api.w.org\/{rel}","templated":true}]}}