{"id":139,"date":"2021-10-24T14:07:12","date_gmt":"2021-10-24T12:07:12","guid":{"rendered":"https:\/\/www.nedozery.sk\/vcelarstvo\/?product=produkt-45"},"modified":"2025-01-29T21:20:08","modified_gmt":"2025-01-29T20:20:08","slug":"produkt-45","status":"publish","type":"product","link":"https:\/\/www.nedozery.sk\/vcelarstvo\/produkt\/produkt-45\/","title":{"rendered":"Vlo\u017eka do dym\u00e1ka nerezov\u00e1 BEE, ve\u013ek\u00e1"},"content":{"rendered":"<h2>Vlo\u017eka do dym\u00e1ka nerezov\u00e1 BEE, ve\u013ek\u00e1<\/h2>\n<div class=\"in-pane\">\n<div class=\"long-description\">\n<p><strong>Ve\u013ek\u00e1 vlo\u017eka do d\u00fdm\u00e1ka\u00a0<\/strong>z nerezovej ocele. Vo vlo\u017eke hor\u00ed palivo a popol pad\u00e1 do priestoru pod vlo\u017ekou.<\/p>\n<p>Rozmery (priemer x v\u00fd\u0161ka): 90 x 150 mm<br \/>\nOrienta\u010dn\u00e1 hmotnos\u0165: 0,130 kg<\/p>\n<p><em>Produkt priamo od v\u00fdrobcu.<\/em><\/p>\n<\/div>\n<\/div>\n","protected":false},"excerpt":{"rendered":"<p>Vlo\u017eka do dym\u00e1ka nerezov\u00e1 BEE, ve\u013ek\u00e1 Ve\u013ek\u00e1 vlo\u017eka do d\u00fdm\u00e1ka\u00a0z nerezovej ocele. Vo vlo\u017eke hor\u00ed palivo a popol pad\u00e1 do priestoru pod vlo\u017ekou. Rozmery (priemer x v\u00fd\u0161ka): 90 x 150 mm Orienta\u010dn\u00e1 hmotnos\u0165: 0,130 kg Produkt priamo od v\u00fdrobcu.<\/p>\n","protected":false},"featured_media":415,"comment_status":"open","ping_status":"closed","template":"","meta":[],"product_brand":[],"product_cat":[18],"product_tag":[],"class_list":{"0":"post-139","1":"product","2":"type-product","3":"status-publish","4":"has-post-thumbnail","6":"product_cat-naradie","8":"first","9":"instock","10":"taxable","11":"shipping-taxable","12":"purchasable","13":"product-type-simple"},"jetpack_sharing_enabled":true,"_links":{"self":[{"href":"https:\/\/www.nedozery.sk\/vcelarstvo\/wp-json\/wp\/v2\/product\/139","targetHints":{"allow":["GET"]}}],"collection":[{"href":"https:\/\/www.nedozery.sk\/vcelarstvo\/wp-json\/wp\/v2\/product"}],"about":[{"href":"https:\/\/www.nedozery.sk\/vcelarstvo\/wp-json\/wp\/v2\/types\/product"}],"replies":[{"embeddable":true,"href":"https:\/\/www.nedozery.sk\/vcelarstvo\/wp-json\/wp\/v2\/comments?post=139"}],"version-history":[{"count":0,"href":"https:\/\/www.nedozery.sk\/vcelarstvo\/wp-json\/wp\/v2\/product\/139\/revisions"}],"wp:featuredmedia":[{"embeddable":true,"href":"https:\/\/www.nedozery.sk\/vcelarstvo\/wp-json\/wp\/v2\/media\/415"}],"wp:attachment":[{"href":"https:\/\/www.nedozery.sk\/vcelarstvo\/wp-json\/wp\/v2\/media?parent=139"}],"wp:term":[{"taxonomy":"product_brand","embeddable":true,"href":"https:\/\/www.nedozery.sk\/vcelarstvo\/wp-json\/wp\/v2\/product_brand?post=139"},{"taxonomy":"product_cat","embeddable":true,"href":"https:\/\/www.nedozery.sk\/vcelarstvo\/wp-json\/wp\/v2\/product_cat?post=139"},{"taxonomy":"product_tag","embeddable":true,"href":"https:\/\/www.nedozery.sk\/vcelarstvo\/wp-json\/wp\/v2\/product_tag?post=139"}],"curies":[{"name":"wp","href":"https:\/\/api.w.org\/{rel}","templated":true}]}}