{"id":140,"date":"2021-10-24T14:07:13","date_gmt":"2021-10-24T12:07:13","guid":{"rendered":"https:\/\/www.nedozery.sk\/vcelarstvo\/?product=produkt-46"},"modified":"2023-10-27T14:31:18","modified_gmt":"2023-10-27T12:31:18","slug":"produkt-46","status":"publish","type":"product","link":"https:\/\/www.nedozery.sk\/vcelarstvo\/produkt\/produkt-46\/","title":{"rendered":"Dym\u00e1k obl\u00fd nerezov\u00fd s dr\u017eiakom BEE EKO-XS, 20cm"},"content":{"rendered":"<h2>Dym\u00e1k obl\u00fd nerezov\u00fd s dr\u017eiakom BEE EKO-XS, 20cm<\/h2>\n<div class=\"in-pane\">\n<div class=\"long-description\">\n<p align=\"justify\">Ka\u017ed\u00fd v\u010del\u00e1r potrebuje dym\u00e1k pre \u013eahk\u00fa pr\u00e1cu na \u00fali bez \u017eihadiel. Pon\u00fakame\u00a0<strong>v\u010del\u00e1rsky nerezov\u00fd d\u00fdm\u00e1k BEE EKO-XS s dr\u017eiakom<\/strong>\u00a0a v\u00fd\u0161kou 20 cm. Okolo palivovej n\u00e1doby je dr\u00f4ten\u00e1 obruba s praktick\u00fdm dr\u017eiakom na zavesenie dym\u00e1ka. Je vyroben\u00fd z kvalitnej nerezovej ocele, vybaven\u00fd mechom z hov\u00e4dzej usne, praktick\u00fdm \u00fazkym hrdlom, ktor\u00e9 sa v\u0161ade dostane. Dym\u00e1k je d\u00f4le\u017eit\u00fd a nevyhnutn\u00fd pre upokojenie, popr\u00edpade vyhnanie v\u010diel z miest, kde chcete zrovna pracova\u0165.<\/p>\n<p align=\"justify\">V na\u0161om obchode pon\u00fakame ako palivo, tak aj n\u00e1hradn\u00e9 mechy.<\/p>\n<p align=\"justify\">V\u00fd\u0161ka: 20 cm<br \/>\nPriemer: 7,5 cm<br \/>\nObsahuje nerezov\u00fa vlo\u017eku do dym\u00e1ka<br \/>\nVzduchov\u00fd mech: hov\u00e4dzie use\u0148<br \/>\nOrienta\u010dn\u00e1 hotnos\u0165: 0,630 kg<\/p>\n<p><em>Produkt priamo od v\u00fdrobcu<\/em><\/p>\n<\/div>\n<\/div>\n","protected":false},"excerpt":{"rendered":"<p>Dym\u00e1k obl\u00fd nerezov\u00fd s dr\u017eiakom BEE EKO-XS, 20cm Ka\u017ed\u00fd v\u010del\u00e1r potrebuje dym\u00e1k pre \u013eahk\u00fa pr\u00e1cu na \u00fali bez \u017eihadiel. Pon\u00fakame\u00a0v\u010del\u00e1rsky nerezov\u00fd d\u00fdm\u00e1k BEE EKO-XS s dr\u017eiakom\u00a0a v\u00fd\u0161kou 20 cm. Okolo palivovej n\u00e1doby je dr\u00f4ten\u00e1 obruba s praktick\u00fdm dr\u017eiakom na zavesenie dym\u00e1ka. Je vyroben\u00fd z kvalitnej nerezovej ocele, vybaven\u00fd mechom z hov\u00e4dzej usne, praktick\u00fdm \u00fazkym hrdlom, <a href=\"https:\/\/www.nedozery.sk\/vcelarstvo\/produkt\/produkt-46\/\" class=\"read-more inline\">\u010c\u00edtaj \u010falej<\/a><\/p>\n","protected":false},"featured_media":413,"comment_status":"open","ping_status":"closed","template":"","meta":[],"product_brand":[],"product_cat":[18],"product_tag":[],"class_list":{"0":"post-140","1":"product","2":"type-product","3":"status-publish","4":"has-post-thumbnail","6":"product_cat-naradie","8":"first","9":"outofstock","10":"taxable","11":"shipping-taxable","12":"purchasable","13":"product-type-simple"},"jetpack_sharing_enabled":true,"_links":{"self":[{"href":"https:\/\/www.nedozery.sk\/vcelarstvo\/wp-json\/wp\/v2\/product\/140","targetHints":{"allow":["GET"]}}],"collection":[{"href":"https:\/\/www.nedozery.sk\/vcelarstvo\/wp-json\/wp\/v2\/product"}],"about":[{"href":"https:\/\/www.nedozery.sk\/vcelarstvo\/wp-json\/wp\/v2\/types\/product"}],"replies":[{"embeddable":true,"href":"https:\/\/www.nedozery.sk\/vcelarstvo\/wp-json\/wp\/v2\/comments?post=140"}],"version-history":[{"count":0,"href":"https:\/\/www.nedozery.sk\/vcelarstvo\/wp-json\/wp\/v2\/product\/140\/revisions"}],"wp:featuredmedia":[{"embeddable":true,"href":"https:\/\/www.nedozery.sk\/vcelarstvo\/wp-json\/wp\/v2\/media\/413"}],"wp:attachment":[{"href":"https:\/\/www.nedozery.sk\/vcelarstvo\/wp-json\/wp\/v2\/media?parent=140"}],"wp:term":[{"taxonomy":"product_brand","embeddable":true,"href":"https:\/\/www.nedozery.sk\/vcelarstvo\/wp-json\/wp\/v2\/product_brand?post=140"},{"taxonomy":"product_cat","embeddable":true,"href":"https:\/\/www.nedozery.sk\/vcelarstvo\/wp-json\/wp\/v2\/product_cat?post=140"},{"taxonomy":"product_tag","embeddable":true,"href":"https:\/\/www.nedozery.sk\/vcelarstvo\/wp-json\/wp\/v2\/product_tag?post=140"}],"curies":[{"name":"wp","href":"https:\/\/api.w.org\/{rel}","templated":true}]}}