{"id":1409,"date":"2022-05-23T22:26:38","date_gmt":"2022-05-23T20:26:38","guid":{"rendered":"https:\/\/www.nedozery.sk\/vcelarstvo\/?post_type=product&#038;p=1409"},"modified":"2024-02-27T10:54:49","modified_gmt":"2024-02-27T09:54:49","slug":"macko-so-sosakom-na-350g-medu-plast","status":"publish","type":"product","link":"https:\/\/www.nedozery.sk\/vcelarstvo\/produkt\/macko-so-sosakom-na-350g-medu-plast\/","title":{"rendered":"Macko so sos\u00e1kom na 350g medu, plast"},"content":{"rendered":"<p><b>Plastov\u00fd obal na med v tvare macka<\/b>\u00a0s kapacitou na 350g medu. Obal sa pred\u00e1va so sos\u00e1kom, do ktor\u00e9ho sa urob\u00ed dierka s ve\u013ekos\u0165ou pod\u013ea potreby.<\/p>\n<p>Rozmer (v\u00fd\u0161ka x \u0161\u00edrka v naj\u0161ir\u0161ej \u010dasti x d\u013a\u017eka): 18 x 6 x 5,5 cm<br \/>\nOrienta\u010dn\u00e1 hmotnos\u0165 s vrchn\u00e1kom: 0,025 kg<\/p>\n","protected":false},"excerpt":{"rendered":"<p>Plastov\u00fd obal na med v tvare macka\u00a0s kapacitou na 350g medu. Obal sa pred\u00e1va so sos\u00e1kom, do ktor\u00e9ho sa urob\u00ed dierka s ve\u013ekos\u0165ou pod\u013ea potreby. Rozmer (v\u00fd\u0161ka x \u0161\u00edrka v naj\u0161ir\u0161ej \u010dasti x d\u013a\u017eka): 18 x 6 x 5,5 cm Orienta\u010dn\u00e1 hmotnos\u0165 s vrchn\u00e1kom: 0,025 kg<\/p>\n","protected":false},"featured_media":1410,"comment_status":"open","ping_status":"closed","template":"","meta":[],"product_brand":[],"product_cat":[17,77],"product_tag":[],"class_list":{"0":"post-1409","1":"product","2":"type-product","3":"status-publish","4":"has-post-thumbnail","6":"product_cat-obaly","7":"product_cat-pohare","9":"first","10":"outofstock","11":"taxable","12":"shipping-taxable","13":"purchasable","14":"product-type-simple"},"jetpack_sharing_enabled":true,"_links":{"self":[{"href":"https:\/\/www.nedozery.sk\/vcelarstvo\/wp-json\/wp\/v2\/product\/1409","targetHints":{"allow":["GET"]}}],"collection":[{"href":"https:\/\/www.nedozery.sk\/vcelarstvo\/wp-json\/wp\/v2\/product"}],"about":[{"href":"https:\/\/www.nedozery.sk\/vcelarstvo\/wp-json\/wp\/v2\/types\/product"}],"replies":[{"embeddable":true,"href":"https:\/\/www.nedozery.sk\/vcelarstvo\/wp-json\/wp\/v2\/comments?post=1409"}],"version-history":[{"count":0,"href":"https:\/\/www.nedozery.sk\/vcelarstvo\/wp-json\/wp\/v2\/product\/1409\/revisions"}],"wp:featuredmedia":[{"embeddable":true,"href":"https:\/\/www.nedozery.sk\/vcelarstvo\/wp-json\/wp\/v2\/media\/1410"}],"wp:attachment":[{"href":"https:\/\/www.nedozery.sk\/vcelarstvo\/wp-json\/wp\/v2\/media?parent=1409"}],"wp:term":[{"taxonomy":"product_brand","embeddable":true,"href":"https:\/\/www.nedozery.sk\/vcelarstvo\/wp-json\/wp\/v2\/product_brand?post=1409"},{"taxonomy":"product_cat","embeddable":true,"href":"https:\/\/www.nedozery.sk\/vcelarstvo\/wp-json\/wp\/v2\/product_cat?post=1409"},{"taxonomy":"product_tag","embeddable":true,"href":"https:\/\/www.nedozery.sk\/vcelarstvo\/wp-json\/wp\/v2\/product_tag?post=1409"}],"curies":[{"name":"wp","href":"https:\/\/api.w.org\/{rel}","templated":true}]}}