{"id":1519,"date":"2022-06-16T07:59:31","date_gmt":"2022-06-16T05:59:31","guid":{"rendered":"https:\/\/www.nedozery.sk\/vcelarstvo\/?post_type=product&#038;p=1519"},"modified":"2024-02-27T10:20:48","modified_gmt":"2024-02-27T09:20:48","slug":"viecko-plechove-twist-82-vzor-nd3","status":"publish","type":"product","link":"https:\/\/www.nedozery.sk\/vcelarstvo\/produkt\/viecko-plechove-twist-82-vzor-nd3\/","title":{"rendered":"Vie\u010dko plechov\u00e9 TWIST 82 &#8211; vzor ND3"},"content":{"rendered":"<p><b>Plechov\u00e9 vie\u010dka s uz\u00e1verom TWIST a priemerom 82 mm<\/b>\u00a0(typ TO 82) s\u00fa vhodn\u00e9 na poh\u00e1re s medom alebo na zav\u00e1raninov\u00e9 poh\u00e1re s objemom 0,7l. \u0160irok\u00fd v\u00fdber potla\u010de s v\u010del\u00e1rskou t\u00e9matikou.<\/p>\n","protected":false},"excerpt":{"rendered":"<p>Plechov\u00e9 vie\u010dka s uz\u00e1verom TWIST a priemerom 82 mm\u00a0(typ TO 82) s\u00fa vhodn\u00e9 na poh\u00e1re s medom alebo na zav\u00e1raninov\u00e9 poh\u00e1re s objemom 0,7l. \u0160irok\u00fd v\u00fdber potla\u010de s v\u010del\u00e1rskou t\u00e9matikou.<\/p>\n","protected":false},"featured_media":1520,"comment_status":"open","ping_status":"closed","template":"","meta":[],"product_brand":[],"product_cat":[17,78],"product_tag":[],"class_list":{"0":"post-1519","1":"product","2":"type-product","3":"status-publish","4":"has-post-thumbnail","6":"product_cat-obaly","7":"product_cat-viecka","9":"first","10":"outofstock","11":"taxable","12":"shipping-taxable","13":"purchasable","14":"product-type-simple"},"jetpack_sharing_enabled":true,"_links":{"self":[{"href":"https:\/\/www.nedozery.sk\/vcelarstvo\/wp-json\/wp\/v2\/product\/1519","targetHints":{"allow":["GET"]}}],"collection":[{"href":"https:\/\/www.nedozery.sk\/vcelarstvo\/wp-json\/wp\/v2\/product"}],"about":[{"href":"https:\/\/www.nedozery.sk\/vcelarstvo\/wp-json\/wp\/v2\/types\/product"}],"replies":[{"embeddable":true,"href":"https:\/\/www.nedozery.sk\/vcelarstvo\/wp-json\/wp\/v2\/comments?post=1519"}],"version-history":[{"count":0,"href":"https:\/\/www.nedozery.sk\/vcelarstvo\/wp-json\/wp\/v2\/product\/1519\/revisions"}],"wp:featuredmedia":[{"embeddable":true,"href":"https:\/\/www.nedozery.sk\/vcelarstvo\/wp-json\/wp\/v2\/media\/1520"}],"wp:attachment":[{"href":"https:\/\/www.nedozery.sk\/vcelarstvo\/wp-json\/wp\/v2\/media?parent=1519"}],"wp:term":[{"taxonomy":"product_brand","embeddable":true,"href":"https:\/\/www.nedozery.sk\/vcelarstvo\/wp-json\/wp\/v2\/product_brand?post=1519"},{"taxonomy":"product_cat","embeddable":true,"href":"https:\/\/www.nedozery.sk\/vcelarstvo\/wp-json\/wp\/v2\/product_cat?post=1519"},{"taxonomy":"product_tag","embeddable":true,"href":"https:\/\/www.nedozery.sk\/vcelarstvo\/wp-json\/wp\/v2\/product_tag?post=1519"}],"curies":[{"name":"wp","href":"https:\/\/api.w.org\/{rel}","templated":true}]}}