{"id":1535,"date":"2022-06-16T08:55:13","date_gmt":"2022-06-16T06:55:13","guid":{"rendered":"https:\/\/www.nedozery.sk\/vcelarstvo\/?post_type=product&#038;p=1535"},"modified":"2024-02-27T10:40:13","modified_gmt":"2024-02-27T09:40:13","slug":"samolepiace-etikety-ozdobne-100-ks-vzor-esk214","status":"publish","type":"product","link":"https:\/\/www.nedozery.sk\/vcelarstvo\/produkt\/samolepiace-etikety-ozdobne-100-ks-vzor-esk214\/","title":{"rendered":"Samolepiace etikety ozdobn\u00e9, 100 ks &#8211; vzor ESK214"},"content":{"rendered":"<p><strong>Ozdobn\u00e9 samolepiace etikety s rozmerom 185&#215;55 mm<\/strong>\u00a0so \u0161irokou \u0161k\u00e1lou v\u010del\u00e1rskych dizajnov. Je mo\u017en\u00e9 ich aplikova\u0165 na r\u00f4zne druhy flia\u0161 \u010di poh\u00e1rov na med. Etikety s\u00fa navrhnut\u00e9 za \u00fa\u010delom o\u017eivenia Va\u0161ich v\u00fdrobkov a s\u00fa vytla\u010den\u00e9 na kvalitnom lesklom samolepiacom papieri. Minim\u00e1lny odber je jedno balenie, ktor\u00e9 obsahuje 100 ks etikiet rovnak\u00e9ho druhu.<\/p>\n<p>Orienta\u010dn\u00e1 hmotnos\u0165: 0,160 kg<\/p>\n","protected":false},"excerpt":{"rendered":"<p>Ozdobn\u00e9 samolepiace etikety s rozmerom 185&#215;55 mm\u00a0so \u0161irokou \u0161k\u00e1lou v\u010del\u00e1rskych dizajnov. Je mo\u017en\u00e9 ich aplikova\u0165 na r\u00f4zne druhy flia\u0161 \u010di poh\u00e1rov na med. Etikety s\u00fa navrhnut\u00e9 za \u00fa\u010delom o\u017eivenia Va\u0161ich v\u00fdrobkov a s\u00fa vytla\u010den\u00e9 na kvalitnom lesklom samolepiacom papieri. Minim\u00e1lny odber je jedno balenie, ktor\u00e9 obsahuje 100 ks etikiet rovnak\u00e9ho druhu. Orienta\u010dn\u00e1 hmotnos\u0165: 0,160 kg<\/p>\n","protected":false},"featured_media":1536,"comment_status":"open","ping_status":"closed","template":"","meta":[],"product_brand":[],"product_cat":[79,17],"product_tag":[],"class_list":{"0":"post-1535","1":"product","2":"type-product","3":"status-publish","4":"has-post-thumbnail","6":"product_cat-etikety","7":"product_cat-obaly","9":"first","10":"outofstock","11":"taxable","12":"shipping-taxable","13":"purchasable","14":"product-type-simple"},"jetpack_sharing_enabled":true,"_links":{"self":[{"href":"https:\/\/www.nedozery.sk\/vcelarstvo\/wp-json\/wp\/v2\/product\/1535","targetHints":{"allow":["GET"]}}],"collection":[{"href":"https:\/\/www.nedozery.sk\/vcelarstvo\/wp-json\/wp\/v2\/product"}],"about":[{"href":"https:\/\/www.nedozery.sk\/vcelarstvo\/wp-json\/wp\/v2\/types\/product"}],"replies":[{"embeddable":true,"href":"https:\/\/www.nedozery.sk\/vcelarstvo\/wp-json\/wp\/v2\/comments?post=1535"}],"version-history":[{"count":0,"href":"https:\/\/www.nedozery.sk\/vcelarstvo\/wp-json\/wp\/v2\/product\/1535\/revisions"}],"wp:featuredmedia":[{"embeddable":true,"href":"https:\/\/www.nedozery.sk\/vcelarstvo\/wp-json\/wp\/v2\/media\/1536"}],"wp:attachment":[{"href":"https:\/\/www.nedozery.sk\/vcelarstvo\/wp-json\/wp\/v2\/media?parent=1535"}],"wp:term":[{"taxonomy":"product_brand","embeddable":true,"href":"https:\/\/www.nedozery.sk\/vcelarstvo\/wp-json\/wp\/v2\/product_brand?post=1535"},{"taxonomy":"product_cat","embeddable":true,"href":"https:\/\/www.nedozery.sk\/vcelarstvo\/wp-json\/wp\/v2\/product_cat?post=1535"},{"taxonomy":"product_tag","embeddable":true,"href":"https:\/\/www.nedozery.sk\/vcelarstvo\/wp-json\/wp\/v2\/product_tag?post=1535"}],"curies":[{"name":"wp","href":"https:\/\/api.w.org\/{rel}","templated":true}]}}