{"id":1586,"date":"2022-06-17T08:06:06","date_gmt":"2022-06-17T06:06:06","guid":{"rendered":"https:\/\/www.nedozery.sk\/vcelarstvo\/?post_type=product&#038;p=1586"},"modified":"2026-03-23T20:03:38","modified_gmt":"2026-03-23T19:03:38","slug":"vrchnak-b10-bez-plechoveho-pokrytia-na-iizolovany-nadstavok","status":"publish","type":"product","link":"https:\/\/www.nedozery.sk\/vcelarstvo\/produkt\/vrchnak-b10-bez-plechoveho-pokrytia-na-iizolovany-nadstavok\/","title":{"rendered":"Vrchn\u00e1k B10 bez plechov\u00e9ho pokrytia na Iizolovan\u00fd Nadstavok"},"content":{"rendered":"<p>Vrchn\u00e1k na Izolovan\u00fd nadstavok B10 je vyhotoven\u00fd z 18 mm hrub\u00fdch dosiek. Vrchn\u00e1 \u010das\u0165 je tvoren\u00e1 z OSB dosky s hr\u00fabkou 8 mm.<\/p>\n","protected":false},"excerpt":{"rendered":"<p>Vrchn\u00e1k na Izolovan\u00fd nadstavok B10 je vyhotoven\u00fd z 18 mm hrub\u00fdch dosiek. Vrchn\u00e1 \u010das\u0165 je tvoren\u00e1 z OSB dosky s hr\u00fabkou 8 mm.<\/p>\n","protected":false},"featured_media":1587,"comment_status":"open","ping_status":"closed","template":"","meta":[],"product_brand":[],"product_cat":[16,90],"product_tag":[],"class_list":{"0":"post-1586","1":"product","2":"type-product","3":"status-publish","4":"has-post-thumbnail","6":"product_cat-ule","7":"product_cat-vrchnaky","9":"first","10":"instock","11":"taxable","12":"shipping-taxable","13":"purchasable","14":"product-type-simple"},"jetpack_sharing_enabled":true,"_links":{"self":[{"href":"https:\/\/www.nedozery.sk\/vcelarstvo\/wp-json\/wp\/v2\/product\/1586","targetHints":{"allow":["GET"]}}],"collection":[{"href":"https:\/\/www.nedozery.sk\/vcelarstvo\/wp-json\/wp\/v2\/product"}],"about":[{"href":"https:\/\/www.nedozery.sk\/vcelarstvo\/wp-json\/wp\/v2\/types\/product"}],"replies":[{"embeddable":true,"href":"https:\/\/www.nedozery.sk\/vcelarstvo\/wp-json\/wp\/v2\/comments?post=1586"}],"version-history":[{"count":0,"href":"https:\/\/www.nedozery.sk\/vcelarstvo\/wp-json\/wp\/v2\/product\/1586\/revisions"}],"wp:featuredmedia":[{"embeddable":true,"href":"https:\/\/www.nedozery.sk\/vcelarstvo\/wp-json\/wp\/v2\/media\/1587"}],"wp:attachment":[{"href":"https:\/\/www.nedozery.sk\/vcelarstvo\/wp-json\/wp\/v2\/media?parent=1586"}],"wp:term":[{"taxonomy":"product_brand","embeddable":true,"href":"https:\/\/www.nedozery.sk\/vcelarstvo\/wp-json\/wp\/v2\/product_brand?post=1586"},{"taxonomy":"product_cat","embeddable":true,"href":"https:\/\/www.nedozery.sk\/vcelarstvo\/wp-json\/wp\/v2\/product_cat?post=1586"},{"taxonomy":"product_tag","embeddable":true,"href":"https:\/\/www.nedozery.sk\/vcelarstvo\/wp-json\/wp\/v2\/product_tag?post=1586"}],"curies":[{"name":"wp","href":"https:\/\/api.w.org\/{rel}","templated":true}]}}