{"id":161,"date":"2021-10-24T14:07:31","date_gmt":"2021-10-24T12:07:31","guid":{"rendered":"https:\/\/www.nedozery.sk\/vcelarstvo\/?product=produkt-67"},"modified":"2026-03-26T14:09:05","modified_gmt":"2026-03-26T13:09:05","slug":"produkt-67","status":"publish","type":"product","link":"https:\/\/www.nedozery.sk\/vcelarstvo\/produkt\/produkt-67\/","title":{"rendered":"Matersk\u00e1 mrie\u017eka z durofolu, 420x495mm"},"content":{"rendered":"<h2>Matersk\u00e1 mrie\u017eka z durofolu, 420x495mm<\/h2>\n<div class=\"in-pane\">\n<div class=\"long-description\">\n<p><strong>Matersk\u00e1 mrie\u017eka<\/strong>\u00a0sa pou\u017e\u00edva na oddelenie plodiska od medn\u00edka a obmedzuje plodovanie len na spodn\u00e9 n\u00e1dstavky, \u010d\u00edm v medn\u00edku je len med a \u017eiadny plod. Takto sa m\u00f4\u017ee med vyt\u00e1\u010da\u0165 zo svetl\u00fdch, nezaplodovan\u00fdch pl\u00e1stov.<\/p>\n<p><strong>Plastov\u00e9 matersk\u00e9 mrie\u017eky z durofolu s\u00fa priesvitn\u00e9,\u00a0<\/strong>vyroben\u00e9 z nem\u00e4k\u010den\u00e9ho PVC a s\u00fa lacnej\u0161ou alternat\u00edvou kovov\u00fdch mrie\u017eok, s\u00fa \u013eah\u0161ie a pru\u017enej\u0161ie.<\/p>\n<\/div>\n<\/div>\n","protected":false},"excerpt":{"rendered":"<p>Matersk\u00e1 mrie\u017eka z durofolu, 420x495mm Matersk\u00e1 mrie\u017eka\u00a0sa pou\u017e\u00edva na oddelenie plodiska od medn\u00edka a obmedzuje plodovanie len na spodn\u00e9 n\u00e1dstavky, \u010d\u00edm v medn\u00edku je len med a \u017eiadny plod. Takto sa m\u00f4\u017ee med vyt\u00e1\u010da\u0165 zo svetl\u00fdch, nezaplodovan\u00fdch pl\u00e1stov. Plastov\u00e9 matersk\u00e9 mrie\u017eky z durofolu s\u00fa priesvitn\u00e9,\u00a0vyroben\u00e9 z nem\u00e4k\u010den\u00e9ho PVC a s\u00fa lacnej\u0161ou alternat\u00edvou kovov\u00fdch mrie\u017eok, s\u00fa <a href=\"https:\/\/www.nedozery.sk\/vcelarstvo\/produkt\/produkt-67\/\" class=\"read-more inline\">\u010c\u00edtaj \u010falej<\/a><\/p>\n","protected":false},"featured_media":345,"comment_status":"open","ping_status":"closed","template":"","meta":[],"product_brand":[],"product_cat":[95,16],"product_tag":[],"class_list":{"0":"post-161","1":"product","2":"type-product","3":"status-publish","4":"has-post-thumbnail","6":"product_cat-mriezky","7":"product_cat-ule","9":"first","10":"outofstock","11":"taxable","12":"shipping-taxable","13":"purchasable","14":"product-type-simple"},"jetpack_sharing_enabled":true,"_links":{"self":[{"href":"https:\/\/www.nedozery.sk\/vcelarstvo\/wp-json\/wp\/v2\/product\/161","targetHints":{"allow":["GET"]}}],"collection":[{"href":"https:\/\/www.nedozery.sk\/vcelarstvo\/wp-json\/wp\/v2\/product"}],"about":[{"href":"https:\/\/www.nedozery.sk\/vcelarstvo\/wp-json\/wp\/v2\/types\/product"}],"replies":[{"embeddable":true,"href":"https:\/\/www.nedozery.sk\/vcelarstvo\/wp-json\/wp\/v2\/comments?post=161"}],"version-history":[{"count":0,"href":"https:\/\/www.nedozery.sk\/vcelarstvo\/wp-json\/wp\/v2\/product\/161\/revisions"}],"wp:featuredmedia":[{"embeddable":true,"href":"https:\/\/www.nedozery.sk\/vcelarstvo\/wp-json\/wp\/v2\/media\/345"}],"wp:attachment":[{"href":"https:\/\/www.nedozery.sk\/vcelarstvo\/wp-json\/wp\/v2\/media?parent=161"}],"wp:term":[{"taxonomy":"product_brand","embeddable":true,"href":"https:\/\/www.nedozery.sk\/vcelarstvo\/wp-json\/wp\/v2\/product_brand?post=161"},{"taxonomy":"product_cat","embeddable":true,"href":"https:\/\/www.nedozery.sk\/vcelarstvo\/wp-json\/wp\/v2\/product_cat?post=161"},{"taxonomy":"product_tag","embeddable":true,"href":"https:\/\/www.nedozery.sk\/vcelarstvo\/wp-json\/wp\/v2\/product_tag?post=161"}],"curies":[{"name":"wp","href":"https:\/\/api.w.org\/{rel}","templated":true}]}}