{"id":164,"date":"2021-10-24T14:07:33","date_gmt":"2021-10-24T12:07:33","guid":{"rendered":"https:\/\/www.nedozery.sk\/vcelarstvo\/?product=produkt-70"},"modified":"2025-07-27T11:27:54","modified_gmt":"2025-07-27T09:27:54","slug":"produkt-70","status":"publish","type":"product","link":"https:\/\/www.nedozery.sk\/vcelarstvo\/produkt\/produkt-70\/","title":{"rendered":"Sie\u0165 na zber propolisu plastov\u00e1, \u0161\u00edrka 80 cm"},"content":{"rendered":"<h2>Sie\u0165 na zber propolisu plastov\u00e1, \u0161\u00edrka 80 cm<\/h2>\n<div class=\"in-pane\">\n<div class=\"long-description\">\n<p><strong>Plastov\u00e1 sie\u0165 na zber propolisu<\/strong>\u00a0dod\u00e1van\u00e1 v rolke so \u0161\u00edrkou 80 cm. V\u00fdhodou je, \u017ee si vie ka\u017ed\u00fd v\u010del\u00e1r individu\u00e1lne prisp\u00f4sobi\u0165 rozmer pod\u013ea svoj\u00edch potrieb. Ok\u00e1 na sieti maj\u00fa koso\u0161tvorcov\u00fd tvar, pri\u010dom d\u013a\u017eka strany oka je 5 mm.<\/p>\n<p>Uveden\u00e1 cena je za 1 bm d\u013a\u017eky.<\/p>\n<\/div>\n<\/div>\n","protected":false},"excerpt":{"rendered":"<p>Sie\u0165 na zber propolisu plastov\u00e1, \u0161\u00edrka 80 cm Plastov\u00e1 sie\u0165 na zber propolisu\u00a0dod\u00e1van\u00e1 v rolke so \u0161\u00edrkou 80 cm. V\u00fdhodou je, \u017ee si vie ka\u017ed\u00fd v\u010del\u00e1r individu\u00e1lne prisp\u00f4sobi\u0165 rozmer pod\u013ea svoj\u00edch potrieb. Ok\u00e1 na sieti maj\u00fa koso\u0161tvorcov\u00fd tvar, pri\u010dom d\u013a\u017eka strany oka je 5 mm. Uveden\u00e1 cena je za 1 bm d\u013a\u017eky.<\/p>\n","protected":false},"featured_media":343,"comment_status":"open","ping_status":"closed","template":"","meta":[],"product_brand":[],"product_cat":[94,16],"product_tag":[],"class_list":{"0":"post-164","1":"product","2":"type-product","3":"status-publish","4":"has-post-thumbnail","6":"product_cat-prislus","7":"product_cat-ule","9":"first","10":"instock","11":"taxable","12":"shipping-taxable","13":"purchasable","14":"product-type-simple"},"jetpack_sharing_enabled":true,"_links":{"self":[{"href":"https:\/\/www.nedozery.sk\/vcelarstvo\/wp-json\/wp\/v2\/product\/164","targetHints":{"allow":["GET"]}}],"collection":[{"href":"https:\/\/www.nedozery.sk\/vcelarstvo\/wp-json\/wp\/v2\/product"}],"about":[{"href":"https:\/\/www.nedozery.sk\/vcelarstvo\/wp-json\/wp\/v2\/types\/product"}],"replies":[{"embeddable":true,"href":"https:\/\/www.nedozery.sk\/vcelarstvo\/wp-json\/wp\/v2\/comments?post=164"}],"version-history":[{"count":0,"href":"https:\/\/www.nedozery.sk\/vcelarstvo\/wp-json\/wp\/v2\/product\/164\/revisions"}],"wp:featuredmedia":[{"embeddable":true,"href":"https:\/\/www.nedozery.sk\/vcelarstvo\/wp-json\/wp\/v2\/media\/343"}],"wp:attachment":[{"href":"https:\/\/www.nedozery.sk\/vcelarstvo\/wp-json\/wp\/v2\/media?parent=164"}],"wp:term":[{"taxonomy":"product_brand","embeddable":true,"href":"https:\/\/www.nedozery.sk\/vcelarstvo\/wp-json\/wp\/v2\/product_brand?post=164"},{"taxonomy":"product_cat","embeddable":true,"href":"https:\/\/www.nedozery.sk\/vcelarstvo\/wp-json\/wp\/v2\/product_cat?post=164"},{"taxonomy":"product_tag","embeddable":true,"href":"https:\/\/www.nedozery.sk\/vcelarstvo\/wp-json\/wp\/v2\/product_tag?post=164"}],"curies":[{"name":"wp","href":"https:\/\/api.w.org\/{rel}","templated":true}]}}