{"id":165,"date":"2021-10-24T14:07:33","date_gmt":"2021-10-24T12:07:33","guid":{"rendered":"https:\/\/www.nedozery.sk\/vcelarstvo\/?product=produkt-71"},"modified":"2025-03-24T10:48:27","modified_gmt":"2025-03-24T09:48:27","slug":"produkt-71","status":"publish","type":"product","link":"https:\/\/www.nedozery.sk\/vcelarstvo\/produkt\/produkt-71\/","title":{"rendered":"\u010c\u00edsla na \u00fale &#8211; \u010cERVEN\u00c9 \u010d\u00edslice"},"content":{"rendered":"<p><strong>Plastov\u00e9 \u010derven\u00e9 \u010d\u00edslice na o\u010d\u00edslovanie \u00fa\u013eov<\/strong>. Jedno balenie obsahuje 3 kr\u00e1t \u010d\u00edslicu 1, ostatn\u00e9 \u010d\u00edslice s\u00fa po dva kr\u00e1t. V\u00fd\u0161ka \u010d\u00edslic: 27 mm.<\/p>\n<p><strong>VIDEO:<\/strong><\/p>\n<p><iframe src=\"https:\/\/www.youtube.com\/embed\/HDd7zjwBDvk\" width=\"400\" height=\"200\" frameborder=\"0\" allowfullscreen=\"allowfullscreen\" data-mce-fragment=\"1\"><\/iframe><\/p>\n","protected":false},"excerpt":{"rendered":"<p>Plastov\u00e9 \u010derven\u00e9 \u010d\u00edslice na o\u010d\u00edslovanie \u00fa\u013eov. Jedno balenie obsahuje 3 kr\u00e1t \u010d\u00edslicu 1, ostatn\u00e9 \u010d\u00edslice s\u00fa po dva kr\u00e1t. V\u00fd\u0161ka \u010d\u00edslic: 27 mm. VIDEO:<\/p>\n","protected":false},"featured_media":340,"comment_status":"open","ping_status":"closed","template":"","meta":[],"product_brand":[],"product_cat":[94,16],"product_tag":[],"class_list":{"0":"post-165","1":"product","2":"type-product","3":"status-publish","4":"has-post-thumbnail","6":"product_cat-prislus","7":"product_cat-ule","9":"first","10":"outofstock","11":"taxable","12":"shipping-taxable","13":"purchasable","14":"product-type-simple"},"jetpack_sharing_enabled":true,"_links":{"self":[{"href":"https:\/\/www.nedozery.sk\/vcelarstvo\/wp-json\/wp\/v2\/product\/165","targetHints":{"allow":["GET"]}}],"collection":[{"href":"https:\/\/www.nedozery.sk\/vcelarstvo\/wp-json\/wp\/v2\/product"}],"about":[{"href":"https:\/\/www.nedozery.sk\/vcelarstvo\/wp-json\/wp\/v2\/types\/product"}],"replies":[{"embeddable":true,"href":"https:\/\/www.nedozery.sk\/vcelarstvo\/wp-json\/wp\/v2\/comments?post=165"}],"version-history":[{"count":0,"href":"https:\/\/www.nedozery.sk\/vcelarstvo\/wp-json\/wp\/v2\/product\/165\/revisions"}],"wp:featuredmedia":[{"embeddable":true,"href":"https:\/\/www.nedozery.sk\/vcelarstvo\/wp-json\/wp\/v2\/media\/340"}],"wp:attachment":[{"href":"https:\/\/www.nedozery.sk\/vcelarstvo\/wp-json\/wp\/v2\/media?parent=165"}],"wp:term":[{"taxonomy":"product_brand","embeddable":true,"href":"https:\/\/www.nedozery.sk\/vcelarstvo\/wp-json\/wp\/v2\/product_brand?post=165"},{"taxonomy":"product_cat","embeddable":true,"href":"https:\/\/www.nedozery.sk\/vcelarstvo\/wp-json\/wp\/v2\/product_cat?post=165"},{"taxonomy":"product_tag","embeddable":true,"href":"https:\/\/www.nedozery.sk\/vcelarstvo\/wp-json\/wp\/v2\/product_tag?post=165"}],"curies":[{"name":"wp","href":"https:\/\/api.w.org\/{rel}","templated":true}]}}