{"id":166,"date":"2021-10-24T14:07:34","date_gmt":"2021-10-24T12:07:34","guid":{"rendered":"https:\/\/www.nedozery.sk\/vcelarstvo\/?product=produkt-72"},"modified":"2025-03-24T10:48:22","modified_gmt":"2025-03-24T09:48:22","slug":"produkt-72","status":"publish","type":"product","link":"https:\/\/www.nedozery.sk\/vcelarstvo\/produkt\/produkt-72\/","title":{"rendered":"Gurt\u0148a BEE na transport, d\u013a\u017eka 5 m"},"content":{"rendered":"<h2>Gurt\u0148a BEE na transport, d\u013a\u017eka 5 m<\/h2>\n<div class=\"in-pane\">\n<div class=\"long-description\">\n<p><strong>Transportn\u00fd up\u00ednac\u00ed popruh s d\u013a\u017ekou 5 m<\/strong>\u00a0je neodmyslite\u013enou pom\u00f4ckou pri ko\u010dovan\u00ed.<\/p>\n<ul>\n<li>d\u013a\u017eka popruhu: 5 m<\/li>\n<li>\u0161\u00edrka popruhu: 22 mm<\/li>\n<li>pracka: galvanizovan\u00e1 oce\u013e<\/li>\n<li>\u0161\u00edrka pracky: 33 mm<\/li>\n<li>hr\u00fabka plechu pracky: 1,2 mm<\/li>\n<\/ul>\n<p>Orienta\u010dn\u00e1 hmotnos\u0165: 0,250 kg<\/p>\n<p><em>Produkt priamo od v\u00fdrobcu.<\/em><\/p>\n<\/div>\n<\/div>\n","protected":false},"excerpt":{"rendered":"<p>Gurt\u0148a BEE na transport, d\u013a\u017eka 5 m Transportn\u00fd up\u00ednac\u00ed popruh s d\u013a\u017ekou 5 m\u00a0je neodmyslite\u013enou pom\u00f4ckou pri ko\u010dovan\u00ed. d\u013a\u017eka popruhu: 5 m \u0161\u00edrka popruhu: 22 mm pracka: galvanizovan\u00e1 oce\u013e \u0161\u00edrka pracky: 33 mm hr\u00fabka plechu pracky: 1,2 mm Orienta\u010dn\u00e1 hmotnos\u0165: 0,250 kg Produkt priamo od v\u00fdrobcu.<\/p>\n","protected":false},"featured_media":336,"comment_status":"open","ping_status":"closed","template":"","meta":[],"product_brand":[],"product_cat":[94,16],"product_tag":[],"class_list":{"0":"post-166","1":"product","2":"type-product","3":"status-publish","4":"has-post-thumbnail","6":"product_cat-prislus","7":"product_cat-ule","9":"first","10":"instock","11":"taxable","12":"shipping-taxable","13":"purchasable","14":"product-type-simple"},"jetpack_sharing_enabled":true,"_links":{"self":[{"href":"https:\/\/www.nedozery.sk\/vcelarstvo\/wp-json\/wp\/v2\/product\/166","targetHints":{"allow":["GET"]}}],"collection":[{"href":"https:\/\/www.nedozery.sk\/vcelarstvo\/wp-json\/wp\/v2\/product"}],"about":[{"href":"https:\/\/www.nedozery.sk\/vcelarstvo\/wp-json\/wp\/v2\/types\/product"}],"replies":[{"embeddable":true,"href":"https:\/\/www.nedozery.sk\/vcelarstvo\/wp-json\/wp\/v2\/comments?post=166"}],"version-history":[{"count":0,"href":"https:\/\/www.nedozery.sk\/vcelarstvo\/wp-json\/wp\/v2\/product\/166\/revisions"}],"wp:featuredmedia":[{"embeddable":true,"href":"https:\/\/www.nedozery.sk\/vcelarstvo\/wp-json\/wp\/v2\/media\/336"}],"wp:attachment":[{"href":"https:\/\/www.nedozery.sk\/vcelarstvo\/wp-json\/wp\/v2\/media?parent=166"}],"wp:term":[{"taxonomy":"product_brand","embeddable":true,"href":"https:\/\/www.nedozery.sk\/vcelarstvo\/wp-json\/wp\/v2\/product_brand?post=166"},{"taxonomy":"product_cat","embeddable":true,"href":"https:\/\/www.nedozery.sk\/vcelarstvo\/wp-json\/wp\/v2\/product_cat?post=166"},{"taxonomy":"product_tag","embeddable":true,"href":"https:\/\/www.nedozery.sk\/vcelarstvo\/wp-json\/wp\/v2\/product_tag?post=166"}],"curies":[{"name":"wp","href":"https:\/\/api.w.org\/{rel}","templated":true}]}}