{"id":173,"date":"2021-10-24T14:07:38","date_gmt":"2021-10-24T12:07:38","guid":{"rendered":"https:\/\/www.nedozery.sk\/vcelarstvo\/?product=produkt-79"},"modified":"2024-12-02T19:50:30","modified_gmt":"2024-12-02T18:50:30","slug":"produkt-79","status":"publish","type":"product","link":"https:\/\/www.nedozery.sk\/vcelarstvo\/produkt\/produkt-79\/","title":{"rendered":"Rozper\u00e1k nerezov\u00fd s drevenou rukov\u00e4\u0165ou, BEE"},"content":{"rendered":"<h2>Rozper\u00e1k nerezov\u00fd s drevenou rukov\u00e4\u0165ou, BEE<\/h2>\n<div class=\"in-pane\">\n<div class=\"long-description\">\n<p><strong>Nerezov\u00fd rozper\u00e1k BEE s drevenou rukov\u00e4\u0165ou\u00a0<\/strong>sl\u00fa\u017ei pre \u013eahk\u00e9 oddelenie propolisom a voskom zlepen\u00fdch \u010dast\u00ed \u00fa\u013ea. Rozper\u00e1k je vyroben\u00fd z nereze, v\u010faka \u010domu dlho vydr\u017e\u00ed a bude v\u00e1m po dlh\u00fa dobu pom\u00e1ha\u0165 pri rozde\u013eovan\u00ed zlepencov bez toho, aby ste poni\u010dili \u00fa\u013e. Dreven\u00e1 rukov\u00e4\u0165 skvele padne do ruky a pekne sa dr\u017e\u00ed.<\/p>\n<p>Celkov\u00e9 rozmery (d x \u0161 x dr\u00fabka): 200 x 47 x 2 mm<br \/>\nRozmer rukov\u00e4te (d x \u0161 x dr\u00fabka): 105 x 25 x 15 mm<br \/>\nOrienta\u010dn\u00e1 hmotnos\u0165: 0,110 kg<\/p>\n<\/div>\n<\/div>\n","protected":false},"excerpt":{"rendered":"<p>Rozper\u00e1k nerezov\u00fd s drevenou rukov\u00e4\u0165ou, BEE Nerezov\u00fd rozper\u00e1k BEE s drevenou rukov\u00e4\u0165ou\u00a0sl\u00fa\u017ei pre \u013eahk\u00e9 oddelenie propolisom a voskom zlepen\u00fdch \u010dast\u00ed \u00fa\u013ea. Rozper\u00e1k je vyroben\u00fd z nereze, v\u010faka \u010domu dlho vydr\u017e\u00ed a bude v\u00e1m po dlh\u00fa dobu pom\u00e1ha\u0165 pri rozde\u013eovan\u00ed zlepencov bez toho, aby ste poni\u010dili \u00fa\u013e. Dreven\u00e1 rukov\u00e4\u0165 skvele padne do ruky a pekne sa <a href=\"https:\/\/www.nedozery.sk\/vcelarstvo\/produkt\/produkt-79\/\" class=\"read-more inline\">\u010c\u00edtaj \u010falej<\/a><\/p>\n","protected":false},"featured_media":303,"comment_status":"open","ping_status":"closed","template":"","meta":[],"product_brand":[],"product_cat":[18],"product_tag":[],"class_list":{"0":"post-173","1":"product","2":"type-product","3":"status-publish","4":"has-post-thumbnail","6":"product_cat-naradie","8":"first","9":"instock","10":"taxable","11":"shipping-taxable","12":"purchasable","13":"product-type-simple"},"jetpack_sharing_enabled":true,"_links":{"self":[{"href":"https:\/\/www.nedozery.sk\/vcelarstvo\/wp-json\/wp\/v2\/product\/173","targetHints":{"allow":["GET"]}}],"collection":[{"href":"https:\/\/www.nedozery.sk\/vcelarstvo\/wp-json\/wp\/v2\/product"}],"about":[{"href":"https:\/\/www.nedozery.sk\/vcelarstvo\/wp-json\/wp\/v2\/types\/product"}],"replies":[{"embeddable":true,"href":"https:\/\/www.nedozery.sk\/vcelarstvo\/wp-json\/wp\/v2\/comments?post=173"}],"version-history":[{"count":0,"href":"https:\/\/www.nedozery.sk\/vcelarstvo\/wp-json\/wp\/v2\/product\/173\/revisions"}],"wp:featuredmedia":[{"embeddable":true,"href":"https:\/\/www.nedozery.sk\/vcelarstvo\/wp-json\/wp\/v2\/media\/303"}],"wp:attachment":[{"href":"https:\/\/www.nedozery.sk\/vcelarstvo\/wp-json\/wp\/v2\/media?parent=173"}],"wp:term":[{"taxonomy":"product_brand","embeddable":true,"href":"https:\/\/www.nedozery.sk\/vcelarstvo\/wp-json\/wp\/v2\/product_brand?post=173"},{"taxonomy":"product_cat","embeddable":true,"href":"https:\/\/www.nedozery.sk\/vcelarstvo\/wp-json\/wp\/v2\/product_cat?post=173"},{"taxonomy":"product_tag","embeddable":true,"href":"https:\/\/www.nedozery.sk\/vcelarstvo\/wp-json\/wp\/v2\/product_tag?post=173"}],"curies":[{"name":"wp","href":"https:\/\/api.w.org\/{rel}","templated":true}]}}