{"id":174,"date":"2021-10-24T14:07:39","date_gmt":"2021-10-24T12:07:39","guid":{"rendered":"https:\/\/www.nedozery.sk\/vcelarstvo\/?product=produkt-80"},"modified":"2023-10-27T14:31:21","modified_gmt":"2023-10-27T12:31:21","slug":"produkt-80","status":"publish","type":"product","link":"https:\/\/www.nedozery.sk\/vcelarstvo\/produkt\/produkt-80\/","title":{"rendered":"Rozper\u00e1k le\u0161ten\u00fd stredn\u00fd s rukov\u00e4\u0165ou, BeeTools"},"content":{"rendered":"<h2>Rozper\u00e1k le\u0161ten\u00fd stredn\u00fd s rukov\u00e4\u0165ou, BeeTools<\/h2>\n<div class=\"in-pane\">\n<div class=\"long-description\">\n<p><strong>Stredn\u00fd rozper\u00e1k z le\u0161ten\u00e9j ocele s plastovou rukov\u00e4\u0165ou\u00a0<\/strong>sl\u00fa\u017ei pre jednoduch\u00fa manipul\u00e1ciu s n\u00e1stavkami. \u013dahko s n\u00edm zlo\u017e\u00edte n\u00e1stavky z \u00fa\u013ea.<\/p>\n<p>Rozmery (d x \u0161 x hr\u00fabka plechu): 205 x 40 x 3,5 mm<br \/>\nOrienta\u010dn\u00e1 hmotnos\u0165: 0,180 kg<\/p>\n<\/div>\n<\/div>\n","protected":false},"excerpt":{"rendered":"<p>Rozper\u00e1k le\u0161ten\u00fd stredn\u00fd s rukov\u00e4\u0165ou, BeeTools Stredn\u00fd rozper\u00e1k z le\u0161ten\u00e9j ocele s plastovou rukov\u00e4\u0165ou\u00a0sl\u00fa\u017ei pre jednoduch\u00fa manipul\u00e1ciu s n\u00e1stavkami. \u013dahko s n\u00edm zlo\u017e\u00edte n\u00e1stavky z \u00fa\u013ea. Rozmery (d x \u0161 x hr\u00fabka plechu): 205 x 40 x 3,5 mm Orienta\u010dn\u00e1 hmotnos\u0165: 0,180 kg<\/p>\n","protected":false},"featured_media":305,"comment_status":"open","ping_status":"closed","template":"","meta":[],"product_brand":[],"product_cat":[18],"product_tag":[],"class_list":{"0":"post-174","1":"product","2":"type-product","3":"status-publish","4":"has-post-thumbnail","6":"product_cat-naradie","8":"first","9":"instock","10":"taxable","11":"shipping-taxable","12":"purchasable","13":"product-type-simple"},"jetpack_sharing_enabled":true,"_links":{"self":[{"href":"https:\/\/www.nedozery.sk\/vcelarstvo\/wp-json\/wp\/v2\/product\/174","targetHints":{"allow":["GET"]}}],"collection":[{"href":"https:\/\/www.nedozery.sk\/vcelarstvo\/wp-json\/wp\/v2\/product"}],"about":[{"href":"https:\/\/www.nedozery.sk\/vcelarstvo\/wp-json\/wp\/v2\/types\/product"}],"replies":[{"embeddable":true,"href":"https:\/\/www.nedozery.sk\/vcelarstvo\/wp-json\/wp\/v2\/comments?post=174"}],"version-history":[{"count":0,"href":"https:\/\/www.nedozery.sk\/vcelarstvo\/wp-json\/wp\/v2\/product\/174\/revisions"}],"wp:featuredmedia":[{"embeddable":true,"href":"https:\/\/www.nedozery.sk\/vcelarstvo\/wp-json\/wp\/v2\/media\/305"}],"wp:attachment":[{"href":"https:\/\/www.nedozery.sk\/vcelarstvo\/wp-json\/wp\/v2\/media?parent=174"}],"wp:term":[{"taxonomy":"product_brand","embeddable":true,"href":"https:\/\/www.nedozery.sk\/vcelarstvo\/wp-json\/wp\/v2\/product_brand?post=174"},{"taxonomy":"product_cat","embeddable":true,"href":"https:\/\/www.nedozery.sk\/vcelarstvo\/wp-json\/wp\/v2\/product_cat?post=174"},{"taxonomy":"product_tag","embeddable":true,"href":"https:\/\/www.nedozery.sk\/vcelarstvo\/wp-json\/wp\/v2\/product_tag?post=174"}],"curies":[{"name":"wp","href":"https:\/\/api.w.org\/{rel}","templated":true}]}}