{"id":1788,"date":"2022-08-01T12:26:46","date_gmt":"2022-08-01T10:26:46","guid":{"rendered":"https:\/\/www.nedozery.sk\/vcelarstvo\/?post_type=product&#038;p=1788"},"modified":"2024-01-13T16:06:54","modified_gmt":"2024-01-13T15:06:54","slug":"apilac-100g","status":"publish","type":"product","link":"https:\/\/www.nedozery.sk\/vcelarstvo\/produkt\/apilac-100g\/","title":{"rendered":"Apilac, 100g"},"content":{"rendered":"<p><strong>Apilac 100g<\/strong>\u00a0je v\u00fd\u017eivov\u00fd pr\u00edpravok obsahuj\u00faci \u017eiv\u00e9 kult\u00fary mikroorganizmov prospe\u0161n\u00fdch pre organizmus v\u010dely. Tieto mikroorganizmy kolonizuj\u00fa tr\u00e1viaci trakt v\u010diel \u010do vedie k mlie\u010dnemu kvaseniu v\u010delej materskej ka\u0161i\u010dky (konzervovanie materskej ka\u0161i\u010dky).<\/p>\n<p>Pr\u00edpravok obsahuje vitam\u00edny skupiny B, potrebn\u00e9 najm\u00e4 vo v\u00fd\u017eive kr\u00e1\u013eovnej a v ka\u0161i\u010dke pre v\u010delie larvy. Okrem toho vitam\u00edn C zlep\u0161uje chu\u0165 a zvy\u0161uje pr\u00edjem potravy. Apilac zlep\u0161uje tr\u00e1viace procesy, potl\u00e1\u010da rozvoj patog\u00e9nnych mikroorganizmov, a hr\u00e1 k\u013e\u00fa\u010dov\u00fa \u00falohu v procese detoxik\u00e1cie pri rozklade ne\u017eiaducich l\u00e1tok rastlinn\u00e9ho p\u00f4vodu.<\/p>\n<p>Pravideln\u00fd a riaden\u00fd pr\u00edjem kult\u00farnych mikroorganizmov, produkuj\u00facich kyselinu mlie\u010dnu, prispieva k zlep\u0161eniu kond\u00edcie a fyziologick\u00fdch funkc\u00ed\u00ed, rovnako aj k pre\u017e\u00edvate\u013enosti v\u010delstva. Bakt\u00e9rie zodpovedn\u00e9 za priebeh mlie\u010dneho kvasenia m\u00f4\u017eu pom\u00f4c\u0165 pri profylaxii plodu a dospel\u00fdch v\u010diel.<\/p>\n<p>Orienta\u010dn\u00e1 hmotnos\u0165: 0,130 kg<\/p>\n","protected":false},"excerpt":{"rendered":"<p>Apilac 100g\u00a0je v\u00fd\u017eivov\u00fd pr\u00edpravok obsahuj\u00faci \u017eiv\u00e9 kult\u00fary mikroorganizmov prospe\u0161n\u00fdch pre organizmus v\u010dely. Tieto mikroorganizmy kolonizuj\u00fa tr\u00e1viaci trakt v\u010diel \u010do vedie k mlie\u010dnemu kvaseniu v\u010delej materskej ka\u0161i\u010dky (konzervovanie materskej ka\u0161i\u010dky). Pr\u00edpravok obsahuje vitam\u00edny skupiny B, potrebn\u00e9 najm\u00e4 vo v\u00fd\u017eive kr\u00e1\u013eovnej a v ka\u0161i\u010dke pre v\u010delie larvy. Okrem toho vitam\u00edn C zlep\u0161uje chu\u0165 a zvy\u0161uje pr\u00edjem potravy. <a href=\"https:\/\/www.nedozery.sk\/vcelarstvo\/produkt\/apilac-100g\/\" class=\"read-more inline\">\u010c\u00edtaj \u010falej<\/a><\/p>\n","protected":false},"featured_media":1789,"comment_status":"open","ping_status":"closed","template":"","meta":[],"product_brand":[],"product_cat":[20,74],"product_tag":[],"class_list":{"0":"post-1788","1":"product","2":"type-product","3":"status-publish","4":"has-post-thumbnail","6":"product_cat-lieciva","7":"product_cat-vyziva","9":"first","10":"outofstock","11":"taxable","12":"shipping-taxable","13":"purchasable","14":"product-type-simple"},"jetpack_sharing_enabled":true,"_links":{"self":[{"href":"https:\/\/www.nedozery.sk\/vcelarstvo\/wp-json\/wp\/v2\/product\/1788","targetHints":{"allow":["GET"]}}],"collection":[{"href":"https:\/\/www.nedozery.sk\/vcelarstvo\/wp-json\/wp\/v2\/product"}],"about":[{"href":"https:\/\/www.nedozery.sk\/vcelarstvo\/wp-json\/wp\/v2\/types\/product"}],"replies":[{"embeddable":true,"href":"https:\/\/www.nedozery.sk\/vcelarstvo\/wp-json\/wp\/v2\/comments?post=1788"}],"version-history":[{"count":0,"href":"https:\/\/www.nedozery.sk\/vcelarstvo\/wp-json\/wp\/v2\/product\/1788\/revisions"}],"wp:featuredmedia":[{"embeddable":true,"href":"https:\/\/www.nedozery.sk\/vcelarstvo\/wp-json\/wp\/v2\/media\/1789"}],"wp:attachment":[{"href":"https:\/\/www.nedozery.sk\/vcelarstvo\/wp-json\/wp\/v2\/media?parent=1788"}],"wp:term":[{"taxonomy":"product_brand","embeddable":true,"href":"https:\/\/www.nedozery.sk\/vcelarstvo\/wp-json\/wp\/v2\/product_brand?post=1788"},{"taxonomy":"product_cat","embeddable":true,"href":"https:\/\/www.nedozery.sk\/vcelarstvo\/wp-json\/wp\/v2\/product_cat?post=1788"},{"taxonomy":"product_tag","embeddable":true,"href":"https:\/\/www.nedozery.sk\/vcelarstvo\/wp-json\/wp\/v2\/product_tag?post=1788"}],"curies":[{"name":"wp","href":"https:\/\/api.w.org\/{rel}","templated":true}]}}