{"id":1790,"date":"2022-08-01T12:30:07","date_gmt":"2022-08-01T10:30:07","guid":{"rendered":"https:\/\/www.nedozery.sk\/vcelarstvo\/?post_type=product&#038;p=1790"},"modified":"2024-01-13T16:06:37","modified_gmt":"2024-01-13T15:06:37","slug":"ekofytol-na-podporu-zdraveho-rastu-a-rozvoja-vcelstva-50ml","status":"publish","type":"product","link":"https:\/\/www.nedozery.sk\/vcelarstvo\/produkt\/ekofytol-na-podporu-zdraveho-rastu-a-rozvoja-vcelstva-50ml\/","title":{"rendered":"EKOFYTOL na podporu zdrav\u00e9ho rastu a rozvoja v\u010delstva, 50ml"},"content":{"rendered":"<p><strong>EKOFYTOL\u00a0<\/strong>je koncentrovan\u00fd veterin\u00e1rny pr\u00edpravok bez veterin\u00e1rneho predpisu pre v\u010dely s obsahom extraktu z ihli\u010dia, cesnakov\u00e9ho oleja a morskej soli. Schv\u00e1len\u00fd pr\u00edslu\u0161n\u00fdmi \u0161t\u00e1tnymi org\u00e1nmi pod registra\u010dn\u00fdm \u010d\u00edslom 081\/R\/19-S.<\/p>\n<p>Priaznivo p\u00f4sob\u00ed na prirodzen\u00fd mikrobi\u00f3m v\u010diel, posil\u0148uje odolnos\u0165 vo\u010di bakteri\u00e1lnym a v\u00edrusov\u00fdm infekci\u00e1m. Biologicky akt\u00edvne l\u00e1tky stimuluj\u00fa plodovanie matiek, produkciu materskej a k\u0155mnej ka\u0161i\u010dky, stimuluj\u00fa produktivitu v\u010delstiev a zvy\u0161uj\u00fa stupe\u0148 rozvoja tukov\u00e9ho telesa a t\u00fdm percento \u00faspe\u0161n\u00e9ho prezimovania.<\/p>\n<p><u>Zlo\u017eenie:<\/u><br \/>\nHust\u00e1 visk\u00f3zna tekutina tmavohnedej farby s obsahom l\u00e1tok:<\/p>\n<ul>\n<li>extrakt z ihli\u010dia \u2013 80%<\/li>\n<li>cesnakov\u00fd olej \u2013 0,02%<\/li>\n<li>morsk\u00e1 so\u013e<\/li>\n<li>\u010dist\u00e1 voda<\/li>\n<\/ul>\n<p><u>Pou\u017eitie:<\/u><br \/>\nPou\u017e\u00edva sa na jar, po prvom prelete v\u010diel a na jese\u0148 alebo pri prv\u00fdch pr\u00edznakoch ochoren\u00ed. Osobitne sa odpor\u00fa\u010da pou\u017e\u00edva\u0165 Ekofytol po\u010das jesenn\u00e9ho k\u0155menia na podporu oslaben\u00fdch v\u010delstiev. Jednoduch\u00e1 aplik\u00e1cia \u2013 prid\u00e1va sa do cukrov\u00e9ho roztoku (1:1) pri teplote 35-40\u00b0C v pomere 10ml Ekofytolu na 1l cukrov\u00e9ho sirupu. Pripraven\u00fd roztok sa prid\u00e1va do k\u0155midiel cca. 0,5l na stredne siln\u00e9 v\u010delstvo. K\u0155menie sa vykon\u00e1va 3-4 kr\u00e1t po\u010das troch dn\u00ed.<\/p>\n<p><u>Sp\u00f4sob uschov\u00e1vania:<\/u><br \/>\nUchov\u00e1va\u0165 na suchom tmavom mieste, nedostupnom de\u0165om a zvierat\u00e1m, oddelene od potrav\u00edn a krm\u00edv, pri teplote od 0-25\u00b0C. Uchov\u00e1va\u0165 mimo doh\u013eadu a dosahu det\u00ed.<\/p>\n<p><u>Trvanlivos\u0165:<\/u><br \/>\nMinim\u00e1lna doba trvanlivosti je 2 roky odo d\u0148a v\u00fdroby.<\/p>\n","protected":false},"excerpt":{"rendered":"<p>EKOFYTOL\u00a0je koncentrovan\u00fd veterin\u00e1rny pr\u00edpravok bez veterin\u00e1rneho predpisu pre v\u010dely s obsahom extraktu z ihli\u010dia, cesnakov\u00e9ho oleja a morskej soli. Schv\u00e1len\u00fd pr\u00edslu\u0161n\u00fdmi \u0161t\u00e1tnymi org\u00e1nmi pod registra\u010dn\u00fdm \u010d\u00edslom 081\/R\/19-S. Priaznivo p\u00f4sob\u00ed na prirodzen\u00fd mikrobi\u00f3m v\u010diel, posil\u0148uje odolnos\u0165 vo\u010di bakteri\u00e1lnym a v\u00edrusov\u00fdm infekci\u00e1m. Biologicky akt\u00edvne l\u00e1tky stimuluj\u00fa plodovanie matiek, produkciu materskej a k\u0155mnej ka\u0161i\u010dky, stimuluj\u00fa produktivitu v\u010delstiev a <a href=\"https:\/\/www.nedozery.sk\/vcelarstvo\/produkt\/ekofytol-na-podporu-zdraveho-rastu-a-rozvoja-vcelstva-50ml\/\" class=\"read-more inline\">\u010c\u00edtaj \u010falej<\/a><\/p>\n","protected":false},"featured_media":1792,"comment_status":"open","ping_status":"closed","template":"","meta":[],"product_brand":[],"product_cat":[20,74],"product_tag":[],"class_list":{"0":"post-1790","1":"product","2":"type-product","3":"status-publish","4":"has-post-thumbnail","6":"product_cat-lieciva","7":"product_cat-vyziva","9":"first","10":"outofstock","11":"taxable","12":"shipping-taxable","13":"purchasable","14":"product-type-simple"},"jetpack_sharing_enabled":true,"_links":{"self":[{"href":"https:\/\/www.nedozery.sk\/vcelarstvo\/wp-json\/wp\/v2\/product\/1790","targetHints":{"allow":["GET"]}}],"collection":[{"href":"https:\/\/www.nedozery.sk\/vcelarstvo\/wp-json\/wp\/v2\/product"}],"about":[{"href":"https:\/\/www.nedozery.sk\/vcelarstvo\/wp-json\/wp\/v2\/types\/product"}],"replies":[{"embeddable":true,"href":"https:\/\/www.nedozery.sk\/vcelarstvo\/wp-json\/wp\/v2\/comments?post=1790"}],"version-history":[{"count":0,"href":"https:\/\/www.nedozery.sk\/vcelarstvo\/wp-json\/wp\/v2\/product\/1790\/revisions"}],"wp:featuredmedia":[{"embeddable":true,"href":"https:\/\/www.nedozery.sk\/vcelarstvo\/wp-json\/wp\/v2\/media\/1792"}],"wp:attachment":[{"href":"https:\/\/www.nedozery.sk\/vcelarstvo\/wp-json\/wp\/v2\/media?parent=1790"}],"wp:term":[{"taxonomy":"product_brand","embeddable":true,"href":"https:\/\/www.nedozery.sk\/vcelarstvo\/wp-json\/wp\/v2\/product_brand?post=1790"},{"taxonomy":"product_cat","embeddable":true,"href":"https:\/\/www.nedozery.sk\/vcelarstvo\/wp-json\/wp\/v2\/product_cat?post=1790"},{"taxonomy":"product_tag","embeddable":true,"href":"https:\/\/www.nedozery.sk\/vcelarstvo\/wp-json\/wp\/v2\/product_tag?post=1790"}],"curies":[{"name":"wp","href":"https:\/\/api.w.org\/{rel}","templated":true}]}}