{"id":1793,"date":"2022-08-01T12:33:17","date_gmt":"2022-08-01T10:33:17","guid":{"rendered":"https:\/\/www.nedozery.sk\/vcelarstvo\/?post_type=product&#038;p=1793"},"modified":"2024-01-13T16:05:59","modified_gmt":"2024-01-13T15:05:59","slug":"apibiofarma-probioticky-pripravok-z-bylin-pre-vcely-200ml","status":"publish","type":"product","link":"https:\/\/www.nedozery.sk\/vcelarstvo\/produkt\/apibiofarma-probioticky-pripravok-z-bylin-pre-vcely-200ml\/","title":{"rendered":"ApiBioFarma, probiotick\u00fd pr\u00edpravok z byl\u00edn pre v\u010dely, 200ml"},"content":{"rendered":"<p><strong>ApiBioFarma 200 ml<\/strong>\u00a0je mikrobiologick\u00fd pr\u00edpravok pre v\u010dely na z\u00e1klade probiotick\u00fdch kult\u00far, ktor\u00fd pom\u00e1ha stabilizova\u0165 v\u00fdvoj oslabenej rodiny. Navy\u0161e podporuje \u017eivotaschopnos\u0165 robotnice a zlep\u0161uje stav rodiny.<\/p>\n<p>Je to doplnkov\u00e9 krmivo pre v\u010dely s nasledovn\u00fdmi vlastnos\u0165ami:<\/p>\n<ul>\n<li>zlep\u0161uje zdravie oslabenej rodiny<\/li>\n<li>predl\u017euje d\u013a\u017eku \u017eivota robotnice<\/li>\n<li>zlep\u0161uje \u017eivotn\u00e9 podmienky kol\u00f3nie<\/li>\n<li>obmedzuje rozvoj patog\u00e9nnych mikrofl\u00f3r<\/li>\n<li>zlep\u0161uje tr\u00e1venie a zvy\u0161uje str\u00e1vite\u013enos\u0165 potrav\u00edn<\/li>\n<li>zlep\u0161uje hygienick\u00e9 prostredie v hniezde<\/li>\n<\/ul>\n<p>Objem: 200 ml<br \/>\nV\u00e1ha netto: 0,250 kg \/ V\u00e1ha brutto: 0,260 kg<\/p>\n<p><em><strong>Odpor\u00fa\u010dan\u00e9 d\u00e1vkovanie:<\/strong><\/em><\/p>\n<p><u>Pou\u017eitie striekan\u00edm:<\/u><br \/>\n100 ml pr\u00edpravku ApiBioFarma + 5 l vody, odpor\u00fa\u010da sa postrieka\u0165 cel\u00e9 hniezdo aj so v\u010delami. Tak\u00e1to aplik\u00e1cia (100 ml + 5 l) posta\u010duje asi na 10 rod\u00edn.<\/p>\n<p><u>Pou\u017eitie nap\u00e1jan\u00edm:<\/u><br \/>\n1 l pr\u00edpravku ApiBioFarma + 100 l vody, alebo 10 a\u017e 50 mililitrov ApiBioFarma + 1 l vody do jednej rodiny.<\/p>\n<p><u>Pou\u017eitie v sirupe:<\/u><br \/>\nJar a Jese\u0148: 2 l ApiBioFarma + 100 l sirupu<br \/>\nV sez\u00f3ne : 1 l ApiBioFarma + 100 l sirupu<\/p>\n","protected":false},"excerpt":{"rendered":"<p>ApiBioFarma 200 ml\u00a0je mikrobiologick\u00fd pr\u00edpravok pre v\u010dely na z\u00e1klade probiotick\u00fdch kult\u00far, ktor\u00fd pom\u00e1ha stabilizova\u0165 v\u00fdvoj oslabenej rodiny. Navy\u0161e podporuje \u017eivotaschopnos\u0165 robotnice a zlep\u0161uje stav rodiny. Je to doplnkov\u00e9 krmivo pre v\u010dely s nasledovn\u00fdmi vlastnos\u0165ami: zlep\u0161uje zdravie oslabenej rodiny predl\u017euje d\u013a\u017eku \u017eivota robotnice zlep\u0161uje \u017eivotn\u00e9 podmienky kol\u00f3nie obmedzuje rozvoj patog\u00e9nnych mikrofl\u00f3r zlep\u0161uje tr\u00e1venie a zvy\u0161uje str\u00e1vite\u013enos\u0165 <a href=\"https:\/\/www.nedozery.sk\/vcelarstvo\/produkt\/apibiofarma-probioticky-pripravok-z-bylin-pre-vcely-200ml\/\" class=\"read-more inline\">\u010c\u00edtaj \u010falej<\/a><\/p>\n","protected":false},"featured_media":1794,"comment_status":"open","ping_status":"closed","template":"","meta":[],"product_brand":[],"product_cat":[20,74],"product_tag":[],"class_list":{"0":"post-1793","1":"product","2":"type-product","3":"status-publish","4":"has-post-thumbnail","6":"product_cat-lieciva","7":"product_cat-vyziva","9":"first","10":"outofstock","11":"taxable","12":"shipping-taxable","13":"purchasable","14":"product-type-simple"},"jetpack_sharing_enabled":true,"_links":{"self":[{"href":"https:\/\/www.nedozery.sk\/vcelarstvo\/wp-json\/wp\/v2\/product\/1793","targetHints":{"allow":["GET"]}}],"collection":[{"href":"https:\/\/www.nedozery.sk\/vcelarstvo\/wp-json\/wp\/v2\/product"}],"about":[{"href":"https:\/\/www.nedozery.sk\/vcelarstvo\/wp-json\/wp\/v2\/types\/product"}],"replies":[{"embeddable":true,"href":"https:\/\/www.nedozery.sk\/vcelarstvo\/wp-json\/wp\/v2\/comments?post=1793"}],"version-history":[{"count":0,"href":"https:\/\/www.nedozery.sk\/vcelarstvo\/wp-json\/wp\/v2\/product\/1793\/revisions"}],"wp:featuredmedia":[{"embeddable":true,"href":"https:\/\/www.nedozery.sk\/vcelarstvo\/wp-json\/wp\/v2\/media\/1794"}],"wp:attachment":[{"href":"https:\/\/www.nedozery.sk\/vcelarstvo\/wp-json\/wp\/v2\/media?parent=1793"}],"wp:term":[{"taxonomy":"product_brand","embeddable":true,"href":"https:\/\/www.nedozery.sk\/vcelarstvo\/wp-json\/wp\/v2\/product_brand?post=1793"},{"taxonomy":"product_cat","embeddable":true,"href":"https:\/\/www.nedozery.sk\/vcelarstvo\/wp-json\/wp\/v2\/product_cat?post=1793"},{"taxonomy":"product_tag","embeddable":true,"href":"https:\/\/www.nedozery.sk\/vcelarstvo\/wp-json\/wp\/v2\/product_tag?post=1793"}],"curies":[{"name":"wp","href":"https:\/\/api.w.org\/{rel}","templated":true}]}}