{"id":1800,"date":"2022-08-03T20:34:15","date_gmt":"2022-08-03T18:34:15","guid":{"rendered":"https:\/\/www.nedozery.sk\/vcelarstvo\/?post_type=product&#038;p=1800"},"modified":"2025-03-23T21:56:04","modified_gmt":"2025-03-23T20:56:04","slug":"vrchnak-cchs-bez-plechoveho-pokrytia-na-izolovany-nadstavok","status":"publish","type":"product","link":"https:\/\/www.nedozery.sk\/vcelarstvo\/produkt\/vrchnak-cchs-bez-plechoveho-pokrytia-na-izolovany-nadstavok\/","title":{"rendered":"Vrchn\u00e1k \u010cCHS bez plechov\u00e9ho pokrytia na Izolovan\u00fd Nadstavok"},"content":{"rendered":"<p>Vrchn\u00e1k na Izolovan\u00fd nadstavok \u010cCHS je vyhotoven\u00fd z 18 mm hrub\u00fdch dosiek ktor\u00e9 s\u00fa v rohoch zoskrutkovan\u00e9. Vrchn\u00e1 \u010das\u0165 je tvoren\u00e1 z OSB dosky s hr\u00fabkou 8 mm. Z prednej a zadnej strany s\u00fa do vrchn\u00e1ku uroben\u00e9 diery kv\u00f4li vetraniu. Otvori s\u00fa uzavret\u00e9 pletivom.<\/p>\n","protected":false},"excerpt":{"rendered":"<p>Vrchn\u00e1k na Izolovan\u00fd nadstavok \u010cCHS je vyhotoven\u00fd z 18 mm hrub\u00fdch dosiek ktor\u00e9 s\u00fa v rohoch zoskrutkovan\u00e9. Vrchn\u00e1 \u010das\u0165 je tvoren\u00e1 z OSB dosky s hr\u00fabkou 8 mm. Z prednej a zadnej strany s\u00fa do vrchn\u00e1ku uroben\u00e9 diery kv\u00f4li vetraniu. Otvori s\u00fa uzavret\u00e9 pletivom.<\/p>\n","protected":false},"featured_media":1801,"comment_status":"open","ping_status":"closed","template":"","meta":[],"product_brand":[],"product_cat":[16,90],"product_tag":[],"class_list":{"0":"post-1800","1":"product","2":"type-product","3":"status-publish","4":"has-post-thumbnail","6":"product_cat-ule","7":"product_cat-vrchnaky","9":"first","10":"instock","11":"taxable","12":"shipping-taxable","13":"purchasable","14":"product-type-simple"},"jetpack_sharing_enabled":true,"_links":{"self":[{"href":"https:\/\/www.nedozery.sk\/vcelarstvo\/wp-json\/wp\/v2\/product\/1800","targetHints":{"allow":["GET"]}}],"collection":[{"href":"https:\/\/www.nedozery.sk\/vcelarstvo\/wp-json\/wp\/v2\/product"}],"about":[{"href":"https:\/\/www.nedozery.sk\/vcelarstvo\/wp-json\/wp\/v2\/types\/product"}],"replies":[{"embeddable":true,"href":"https:\/\/www.nedozery.sk\/vcelarstvo\/wp-json\/wp\/v2\/comments?post=1800"}],"version-history":[{"count":0,"href":"https:\/\/www.nedozery.sk\/vcelarstvo\/wp-json\/wp\/v2\/product\/1800\/revisions"}],"wp:featuredmedia":[{"embeddable":true,"href":"https:\/\/www.nedozery.sk\/vcelarstvo\/wp-json\/wp\/v2\/media\/1801"}],"wp:attachment":[{"href":"https:\/\/www.nedozery.sk\/vcelarstvo\/wp-json\/wp\/v2\/media?parent=1800"}],"wp:term":[{"taxonomy":"product_brand","embeddable":true,"href":"https:\/\/www.nedozery.sk\/vcelarstvo\/wp-json\/wp\/v2\/product_brand?post=1800"},{"taxonomy":"product_cat","embeddable":true,"href":"https:\/\/www.nedozery.sk\/vcelarstvo\/wp-json\/wp\/v2\/product_cat?post=1800"},{"taxonomy":"product_tag","embeddable":true,"href":"https:\/\/www.nedozery.sk\/vcelarstvo\/wp-json\/wp\/v2\/product_tag?post=1800"}],"curies":[{"name":"wp","href":"https:\/\/api.w.org\/{rel}","templated":true}]}}