{"id":182,"date":"2021-10-24T14:07:43","date_gmt":"2021-10-24T12:07:43","guid":{"rendered":"https:\/\/www.nedozery.sk\/vcelarstvo\/?product=produkt-88"},"modified":"2024-02-27T10:56:38","modified_gmt":"2024-02-27T09:56:38","slug":"produkt-88","status":"publish","type":"product","link":"https:\/\/www.nedozery.sk\/vcelarstvo\/produkt\/produkt-88\/","title":{"rendered":"Samolepiace etikety klasick\u00e9, 100 ks &#8211; vzor K"},"content":{"rendered":"<h2>Samolepiace etikety klasick\u00e9, 100 ks &#8211; vzor K<\/h2>\n<div class=\"in-pane\">\n<div class=\"long-description\">\n<p><b>Klasick\u00e9 samolepiace etikety s rozmerom 116&#215;50 mm<\/b>\u00a0so \u0161irokou \u0161k\u00e1lou v\u010del\u00e1rskych dizajnov. Je mo\u017en\u00e9 ich aplikova\u0165 na r\u00f4zne druhy flia\u0161 \u010di poh\u00e1rov na med.<strong>\u00a0<\/strong>Etikety s\u00fa navrhnut\u00e9 za \u00fa\u010delom o\u017eivenia Va\u0161ich v\u00fdrobkov a s\u00fa vytla\u010den\u00e9 na kvalitnom lesklom samolepiacom papieri. Minim\u00e1lny odber je jedno balenie, ktor\u00e9 obsahuje 100 ks etikiet rovnak\u00e9ho druhu.<\/p>\n<p>Orienta\u010dn\u00e1 hmotnos\u0165: 0,110 kg<\/p>\n<\/div>\n<\/div>\n","protected":false},"excerpt":{"rendered":"<p>Samolepiace etikety klasick\u00e9, 100 ks &#8211; vzor K Klasick\u00e9 samolepiace etikety s rozmerom 116&#215;50 mm\u00a0so \u0161irokou \u0161k\u00e1lou v\u010del\u00e1rskych dizajnov. Je mo\u017en\u00e9 ich aplikova\u0165 na r\u00f4zne druhy flia\u0161 \u010di poh\u00e1rov na med.\u00a0Etikety s\u00fa navrhnut\u00e9 za \u00fa\u010delom o\u017eivenia Va\u0161ich v\u00fdrobkov a s\u00fa vytla\u010den\u00e9 na kvalitnom lesklom samolepiacom papieri. Minim\u00e1lny odber je jedno balenie, ktor\u00e9 obsahuje 100 ks <a href=\"https:\/\/www.nedozery.sk\/vcelarstvo\/produkt\/produkt-88\/\" class=\"read-more inline\">\u010c\u00edtaj \u010falej<\/a><\/p>\n","protected":false},"featured_media":253,"comment_status":"open","ping_status":"closed","template":"","meta":[],"product_brand":[],"product_cat":[79,17],"product_tag":[],"class_list":{"0":"post-182","1":"product","2":"type-product","3":"status-publish","4":"has-post-thumbnail","6":"product_cat-etikety","7":"product_cat-obaly","9":"first","10":"instock","11":"taxable","12":"shipping-taxable","13":"purchasable","14":"product-type-simple"},"jetpack_sharing_enabled":true,"_links":{"self":[{"href":"https:\/\/www.nedozery.sk\/vcelarstvo\/wp-json\/wp\/v2\/product\/182","targetHints":{"allow":["GET"]}}],"collection":[{"href":"https:\/\/www.nedozery.sk\/vcelarstvo\/wp-json\/wp\/v2\/product"}],"about":[{"href":"https:\/\/www.nedozery.sk\/vcelarstvo\/wp-json\/wp\/v2\/types\/product"}],"replies":[{"embeddable":true,"href":"https:\/\/www.nedozery.sk\/vcelarstvo\/wp-json\/wp\/v2\/comments?post=182"}],"version-history":[{"count":0,"href":"https:\/\/www.nedozery.sk\/vcelarstvo\/wp-json\/wp\/v2\/product\/182\/revisions"}],"wp:featuredmedia":[{"embeddable":true,"href":"https:\/\/www.nedozery.sk\/vcelarstvo\/wp-json\/wp\/v2\/media\/253"}],"wp:attachment":[{"href":"https:\/\/www.nedozery.sk\/vcelarstvo\/wp-json\/wp\/v2\/media?parent=182"}],"wp:term":[{"taxonomy":"product_brand","embeddable":true,"href":"https:\/\/www.nedozery.sk\/vcelarstvo\/wp-json\/wp\/v2\/product_brand?post=182"},{"taxonomy":"product_cat","embeddable":true,"href":"https:\/\/www.nedozery.sk\/vcelarstvo\/wp-json\/wp\/v2\/product_cat?post=182"},{"taxonomy":"product_tag","embeddable":true,"href":"https:\/\/www.nedozery.sk\/vcelarstvo\/wp-json\/wp\/v2\/product_tag?post=182"}],"curies":[{"name":"wp","href":"https:\/\/api.w.org\/{rel}","templated":true}]}}