{"id":1824,"date":"2022-08-04T20:31:37","date_gmt":"2022-08-04T18:31:37","guid":{"rendered":"https:\/\/www.nedozery.sk\/vcelarstvo\/?post_type=product&#038;p=1824"},"modified":"2023-10-27T14:31:55","modified_gmt":"2023-10-27T12:31:55","slug":"pleva-mast-s-apisinom-vceli-jed-20g","status":"publish","type":"product","link":"https:\/\/www.nedozery.sk\/vcelarstvo\/produkt\/pleva-mast-s-apisinom-vceli-jed-20g\/","title":{"rendered":"Pleva Mas\u0165 s apis\u00ednom \/v\u010del\u00ed jed\/ 20g"},"content":{"rendered":"<p><span class=\"short_text\">\u2022 Apisin = v\u010del\u00ed jed<br \/>\n\u2022 pri bolestiach k\u013abov \u010di neuralgi\u00e1ch<br \/>\n\u2022 jemn\u00e1, \u0161etrn\u00e1 a pr\u00edrodn\u00e9 starostlivosti<br \/>\n<\/span><\/p>\n<p><span class=\"short_text\"><strong>N\u00e1vod na pou\u017eitie:<\/strong>\u00a0Men\u0161ie mno\u017estvo masti s apisinom votrite v tenkej vrstve na postihnut\u00e9 miesto a d\u00f4kladne premas\u00edrujte.<\/span><\/p>\n","protected":false},"excerpt":{"rendered":"<h5>Popis<\/h5>\n<p><strong>Bolestiv\u00e9 k\u013aby<\/strong><\/p>\n<p>Boles\u0165 v oblasti k\u013abov m\u00f4\u017ee ma\u0165 cel\u00fd rad pr\u00ed\u010din, \u010dasto sa v nej odr\u00e1\u017eaj\u00fa nutri\u010dn\u00e9 nedostatky, napr\u00edklad mal\u00e9 mno\u017estvo kolag\u00e9nu, v\u00e1pnika, hor\u010d\u00edka alebo napr\u00edklad vitam\u00ednu C. Va\u0161a lie\u010dba teda nutne nemus\u00ed za\u010d\u00edna\u0165 preh\u013atan\u00edm liekov na boles\u0165, ale ur\u010dite by mala za\u010d\u00edna\u0165 u odborn\u00edka, ktor\u00fd stanovuje spr\u00e1vnu diagn\u00f3zu a odporu\u010d\u00ed v\u00e1m, ako dan\u00e9 probl\u00e9my rie\u0161i\u0165. Ak potrebujete pomoc so zmiernen\u00edm \u0165a\u017ekost\u00ed a chcete zvoli\u0165 pr\u00edrodn\u00fa \u00fa\u010dinn\u00fa l\u00e1tku a siahnite po na\u0161ej Masti s apisinom. Je ve\u013emi \u00fa\u010dinn\u00e1, prekrv\u00ed poko\u017eku v bo\u013eav\u00fdch oblastiach a pom\u00f4\u017ee v\u00e1m k\u013abovej oblasti udr\u017ea\u0165 v dobrom stave.<\/p>\n<p><img decoding=\"async\" class=\"\" src=\"https:\/\/cdn.atomer.com\/user\/3385\/upload\/ftp_client\/apisin%20novy3.jpg\" alt=\"\" width=\"205\" height=\"135\" \/><\/p>\n<p><strong>Kedy k\u013aby bolievaj\u00fa<\/strong><\/p>\n<p>Boles\u0165 k\u013abov m\u00f4\u017ee by\u0165 spojen\u00e1 s cel\u00fdm radom faktorov a ochoren\u00ed. Ak v\u0161ak nie je pr\u00edznakom \u010di sprievodn\u00fdm javom nie\u010doho v\u00e1\u017enej\u0161ieho, \u010dasto je spojen\u00e1 s r\u00fdchlou zmenou po\u010dasia.<\/p>\n<p><img decoding=\"async\" class=\"\" src=\"https:\/\/cdn.atomer.com\/user\/3385\/upload\/ftp_client\/apisin%20novy5.jpg\" alt=\"\" width=\"208\" height=\"137\" \/><\/p>\n<p>Bolestiv\u00e9 k\u013aby potom nepr\u00edjemne reaguj\u00fa prakticky na ak\u00fdko\u013evek ka\u017edodenn\u00e9 pohyb a postupne v\u00e1s postihnut\u00e9 miesta m\u00f4\u017eu bolie\u0165 napr\u00edklad aj vo chv\u00ed\u013each relax\u00e1cie alebo sp\u00e1nku. Nepodce\u0148ujte preto prevenciu a doprajte svojim k\u013abom jemn\u00fa, \u0161etrn\u00fa a pr\u00edrodn\u00e9 starostlivos\u0165 na\u0161ej Masti s apisinom.<\/p>\n<p><img decoding=\"async\" class=\"\" src=\"https:\/\/cdn.atomer.com\/user\/3385\/upload\/ftp_client\/apisin%20novy2.jpg\" alt=\"\" width=\"211\" height=\"139\" \/><\/p>\n<p><strong>Balen\u00e9 v skle<\/strong><\/p>\n<p>Mysl\u00edme na pr\u00edrodu, a preto sa sna\u017e\u00edme obmedzova\u0165 mno\u017estvo plastov\u00e9ho odpadu zhodnoten\u00e9ho pre na\u0161e produkty. Na\u0161\u00edm cie\u013eom je postupn\u00fd n\u00e1vrat ku sklenen\u00fdm obalom, priate\u013esk\u00fdm k \u017eivotn\u00e9mu prostrediu.<\/p>\n<p><strong>Hmotnos\u0165: 20g alebo 90g<\/strong><\/p>\n<p><strong>Teraz aj vo v\u00e4\u010d\u0161om balen\u00ed<\/strong><\/p>\n<p>Aby v\u00e1m Mas\u0165 s apisinem \u010di\u017ee v\u010del\u00edm jedom dlh\u0161ie vydr\u017eala, m\u00e1me pre v\u00e1s nov\u00e9 v\u00fdhodn\u00e9 90 g balenie.<\/p>\n<p><strong>Zlo\u017eenie:\u00a0<\/strong>Petrolatum, Lanolin, Salicylic acid, Bee Venom (Apisin), Parfum, Benzyl salicylate, Citronellol<\/p>\n<p class=\"product-description\">mas\u0165 s apis\u00ednom obsahuje 0,0149% v\u010delieho jedu. \u010co je nejvy\u0161\u0161ie povolen\u00e9 %.<\/p>\n<p><img loading=\"lazy\" decoding=\"async\" class=\"\" src=\"https:\/\/pleva.s6.cdn-upgates.com\/v\/v6047e05216681-2-3-160113-vceli-jed1-2-700.jpg\" alt=\"Mast s apisinem - v\u010del\u00edm jedem, Pleva\" width=\"252\" height=\"174\" \/><\/p>\n<p><strong>Ako v\u010del\u00ed jed z\u00edskavame<\/strong><\/p>\n<p>V\u010del\u00ed jed (apisin) je zn\u00e1my aj pod pojmom apitoxin. Je to sekr\u00e9t jedov\u00e9 \u017e\u013eazy, hromadiace sa v jedovat\u00fd va\u010dku, na vzduchu r\u00fdchlo kry\u0161talizuje.<\/p>\n<p>Pri zbere v\u010delieho jedu vyu\u017e\u00edvame odolnos\u0165 \u017eihadl\u00e1 proti vytrhnutiu. V\u010dielky prebiehaj\u00fa cez sklo s mikrot\u00e9novou f\u00f3liou. Na f\u00f3liu s\u00fa natiahnut\u00e9 dr\u00f4tiky, v ktor\u00fdch prebieha slab\u00fd elektrick\u00fd pr\u00fad, ktor\u00fd V\u010dielke ni\u010d neurob\u00ed, ale podr\u00e1\u017edi ju. Ona pichne a na skle zostane kvap\u00f4\u010dka jedu. Tenk\u00e1 mikrot\u00e9nov\u00e9 f\u00f3lie jej umo\u017en\u00ed hladko vytiahnu\u0165 \u017eihadlo a odletie\u0165 zase na l\u00faku.<\/p>\n<p>&nbsp;<\/p>\n","protected":false},"featured_media":1827,"comment_status":"open","ping_status":"closed","template":"","meta":[],"product_brand":[],"product_cat":[37],"product_tag":[],"class_list":{"0":"post-1824","1":"product","2":"type-product","3":"status-publish","4":"has-post-thumbnail","6":"product_cat-kozmetika","8":"first","9":"outofstock","10":"taxable","11":"shipping-taxable","12":"purchasable","13":"product-type-simple"},"jetpack_sharing_enabled":true,"_links":{"self":[{"href":"https:\/\/www.nedozery.sk\/vcelarstvo\/wp-json\/wp\/v2\/product\/1824","targetHints":{"allow":["GET"]}}],"collection":[{"href":"https:\/\/www.nedozery.sk\/vcelarstvo\/wp-json\/wp\/v2\/product"}],"about":[{"href":"https:\/\/www.nedozery.sk\/vcelarstvo\/wp-json\/wp\/v2\/types\/product"}],"replies":[{"embeddable":true,"href":"https:\/\/www.nedozery.sk\/vcelarstvo\/wp-json\/wp\/v2\/comments?post=1824"}],"version-history":[{"count":0,"href":"https:\/\/www.nedozery.sk\/vcelarstvo\/wp-json\/wp\/v2\/product\/1824\/revisions"}],"wp:featuredmedia":[{"embeddable":true,"href":"https:\/\/www.nedozery.sk\/vcelarstvo\/wp-json\/wp\/v2\/media\/1827"}],"wp:attachment":[{"href":"https:\/\/www.nedozery.sk\/vcelarstvo\/wp-json\/wp\/v2\/media?parent=1824"}],"wp:term":[{"taxonomy":"product_brand","embeddable":true,"href":"https:\/\/www.nedozery.sk\/vcelarstvo\/wp-json\/wp\/v2\/product_brand?post=1824"},{"taxonomy":"product_cat","embeddable":true,"href":"https:\/\/www.nedozery.sk\/vcelarstvo\/wp-json\/wp\/v2\/product_cat?post=1824"},{"taxonomy":"product_tag","embeddable":true,"href":"https:\/\/www.nedozery.sk\/vcelarstvo\/wp-json\/wp\/v2\/product_tag?post=1824"}],"curies":[{"name":"wp","href":"https:\/\/api.w.org\/{rel}","templated":true}]}}