{"id":1828,"date":"2022-08-04T20:36:57","date_gmt":"2022-08-04T18:36:57","guid":{"rendered":"https:\/\/www.nedozery.sk\/vcelarstvo\/?post_type=product&#038;p=1828"},"modified":"2023-10-27T14:31:55","modified_gmt":"2023-10-27T12:31:55","slug":"pleva-vlasova-voda-s-materskou-kasickou-115-g","status":"publish","type":"product","link":"https:\/\/www.nedozery.sk\/vcelarstvo\/produkt\/pleva-vlasova-voda-s-materskou-kasickou-115-g\/","title":{"rendered":"Pleva Vlasov\u00e1 voda s materskou ka\u0161i\u010dkou 115 g"},"content":{"rendered":"<p>\u2022 pre silnej\u0161ie a lesklej\u0161ie vlasy<br \/>\n\u2022 regeneruje od korienkov a\u017e po kon\u010deky<br \/>\n\u2022 zmier\u0148uje vypad\u00e1vanie a zvy\u0161uje kvalitu vlasov<\/p>\n<p><strong>N\u00e1vod na pou\u017eitie:<\/strong>\u00a0Vlasy umyte va\u0161\u00edm be\u017en\u00fdm \u0161amp\u00f3nom, starostlivo opl\u00e1chnite vodou a osu\u0161te uter\u00e1kom. Vlasov\u00fa vodu nan\u00e1\u0161ame do e\u0161te vlhk\u00fdch alebo such\u00fdch vlasov, a to jemnou mas\u00e1\u017eou poko\u017eky hlavy po\u010das troch min\u00fat. Pre spr\u00e1vnu aplik\u00e1ciu posta\u010d\u00ed aj men\u0161ie mno\u017estvo pr\u00edpravku, d\u00f4le\u017eit\u00e9 je v\u0161ak pou\u017eitie po ka\u017edom umyt\u00ed vlasov. U\u017e sa neoplachuje. Pre dosiahnutie optim\u00e1lneho \u00fa\u010dinku pri nadmernom vypad\u00e1van\u00ed vlasov je ide\u00e1lny aplikova\u0165 2x denne.<\/p>\n","protected":false},"excerpt":{"rendered":"<p><strong>Ka\u0161i\u010dka ako v\u00fd\u017eiva<\/strong><\/p>\n<p>Asi u\u017e viete, \u017ee materskou ka\u0161i\u010dkou v\u010dielky k\u0155mia kr\u00e1\u013eovn\u00fa a mlad\u00e9 larvy, teda t\u00fdch \u010dlenov \u00fa\u013ea, ktor\u00ed potrebuj\u00fa najviac energie.<\/p>\n<p><img fetchpriority=\"high\" decoding=\"async\" class=\"\" src=\"https:\/\/pleva.s6.cdn-upgates.com\/4\/46049d59434abc-5-2-150601-medobrani-potstejn081-1000.jpg\" alt=\"Vlasov\u00e1 voda s mate\u0159\u00ed ka\u0161i\u010dkou - Pleva\" width=\"532\" height=\"352\" \/><\/p>\n<p><strong>V\u00fdborn\u00e9 hodnotenie<\/strong><\/p>\n<p>Ve\u013emi n\u00e1s te\u0161\u00ed, \u017ee t\u00e1to vlasov\u00e1 voda zbiera v\u00fdborn\u00e9 hodnotenia na\u0161ich z\u00e1kazn\u00edkov. S\u00fakromn\u00fa kore\u0161pondenciu zverej\u0148ova\u0165 nem\u00f4\u017eeme, za v\u0161etko ale hovor\u00ed nez\u00e1visl\u00e9 recenzie na internete.<\/p>\n<p><strong>Pozit\u00edvnych vplyvov je cel\u00fd rad, konkr\u00e9tne t\u00e1to vlasov\u00e1 voda m\u00e1 v\u0161ak v z\u00e1sade tri:<\/strong><\/p>\n<p>\u2022 zmier\u0148uje vypad\u00e1vanie<br \/>\n\u2022 vlasy bud\u00fa silnej\u0161ie a lesklej\u0161ie<br \/>\n\u2022 voda regeneruje vlasy po celej ich d\u013a\u017eke<\/p>\n<p>V\u00fdsledn\u00fd \u00fa\u010dinok v\u017edy z\u00e1vis\u00ed na pr\u00ed\u010dine vypad\u00e1vania a typu vlasov \/ poko\u017eky, odozva z\u00e1kazn\u00edkov je ale skvel\u00e1.<\/p>\n<p><img decoding=\"async\" class=\"\" src=\"https:\/\/pleva.s6.cdn-upgates.com\/s\/s608132994ccb1-5-2-vlasova-voda-s-materi-kasickou-700.png\" alt=\"Vlasov\u00e1 voda s mate\u0159\u00ed ka\u0161i\u010dkou, Pleva\" width=\"253\" height=\"187\" \/><\/p>\n<p><img decoding=\"async\" class=\"alignleft\" src=\"https:\/\/pleva.s6.cdn-upgates.com\/l\/l6098ea33f2dbc-5-8-190209-novavlasovkavelka-1-clipped-rev-1-700.png\" alt=\"Vlasov\u00e1 voda s mate\u0159\u00ed ka\u0161i\u010dkou - velk\u00e9 balen\u00ed, Pleva\" width=\"146\" height=\"106\" \/><\/p>\n<p><strong>Teraz aj vo v\u00e4\u010d\u0161om balen\u00ed<\/strong><\/p>\n<p>Aby v\u00e1m na\u0161a Vlasov\u00e1 voda s materskou ka\u0161i\u010dkou dlh\u0161ie vydr\u017eala, m\u00e1me pre v\u00e1s nov\u00e9 v\u00fdhodn\u00e9 480g balenie.<\/p>\n<p>Hmotnos\u0165<strong>: 115g<\/strong>\u00a0alebo\u00a0<strong>480g<\/strong><\/p>\n<p><strong>Ingredients:\u00a0<\/strong>Alcohol denat, Aqua, Pisum Sativum Sprout Extract, Royal Jelly, Phenoxyethanol, Sodium Benzoate, Parfum<strong><br \/>\n<\/strong><\/p>\n<p>&nbsp;<\/p>\n<p><strong><img loading=\"lazy\" decoding=\"async\" class=\"\" src=\"https:\/\/pleva.s6.cdn-upgates.com\/e\/e608139f66ddb5-5-3-sampon-s-propolisem-150g-spolecna-sirka-700.png\" alt=\"\u0160ampon s propolisem, pleva\" width=\"127\" height=\"93\" \/>Tip na skvel\u00fd \u0161amp\u00f3n<\/strong><\/p>\n<p>Pre dokonal\u00fa starostlivos\u0165 o vlasy je lep\u0161ie pou\u017ei\u0165 sk\u00f4r kombin\u00e1ciu nieko\u013ek\u00fdch \u00fazko zameran\u00fdch pr\u00edpravkov, ktor\u00e9 si m\u00f4\u017eete sami d\u00e1vkova\u0165, ako jeden univerz\u00e1lny \u0161amp\u00f3n typu \u201cv\u0161etko v jednom\u201d. \u013dah\u0161ie tak pr\u00eddete na to, \u010do vlasom ch\u00fdba a \u010do je naopak ne\u00fa\u010dinn\u00e9.<\/p>\n<p>K tejto vlasovej vode preto odpor\u00fa\u010dame jednoduch\u00fd, ve\u013emi \u0161etrn\u00fd \u0161amp\u00f3n s propolisom, ktor\u00fd je vhodn\u00fd pre ka\u017edodenn\u00e9 pou\u017eitie. Vlasy s\u00fa po \u0148om pevn\u00e9, leskl\u00e9 a navy\u0161e je zn\u00ed\u017een\u00e1 tvorba lup\u00edn.<\/p>\n","protected":false},"featured_media":1831,"comment_status":"open","ping_status":"closed","template":"","meta":[],"product_brand":[],"product_cat":[37],"product_tag":[],"class_list":{"0":"post-1828","1":"product","2":"type-product","3":"status-publish","4":"has-post-thumbnail","6":"product_cat-kozmetika","8":"first","9":"outofstock","10":"taxable","11":"shipping-taxable","12":"purchasable","13":"product-type-simple"},"jetpack_sharing_enabled":true,"_links":{"self":[{"href":"https:\/\/www.nedozery.sk\/vcelarstvo\/wp-json\/wp\/v2\/product\/1828","targetHints":{"allow":["GET"]}}],"collection":[{"href":"https:\/\/www.nedozery.sk\/vcelarstvo\/wp-json\/wp\/v2\/product"}],"about":[{"href":"https:\/\/www.nedozery.sk\/vcelarstvo\/wp-json\/wp\/v2\/types\/product"}],"replies":[{"embeddable":true,"href":"https:\/\/www.nedozery.sk\/vcelarstvo\/wp-json\/wp\/v2\/comments?post=1828"}],"version-history":[{"count":0,"href":"https:\/\/www.nedozery.sk\/vcelarstvo\/wp-json\/wp\/v2\/product\/1828\/revisions"}],"wp:featuredmedia":[{"embeddable":true,"href":"https:\/\/www.nedozery.sk\/vcelarstvo\/wp-json\/wp\/v2\/media\/1831"}],"wp:attachment":[{"href":"https:\/\/www.nedozery.sk\/vcelarstvo\/wp-json\/wp\/v2\/media?parent=1828"}],"wp:term":[{"taxonomy":"product_brand","embeddable":true,"href":"https:\/\/www.nedozery.sk\/vcelarstvo\/wp-json\/wp\/v2\/product_brand?post=1828"},{"taxonomy":"product_cat","embeddable":true,"href":"https:\/\/www.nedozery.sk\/vcelarstvo\/wp-json\/wp\/v2\/product_cat?post=1828"},{"taxonomy":"product_tag","embeddable":true,"href":"https:\/\/www.nedozery.sk\/vcelarstvo\/wp-json\/wp\/v2\/product_tag?post=1828"}],"curies":[{"name":"wp","href":"https:\/\/api.w.org\/{rel}","templated":true}]}}