{"id":1833,"date":"2022-08-04T20:48:18","date_gmt":"2022-08-04T18:48:18","guid":{"rendered":"https:\/\/www.nedozery.sk\/vcelarstvo\/?post_type=product&#038;p=1833"},"modified":"2023-10-27T14:31:55","modified_gmt":"2023-10-27T12:31:55","slug":"pleva-vlasova-voda-s-propolisom-115-g","status":"publish","type":"product","link":"https:\/\/www.nedozery.sk\/vcelarstvo\/produkt\/pleva-vlasova-voda-s-propolisom-115-g\/","title":{"rendered":"Pleva Vlasov\u00e1 voda s propolisom 115 g"},"content":{"rendered":"<p>\u2022 posil\u0148uje rast nov\u00fdch vlasov<br \/>\n\u2022 proti vypad\u00e1vaniu a tvorbe lup\u00edn<br \/>\n\u2022 \u00fa\u010dinky sa prejavuj\u00fa u\u017e po prv\u00fdch 14 d\u0148och<\/p>\n<p>&nbsp;<\/p>\n<p><strong>N\u00e1vod na pou\u017eitie:<\/strong>\u00a0Vlasov\u00fa vodu starostlivo vmas\u00edrujte bru\u0161kami prstov po dobu 3 min\u00fat do vlhk\u00fdch vlasov a poko\u017eky. U\u017e sa neoplachuje. Sediment je prirodzen\u00fd. Pre zv\u00fd\u0161enie \u00fa\u010dinku pou\u017e\u00edvajte 2 \u00d7 denne.<\/p>\n","protected":false},"excerpt":{"rendered":"<h5>Popis<\/h5>\n<p><strong>Regener\u00e1cia u\u017e za 14 dn\u00ed<\/strong><\/p>\n<p>Vyhovuje v\u00e1m v\u00e1\u0161 existuj\u00faci \u0161amp\u00f3n, ale vlasy st\u00e1le nevyzeraj\u00fa tak zdravo, ako si prajete? Rie\u0161en\u00edm je vlasov\u00e1 voda. Vhodne dopln\u00ed v\u0161etky ch\u00fdbaj\u00face \u00fa\u010dinky a navy\u0161e va\u0161e vlasy kr\u00e1sne prevonia. Tento variant s propolisom je skvel\u00e1 pre problematick\u00fa vlasov\u00fa poko\u017eku, ktor\u00e1 trp\u00ed vysu\u0161en\u00edm, tvorbou lup\u00edn a nadmern\u00fdm vypad\u00e1van\u00edm vlasov. Vlasov\u00e1 voda im navr\u00e1ti silu, spevn\u00ed korienky a napom\u00f4\u017ee tie\u017e rastu nov\u00fdch vlasov \u2013 pod\u013ea z\u00e1kazn\u00edkov sa \u00fa\u010dinky prejavuj\u00fa u\u017e po prv\u00fdch 14 d\u0148och.<\/p>\n<p><strong>Ako dosta\u0165 vlasy do rovnov\u00e1hy<\/strong><\/p>\n<p>Najprv trochu \u010d\u00edsel: na hlave m\u00e1me okolo 100 000 vlasov, \u010do m\u00f4\u017ee vyzera\u0165 ako obrovsk\u00e9 mno\u017estvo, priemerne ale vlas rastie dlh\u00e9 2 a\u017e 3 roky. Ke\u010f v\u00e1m teda denne vypadne viac ako obvykl\u00fdch 70 a\u017e 100 vlasov, u\u017e po\u010das nieko\u013ek\u00fdch mesiacov si zmeny za\u010dne v\u0161\u00edma\u0165 va\u0161e okolie. Pr\u00ed\u010din m\u00f4\u017ee by\u0165 hne\u010f nieko\u013eko, od zlej \u017eivotospr\u00e1vy a\u017e po stres, a m\u00f4\u017ee by\u0165 ve\u013emi zlo\u017eit\u00e9 t\u00fa prav\u00fa pr\u00ed\u010dinu odhali\u0165. Zmierni\u0165 tieto negat\u00edvne prejavy na\u0161\u0165astie dok\u00e1\u017ee cel\u00e1 rada zlo\u017eiek a vitam\u00ednov.<\/p>\n<p><img fetchpriority=\"high\" decoding=\"async\" class=\"\" src=\"https:\/\/pleva.s6.cdn-upgates.com\/g\/g6080a5df3b79f-5-1-vlasova-voda-s-propolisem-115g-1-sirka-1000.png\" alt=\"Vlasov\u00e1 voda s propolisem, Pleva\" width=\"367\" height=\"279\" \/><\/p>\n<p>Skvel\u00fdch v\u00fdsledkov dosahuje propolis, \u010do je koktail najr\u00f4znej\u0161\u00edch prvkov, aromatick\u00fdch kysel\u00edn a aldehydov. U\u017e pri mas\u00e1\u017ei vlasovej vody do poko\u017eky doch\u00e1dza k d\u00f4le\u017eit\u00e9mu prekrveniu poko\u017eky, \u0161etrn\u00e9 dezinfekciu a \u010distenie. Korienky posiln\u00ed a vlas z\u00edska mnoho d\u00f4le\u017eit\u00fdch prvkov pre svoju stavbu, ako je \u017eelezo, me\u010f a zinok.<\/p>\n<p><strong>Pre \u017eeny aj mu\u017eov<\/strong><\/p>\n<p>Pr\u00edrodn\u00e9 v\u00f4\u0148a je pr\u00edjemn\u00e1 pre v\u0161etky vekov\u00e9 kateg\u00f3rie, \u017eeny a mu\u017ea. Rovnako tak sme prisp\u00f4sobili aj zlo\u017eenie, tak\u017ee je tu dostatok \u00fa\u010dinnej l\u00e1tky a voda je z\u00e1rove\u0148 maxim\u00e1lne \u0161etrn\u00e1.<\/p>\n<p><img decoding=\"async\" class=\"\" src=\"https:\/\/pleva.s6.cdn-upgates.com\/u\/u6049d21d77fe4-5-1-vlasova-voda-s-propolisem-700.jpg\" alt=\"Vlasov\u00e1 voda s propolisem - Pleva\" width=\"189\" height=\"140\" \/><img decoding=\"async\" class=\"\" src=\"https:\/\/pleva.s6.cdn-upgates.com\/t\/t6098e57ae9045-5-7-190209-novavlasovkavelka-3-clipped-rev-1000.png\" alt=\"Vlasov\u00e1 voda s propolisem - velk\u00e9 balen\u00ed, Pleva\" width=\"245\" height=\"140\" \/><\/p>\n<p><strong>Teraz aj vo v\u00e4\u010d\u0161om balen\u00ed<\/strong><\/p>\n<p>Aby v\u00e1m na\u0161a Vlasov\u00e1 voda s propolisom dlh\u0161ie vydr\u017eala, m\u00e1me pre v\u00e1s nov\u00e9 v\u00fdhodn\u00e9 480g balenie.<\/p>\n<p><strong>Hmotnos\u0165: 115g alebo 480g<\/strong><\/p>\n<p><strong>Ingredients:\u00a0<\/strong>Alcohol denat, Aqua, Propolis extract, Pisum Sativum Sprout Extract, Glycerin, Phenoxyethanol, Sodium Benzoate<strong><br \/>\n<\/strong><\/p>\n<p>&nbsp;<\/p>\n<p><img loading=\"lazy\" decoding=\"async\" class=\"\" src=\"https:\/\/pleva.s6.cdn-upgates.com\/8\/86049d21dcbd97-5-1-propolis-pleva-b-5-700.jpg\" alt=\"Vlasov\u00e1 voda s propolisem - Pleva\" width=\"217\" height=\"144\" \/><\/p>\n<p><strong>Ako z\u00edskavame propolis<\/strong><\/p>\n<p>Propolis je pevn\u00e1 \u017eivicov\u00e1 hmota, ktor\u00fa v\u010dielky pou\u017e\u00edvaj\u00fa na tmelenie a dezinfekciu vn\u00fatri \u00fa\u013ea. Ak sa niekde objavia cudzorod\u00e9 teleso, v\u010dielky ho pokryj\u00fa propolisom, a oddel\u00ed tak od zvy\u0161ku spolo\u010denstva.<\/p>\n<p>V\u010del\u00e1ri ho z\u00edskavaj\u00fa mnoh\u00fdmi sp\u00f4sobmi, naj\u010dastej\u0161ie prost\u00fdm zo\u0161kraban\u00edm z r\u00e1mikov. Cielene mo\u017eno propolis zbiera\u0165 aj tak, \u017ee sa do \u00fa\u013eov d\u00e1vaj\u00fa sie\u0165ky s drobn\u00fdmi okami, ktor\u00e9 maj\u00fa v\u010dely tendenciu zatmeli\u0165 propolisom. Sie\u0165ku potom mo\u017eno po nieko\u013ek\u00fdch t\u00fd\u017ed\u0148och vybra\u0165 a propolis otrias\u0165 do n\u00e1doby. Takto z\u00edskan\u00fd propolis sa pou\u017e\u00edva v kr\u00e9moch, zubn\u00fdch past\u00e1ch i ple\u0165ov\u00fdch vod\u00e1ch. Zak\u00fapi\u0165 ho m\u00f4\u017eete aj v surovom stave napr. Na v\u00fdrobu tinkt\u00fary alebo boj s bradavicami.<\/p>\n","protected":false},"featured_media":1836,"comment_status":"open","ping_status":"closed","template":"","meta":[],"product_brand":[],"product_cat":[37],"product_tag":[],"class_list":{"0":"post-1833","1":"product","2":"type-product","3":"status-publish","4":"has-post-thumbnail","6":"product_cat-kozmetika","8":"first","9":"outofstock","10":"taxable","11":"shipping-taxable","12":"purchasable","13":"product-type-simple"},"jetpack_sharing_enabled":true,"_links":{"self":[{"href":"https:\/\/www.nedozery.sk\/vcelarstvo\/wp-json\/wp\/v2\/product\/1833","targetHints":{"allow":["GET"]}}],"collection":[{"href":"https:\/\/www.nedozery.sk\/vcelarstvo\/wp-json\/wp\/v2\/product"}],"about":[{"href":"https:\/\/www.nedozery.sk\/vcelarstvo\/wp-json\/wp\/v2\/types\/product"}],"replies":[{"embeddable":true,"href":"https:\/\/www.nedozery.sk\/vcelarstvo\/wp-json\/wp\/v2\/comments?post=1833"}],"version-history":[{"count":0,"href":"https:\/\/www.nedozery.sk\/vcelarstvo\/wp-json\/wp\/v2\/product\/1833\/revisions"}],"wp:featuredmedia":[{"embeddable":true,"href":"https:\/\/www.nedozery.sk\/vcelarstvo\/wp-json\/wp\/v2\/media\/1836"}],"wp:attachment":[{"href":"https:\/\/www.nedozery.sk\/vcelarstvo\/wp-json\/wp\/v2\/media?parent=1833"}],"wp:term":[{"taxonomy":"product_brand","embeddable":true,"href":"https:\/\/www.nedozery.sk\/vcelarstvo\/wp-json\/wp\/v2\/product_brand?post=1833"},{"taxonomy":"product_cat","embeddable":true,"href":"https:\/\/www.nedozery.sk\/vcelarstvo\/wp-json\/wp\/v2\/product_cat?post=1833"},{"taxonomy":"product_tag","embeddable":true,"href":"https:\/\/www.nedozery.sk\/vcelarstvo\/wp-json\/wp\/v2\/product_tag?post=1833"}],"curies":[{"name":"wp","href":"https:\/\/api.w.org\/{rel}","templated":true}]}}