{"id":191,"date":"2021-10-24T14:07:51","date_gmt":"2021-10-24T12:07:51","guid":{"rendered":"https:\/\/www.nedozery.sk\/vcelarstvo\/?product=produkt-97"},"modified":"2026-01-13T11:59:58","modified_gmt":"2026-01-13T10:59:58","slug":"produkt-97","status":"publish","type":"product","link":"https:\/\/www.nedozery.sk\/vcelarstvo\/produkt\/produkt-97\/","title":{"rendered":"Krm\u00edtko stropn\u00e9 na sirup (3l) a cesto (2,5l), Tatran B"},"content":{"rendered":"<h2>Krm\u00edtko stropn\u00e9 na sirup (3l) a cesto (2,5l), Tatran B<\/h2>\n<div class=\"in-pane\">\n<div class=\"long-description\">\n<p><strong>Stropn\u00e9 krm\u00edtko na sirup (3l) a cesto (2,5l)<\/strong>\u00a0a rozmermi z\u00e1kladne 42 x 49 cm je vhodn\u00e9 pre \u00fale Tatran B. V krm\u00edtku je mo\u017en\u00e9 pou\u017ei\u0165 cesto aj tekut\u00fd pokrm.<\/p>\n<p>Orienta\u010dn\u00e1 hmotnos\u0165: 1,300 kg<\/p>\n<\/div>\n<\/div>\n","protected":false},"excerpt":{"rendered":"<p>Krm\u00edtko stropn\u00e9 na sirup (3l) a cesto (2,5l), Tatran B Stropn\u00e9 krm\u00edtko na sirup (3l) a cesto (2,5l)\u00a0a rozmermi z\u00e1kladne 42 x 49 cm je vhodn\u00e9 pre \u00fale Tatran B. V krm\u00edtku je mo\u017en\u00e9 pou\u017ei\u0165 cesto aj tekut\u00fd pokrm. Orienta\u010dn\u00e1 hmotnos\u0165: 1,300 kg<\/p>\n","protected":false},"featured_media":288,"comment_status":"open","ping_status":"closed","template":"","meta":[],"product_brand":[],"product_cat":[42,97,16],"product_tag":[],"class_list":{"0":"post-191","1":"product","2":"type-product","3":"status-publish","4":"has-post-thumbnail","6":"product_cat-krmenie","7":"product_cat-krmidlo","8":"product_cat-ule","10":"first","11":"instock","12":"taxable","13":"shipping-taxable","14":"purchasable","15":"product-type-simple"},"jetpack_sharing_enabled":true,"_links":{"self":[{"href":"https:\/\/www.nedozery.sk\/vcelarstvo\/wp-json\/wp\/v2\/product\/191","targetHints":{"allow":["GET"]}}],"collection":[{"href":"https:\/\/www.nedozery.sk\/vcelarstvo\/wp-json\/wp\/v2\/product"}],"about":[{"href":"https:\/\/www.nedozery.sk\/vcelarstvo\/wp-json\/wp\/v2\/types\/product"}],"replies":[{"embeddable":true,"href":"https:\/\/www.nedozery.sk\/vcelarstvo\/wp-json\/wp\/v2\/comments?post=191"}],"version-history":[{"count":0,"href":"https:\/\/www.nedozery.sk\/vcelarstvo\/wp-json\/wp\/v2\/product\/191\/revisions"}],"wp:featuredmedia":[{"embeddable":true,"href":"https:\/\/www.nedozery.sk\/vcelarstvo\/wp-json\/wp\/v2\/media\/288"}],"wp:attachment":[{"href":"https:\/\/www.nedozery.sk\/vcelarstvo\/wp-json\/wp\/v2\/media?parent=191"}],"wp:term":[{"taxonomy":"product_brand","embeddable":true,"href":"https:\/\/www.nedozery.sk\/vcelarstvo\/wp-json\/wp\/v2\/product_brand?post=191"},{"taxonomy":"product_cat","embeddable":true,"href":"https:\/\/www.nedozery.sk\/vcelarstvo\/wp-json\/wp\/v2\/product_cat?post=191"},{"taxonomy":"product_tag","embeddable":true,"href":"https:\/\/www.nedozery.sk\/vcelarstvo\/wp-json\/wp\/v2\/product_tag?post=191"}],"curies":[{"name":"wp","href":"https:\/\/api.w.org\/{rel}","templated":true}]}}