{"id":192,"date":"2021-10-24T14:07:51","date_gmt":"2021-10-24T12:07:51","guid":{"rendered":"https:\/\/www.nedozery.sk\/vcelarstvo\/?product=produkt-98"},"modified":"2025-07-23T22:33:42","modified_gmt":"2025-07-23T20:33:42","slug":"produkt-98","status":"publish","type":"product","link":"https:\/\/www.nedozery.sk\/vcelarstvo\/produkt\/produkt-98\/","title":{"rendered":"S\u00edrne kn\u00f4ty &#8211; 250 g"},"content":{"rendered":"<h2>S\u00edrne kn\u00f4ty &#8211; 250 g<\/h2>\n<div class=\"in-pane\">\n<div class=\"long-description\">\n<p><strong>S\u00edrne kn\u00f4ty<\/strong>\u00a0&#8211; balenie obsahuje pl\u00e1tky napusten\u00e9 s\u00edrou a pou\u017e\u00edva sa na s\u00edrenie &#8211; dezinfekciu odlo\u017een\u00fdch r\u00e1mikov a \u00fa\u013eov proti vija\u010dke vo\u0161tinovej. M\u00f4\u017ee sa pou\u017ei\u0165 aj na s\u00edrenie sudov \u010di demi\u017e\u00f3nov.<\/p>\n<p><em>Pou\u017eitie:<\/em>\u00a0Kn\u00f4t sa vlo\u017e\u00ed do s\u00edrnej lampy, kde sa zap\u00e1li a umiestni do uzatvorenej miestnosti.<\/p>\n<p>Orienta\u010dn\u00e1 hmotnos\u0165: 0,260 kg<\/p>\n<\/div>\n<\/div>\n","protected":false},"excerpt":{"rendered":"<p>S\u00edrne kn\u00f4ty &#8211; 250 g S\u00edrne kn\u00f4ty\u00a0&#8211; balenie obsahuje pl\u00e1tky napusten\u00e9 s\u00edrou a pou\u017e\u00edva sa na s\u00edrenie &#8211; dezinfekciu odlo\u017een\u00fdch r\u00e1mikov a \u00fa\u013eov proti vija\u010dke vo\u0161tinovej. M\u00f4\u017ee sa pou\u017ei\u0165 aj na s\u00edrenie sudov \u010di demi\u017e\u00f3nov. Pou\u017eitie:\u00a0Kn\u00f4t sa vlo\u017e\u00ed do s\u00edrnej lampy, kde sa zap\u00e1li a umiestni do uzatvorenej miestnosti. Orienta\u010dn\u00e1 hmotnos\u0165: 0,260 kg<\/p>\n","protected":false},"featured_media":517,"comment_status":"open","ping_status":"closed","template":"","meta":[],"product_brand":[],"product_cat":[20,75],"product_tag":[],"class_list":{"0":"post-192","1":"product","2":"type-product","3":"status-publish","4":"has-post-thumbnail","6":"product_cat-lieciva","7":"product_cat-vijacka","9":"first","10":"outofstock","11":"taxable","12":"shipping-taxable","13":"purchasable","14":"product-type-simple"},"jetpack_sharing_enabled":true,"_links":{"self":[{"href":"https:\/\/www.nedozery.sk\/vcelarstvo\/wp-json\/wp\/v2\/product\/192","targetHints":{"allow":["GET"]}}],"collection":[{"href":"https:\/\/www.nedozery.sk\/vcelarstvo\/wp-json\/wp\/v2\/product"}],"about":[{"href":"https:\/\/www.nedozery.sk\/vcelarstvo\/wp-json\/wp\/v2\/types\/product"}],"replies":[{"embeddable":true,"href":"https:\/\/www.nedozery.sk\/vcelarstvo\/wp-json\/wp\/v2\/comments?post=192"}],"version-history":[{"count":0,"href":"https:\/\/www.nedozery.sk\/vcelarstvo\/wp-json\/wp\/v2\/product\/192\/revisions"}],"wp:featuredmedia":[{"embeddable":true,"href":"https:\/\/www.nedozery.sk\/vcelarstvo\/wp-json\/wp\/v2\/media\/517"}],"wp:attachment":[{"href":"https:\/\/www.nedozery.sk\/vcelarstvo\/wp-json\/wp\/v2\/media?parent=192"}],"wp:term":[{"taxonomy":"product_brand","embeddable":true,"href":"https:\/\/www.nedozery.sk\/vcelarstvo\/wp-json\/wp\/v2\/product_brand?post=192"},{"taxonomy":"product_cat","embeddable":true,"href":"https:\/\/www.nedozery.sk\/vcelarstvo\/wp-json\/wp\/v2\/product_cat?post=192"},{"taxonomy":"product_tag","embeddable":true,"href":"https:\/\/www.nedozery.sk\/vcelarstvo\/wp-json\/wp\/v2\/product_tag?post=192"}],"curies":[{"name":"wp","href":"https:\/\/api.w.org\/{rel}","templated":true}]}}