{"id":194,"date":"2021-10-24T14:07:53","date_gmt":"2021-10-24T12:07:53","guid":{"rendered":"https:\/\/www.nedozery.sk\/vcelarstvo\/?product=produkt-100"},"modified":"2024-02-27T10:18:41","modified_gmt":"2024-02-27T09:18:41","slug":"produkt-100","status":"publish","type":"product","link":"https:\/\/www.nedozery.sk\/vcelarstvo\/produkt\/produkt-100\/","title":{"rendered":"Vie\u010dko plechov\u00e9 TWIST 82 &#8211; vzor F"},"content":{"rendered":"<h2>Vie\u010dko plechov\u00e9 TWIST 82 &#8211; vzor F<\/h2>\n<div class=\"in-pane\">\n<div class=\"long-description\">\n<p><b>Plechov\u00e9 vie\u010dka s uz\u00e1verom TWIST a priemerom 82 mm<\/b>\u00a0(typ TO 82) s\u00fa vhodn\u00e9 na poh\u00e1re s medom alebo na zav\u00e1raninov\u00e9 poh\u00e1re s objemom 0,7l. \u0160irok\u00fd v\u00fdber potla\u010de s v\u010del\u00e1rskou t\u00e9matikou.<\/p>\n<p>Orienta\u010dn\u00e1 hmotnos\u0165: 0,015 kg<\/p>\n<\/div>\n<\/div>\n","protected":false},"excerpt":{"rendered":"<p>Vie\u010dko plechov\u00e9 TWIST 82 &#8211; vzor F Plechov\u00e9 vie\u010dka s uz\u00e1verom TWIST a priemerom 82 mm\u00a0(typ TO 82) s\u00fa vhodn\u00e9 na poh\u00e1re s medom alebo na zav\u00e1raninov\u00e9 poh\u00e1re s objemom 0,7l. \u0160irok\u00fd v\u00fdber potla\u010de s v\u010del\u00e1rskou t\u00e9matikou. Orienta\u010dn\u00e1 hmotnos\u0165: 0,015 kg<\/p>\n","protected":false},"featured_media":277,"comment_status":"open","ping_status":"closed","template":"","meta":[],"product_brand":[],"product_cat":[17,78],"product_tag":[],"class_list":{"0":"post-194","1":"product","2":"type-product","3":"status-publish","4":"has-post-thumbnail","6":"product_cat-obaly","7":"product_cat-viecka","9":"first","10":"outofstock","11":"taxable","12":"shipping-taxable","13":"purchasable","14":"product-type-simple"},"jetpack_sharing_enabled":true,"_links":{"self":[{"href":"https:\/\/www.nedozery.sk\/vcelarstvo\/wp-json\/wp\/v2\/product\/194","targetHints":{"allow":["GET"]}}],"collection":[{"href":"https:\/\/www.nedozery.sk\/vcelarstvo\/wp-json\/wp\/v2\/product"}],"about":[{"href":"https:\/\/www.nedozery.sk\/vcelarstvo\/wp-json\/wp\/v2\/types\/product"}],"replies":[{"embeddable":true,"href":"https:\/\/www.nedozery.sk\/vcelarstvo\/wp-json\/wp\/v2\/comments?post=194"}],"version-history":[{"count":0,"href":"https:\/\/www.nedozery.sk\/vcelarstvo\/wp-json\/wp\/v2\/product\/194\/revisions"}],"wp:featuredmedia":[{"embeddable":true,"href":"https:\/\/www.nedozery.sk\/vcelarstvo\/wp-json\/wp\/v2\/media\/277"}],"wp:attachment":[{"href":"https:\/\/www.nedozery.sk\/vcelarstvo\/wp-json\/wp\/v2\/media?parent=194"}],"wp:term":[{"taxonomy":"product_brand","embeddable":true,"href":"https:\/\/www.nedozery.sk\/vcelarstvo\/wp-json\/wp\/v2\/product_brand?post=194"},{"taxonomy":"product_cat","embeddable":true,"href":"https:\/\/www.nedozery.sk\/vcelarstvo\/wp-json\/wp\/v2\/product_cat?post=194"},{"taxonomy":"product_tag","embeddable":true,"href":"https:\/\/www.nedozery.sk\/vcelarstvo\/wp-json\/wp\/v2\/product_tag?post=194"}],"curies":[{"name":"wp","href":"https:\/\/api.w.org\/{rel}","templated":true}]}}