{"id":201,"date":"2021-10-24T14:07:57","date_gmt":"2021-10-24T12:07:57","guid":{"rendered":"https:\/\/www.nedozery.sk\/vcelarstvo\/?product=produkt-107"},"modified":"2025-05-12T08:54:31","modified_gmt":"2025-05-12T06:54:31","slug":"produkt-107","status":"publish","type":"product","link":"https:\/\/www.nedozery.sk\/vcelarstvo\/produkt\/produkt-107\/","title":{"rendered":"Kn\u00f4t do svie\u010dky okr\u00fahly \u010d.1, d\u013a\u017eka 5m"},"content":{"rendered":"<h2>Kn\u00f4t do svie\u010dky okr\u00fahly \u010d.1, d\u013a\u017eka 5m<\/h2>\n<div class=\"in-pane\">\n<div class=\"long-description\">\n<p>Okr\u00fahly\u00a0<strong>kn\u00f4t \u010d.1 do svie\u010dok z vosku<\/strong>\u00a0v balen\u00ed 5 metrov.<\/p>\n<\/div>\n<\/div>\n","protected":false},"excerpt":{"rendered":"<p>Kn\u00f4t do svie\u010dky okr\u00fahly \u010d.1, d\u013a\u017eka 5m Okr\u00fahly\u00a0kn\u00f4t \u010d.1 do svie\u010dok z vosku\u00a0v balen\u00ed 5 metrov.<\/p>\n","protected":false},"featured_media":271,"comment_status":"open","ping_status":"closed","template":"","meta":[],"product_brand":[],"product_cat":[24,22],"product_tag":[],"class_list":{"0":"post-201","1":"product","2":"type-product","3":"status-publish","4":"has-post-thumbnail","6":"product_cat-vosk","7":"product_cat-sviecky","9":"first","10":"instock","11":"taxable","12":"shipping-taxable","13":"purchasable","14":"product-type-simple"},"jetpack_sharing_enabled":true,"_links":{"self":[{"href":"https:\/\/www.nedozery.sk\/vcelarstvo\/wp-json\/wp\/v2\/product\/201","targetHints":{"allow":["GET"]}}],"collection":[{"href":"https:\/\/www.nedozery.sk\/vcelarstvo\/wp-json\/wp\/v2\/product"}],"about":[{"href":"https:\/\/www.nedozery.sk\/vcelarstvo\/wp-json\/wp\/v2\/types\/product"}],"replies":[{"embeddable":true,"href":"https:\/\/www.nedozery.sk\/vcelarstvo\/wp-json\/wp\/v2\/comments?post=201"}],"version-history":[{"count":0,"href":"https:\/\/www.nedozery.sk\/vcelarstvo\/wp-json\/wp\/v2\/product\/201\/revisions"}],"wp:featuredmedia":[{"embeddable":true,"href":"https:\/\/www.nedozery.sk\/vcelarstvo\/wp-json\/wp\/v2\/media\/271"}],"wp:attachment":[{"href":"https:\/\/www.nedozery.sk\/vcelarstvo\/wp-json\/wp\/v2\/media?parent=201"}],"wp:term":[{"taxonomy":"product_brand","embeddable":true,"href":"https:\/\/www.nedozery.sk\/vcelarstvo\/wp-json\/wp\/v2\/product_brand?post=201"},{"taxonomy":"product_cat","embeddable":true,"href":"https:\/\/www.nedozery.sk\/vcelarstvo\/wp-json\/wp\/v2\/product_cat?post=201"},{"taxonomy":"product_tag","embeddable":true,"href":"https:\/\/www.nedozery.sk\/vcelarstvo\/wp-json\/wp\/v2\/product_tag?post=201"}],"curies":[{"name":"wp","href":"https:\/\/api.w.org\/{rel}","templated":true}]}}