{"id":207,"date":"2021-10-24T14:08:01","date_gmt":"2021-10-24T12:08:01","guid":{"rendered":"https:\/\/www.nedozery.sk\/vcelarstvo\/?product=produkt-113"},"modified":"2023-10-27T14:31:24","modified_gmt":"2023-10-27T12:31:24","slug":"produkt-113","status":"publish","type":"product","link":"https:\/\/www.nedozery.sk\/vcelarstvo\/produkt\/produkt-113\/","title":{"rendered":"\u0160i\u0161ka stredn\u00e1"},"content":{"rendered":"<h2>\u0160i\u0161ka stredn\u00e1<\/h2>\n<div class=\"in-pane\">\n<div class=\"long-description\">\n<p><strong>Silik\u00f3nov\u00e1 forma na voskov\u00fa svie\u010dku:<\/strong>\u00a0\u0160i\u0161ka stredn\u00e1<\/p>\n<table border=\"0\" width=\"400\" cellspacing=\"1\" cellpadding=\"1\">\n<tbody>\n<tr>\n<td>V\u00fd\u0161ka svie\u010dky:<\/td>\n<td>75 mm<\/td>\n<\/tr>\n<tr>\n<td>Priemer svie\u010dky:<\/td>\n<td>65 mm<\/td>\n<\/tr>\n<tr>\n<td>Odpor\u00fa\u010dan\u00fd kn\u00f4t:<\/td>\n<td>3 x 13<\/td>\n<\/tr>\n<tr>\n<td>Spotreba vosku:<\/td>\n<td>80 g<\/td>\n<\/tr>\n<tr>\n<td>Orienta\u010dn\u00e1 hmotnos\u0165:<\/td>\n<td>0,410 kg<\/td>\n<\/tr>\n<\/tbody>\n<\/table>\n<\/div>\n<\/div>\n","protected":false},"excerpt":{"rendered":"<p>\u0160i\u0161ka stredn\u00e1 Silik\u00f3nov\u00e1 forma na voskov\u00fa svie\u010dku:\u00a0\u0160i\u0161ka stredn\u00e1 V\u00fd\u0161ka svie\u010dky: 75 mm Priemer svie\u010dky: 65 mm Odpor\u00fa\u010dan\u00fd kn\u00f4t: 3 x 13 Spotreba vosku: 80 g Orienta\u010dn\u00e1 hmotnos\u0165: 0,410 kg<\/p>\n","protected":false},"featured_media":257,"comment_status":"open","ping_status":"closed","template":"","meta":[],"product_brand":[],"product_cat":[24,22],"product_tag":[],"class_list":{"0":"post-207","1":"product","2":"type-product","3":"status-publish","4":"has-post-thumbnail","6":"product_cat-vosk","7":"product_cat-sviecky","9":"first","10":"outofstock","11":"taxable","12":"shipping-taxable","13":"purchasable","14":"product-type-simple"},"jetpack_sharing_enabled":true,"_links":{"self":[{"href":"https:\/\/www.nedozery.sk\/vcelarstvo\/wp-json\/wp\/v2\/product\/207","targetHints":{"allow":["GET"]}}],"collection":[{"href":"https:\/\/www.nedozery.sk\/vcelarstvo\/wp-json\/wp\/v2\/product"}],"about":[{"href":"https:\/\/www.nedozery.sk\/vcelarstvo\/wp-json\/wp\/v2\/types\/product"}],"replies":[{"embeddable":true,"href":"https:\/\/www.nedozery.sk\/vcelarstvo\/wp-json\/wp\/v2\/comments?post=207"}],"version-history":[{"count":0,"href":"https:\/\/www.nedozery.sk\/vcelarstvo\/wp-json\/wp\/v2\/product\/207\/revisions"}],"wp:featuredmedia":[{"embeddable":true,"href":"https:\/\/www.nedozery.sk\/vcelarstvo\/wp-json\/wp\/v2\/media\/257"}],"wp:attachment":[{"href":"https:\/\/www.nedozery.sk\/vcelarstvo\/wp-json\/wp\/v2\/media?parent=207"}],"wp:term":[{"taxonomy":"product_brand","embeddable":true,"href":"https:\/\/www.nedozery.sk\/vcelarstvo\/wp-json\/wp\/v2\/product_brand?post=207"},{"taxonomy":"product_cat","embeddable":true,"href":"https:\/\/www.nedozery.sk\/vcelarstvo\/wp-json\/wp\/v2\/product_cat?post=207"},{"taxonomy":"product_tag","embeddable":true,"href":"https:\/\/www.nedozery.sk\/vcelarstvo\/wp-json\/wp\/v2\/product_tag?post=207"}],"curies":[{"name":"wp","href":"https:\/\/api.w.org\/{rel}","templated":true}]}}