{"id":2295,"date":"2022-11-19T19:05:46","date_gmt":"2022-11-19T18:05:46","guid":{"rendered":"https:\/\/www.nedozery.sk\/vcelarstvo\/?post_type=product&#038;p=2295"},"modified":"2025-03-23T22:00:19","modified_gmt":"2025-03-23T21:00:19","slug":"samotne-plechove-pokrytie-na-izolovany-nadstavok-cs","status":"publish","type":"product","link":"https:\/\/www.nedozery.sk\/vcelarstvo\/produkt\/samotne-plechove-pokrytie-na-izolovany-nadstavok-cs\/","title":{"rendered":"Samotn\u00e9 plechov\u00e9 pokrytie na izolovan\u00fd nadstavok-CS"},"content":{"rendered":"<p>Plechov\u00e9 pokrytie je ur\u010den\u00e9 na vrchn\u00e1k B10 s presahom na Izolovan\u00fd nadstavok. V rohoch je nitovan\u00e9 a po obvode zafalcovan\u00e9.<\/p>\n","protected":false},"excerpt":{"rendered":"<p>Plechov\u00e9 pokrytie je ur\u010den\u00e9 na vrchn\u00e1k B10 s presahom na Izolovan\u00fd nadstavok. V rohoch je nitovan\u00e9 a po obvode zafalcovan\u00e9.<\/p>\n","protected":false},"featured_media":1583,"comment_status":"open","ping_status":"closed","template":"","meta":[],"product_brand":[],"product_cat":[16,90],"product_tag":[],"class_list":{"0":"post-2295","1":"product","2":"type-product","3":"status-publish","4":"has-post-thumbnail","6":"product_cat-ule","7":"product_cat-vrchnaky","9":"first","10":"instock","11":"taxable","12":"shipping-taxable","13":"purchasable","14":"product-type-simple"},"jetpack_sharing_enabled":true,"_links":{"self":[{"href":"https:\/\/www.nedozery.sk\/vcelarstvo\/wp-json\/wp\/v2\/product\/2295","targetHints":{"allow":["GET"]}}],"collection":[{"href":"https:\/\/www.nedozery.sk\/vcelarstvo\/wp-json\/wp\/v2\/product"}],"about":[{"href":"https:\/\/www.nedozery.sk\/vcelarstvo\/wp-json\/wp\/v2\/types\/product"}],"replies":[{"embeddable":true,"href":"https:\/\/www.nedozery.sk\/vcelarstvo\/wp-json\/wp\/v2\/comments?post=2295"}],"version-history":[{"count":0,"href":"https:\/\/www.nedozery.sk\/vcelarstvo\/wp-json\/wp\/v2\/product\/2295\/revisions"}],"wp:featuredmedia":[{"embeddable":true,"href":"https:\/\/www.nedozery.sk\/vcelarstvo\/wp-json\/wp\/v2\/media\/1583"}],"wp:attachment":[{"href":"https:\/\/www.nedozery.sk\/vcelarstvo\/wp-json\/wp\/v2\/media?parent=2295"}],"wp:term":[{"taxonomy":"product_brand","embeddable":true,"href":"https:\/\/www.nedozery.sk\/vcelarstvo\/wp-json\/wp\/v2\/product_brand?post=2295"},{"taxonomy":"product_cat","embeddable":true,"href":"https:\/\/www.nedozery.sk\/vcelarstvo\/wp-json\/wp\/v2\/product_cat?post=2295"},{"taxonomy":"product_tag","embeddable":true,"href":"https:\/\/www.nedozery.sk\/vcelarstvo\/wp-json\/wp\/v2\/product_tag?post=2295"}],"curies":[{"name":"wp","href":"https:\/\/api.w.org\/{rel}","templated":true}]}}