{"id":3295,"date":"2023-06-27T07:38:58","date_gmt":"2023-06-27T05:38:58","guid":{"rendered":"https:\/\/www.nedozery.sk\/vcelarstvo\/?post_type=product&#038;p=3295"},"modified":"2023-10-27T14:32:27","modified_gmt":"2023-10-27T12:32:27","slug":"plastovy-ramik-s-medzistienkou-typ-b","status":"publish","type":"product","link":"https:\/\/www.nedozery.sk\/vcelarstvo\/produkt\/plastovy-ramik-s-medzistienkou-typ-b\/","title":{"rendered":"Plastov\u00fd r\u00e1mik s medzistienkou typ B"},"content":{"rendered":"<p><strong>Plastov\u00fd r\u00e1mik s medzistienkou r\u00e1mikovej miery B<\/strong>\u00a0sa m\u00f4\u017ee pou\u017ei\u0165 do ekonomick\u00fdch a hygienick\u00fdch \u00falo\u017en\u00fdch \u00fa\u013eov\u00fdch syst\u00e9mov ako n\u00e1stroj na modernej\u0161ie realizovanie v\u010del\u00e1rstva. Rovnako ho m\u00f4\u017eu pou\u017e\u00edva\u0165 v\u010del\u00e1ri, ktor\u00ed sa v\u010del\u00e1rstvu venuj\u00fa vo vo\u013enom \u010dase, ako aj t\u00ed, ktor\u00ed v\u010del\u00e1rstvo vyu\u017e\u00edvaj\u00fa na v\u00fdrobu produktov. Ke\u010f\u017ee sa pl\u00e1st nevytrhne je mo\u017en\u00e9 ho vyt\u00e1\u010da\u0165 na vy\u0161\u0161\u00edch ot\u00e1\u010dkach.<\/p>\n<p><strong>Rozmery:<\/strong><br \/>\n&#8211; \u0161\u00edrka x v\u00fd\u0161ka x d\u013a\u017eka hornej latky: 270 x 420 x 460 mm<br \/>\n&#8211; \u0161\u00edrka hornej latky: 25 mm<br \/>\n&#8211; \u0161\u00edrka &#8222;kr\u00eddeliek&#8220; bo\u010dn\u00fdch latiek: 35 mm<\/p>\n<p><strong>Je mo\u017en\u00e9 vy\u010disti\u0165 aj dno v\u010delej bunky \u010d\u00edm sa zaru\u010d\u00ed aj kvalita druhu v\u010diel.<\/strong><br \/>\nPlastov\u00e9 r\u00e1miky sa m\u00f4\u017eu pou\u017e\u00edva\u0165 roky, ich \u017eivotnos\u0165 je dlhodob\u00e1. \u010eal\u0161ou v\u00fdhodou tohoto r\u00e1mika je, \u017ee aj v \u010dase, ke\u010f v\u010dely nie s\u00fa akt\u00edvne je mo\u017en\u00e9 ho vlo\u017ei\u0165 k v\u010del\u00e1m, ke\u010f\u017ee tvrd\u00fd bunkov\u00fd z\u00e1klad v\u010dely nedok\u00e1\u017eu rozhr\u00fdz\u0165. Pri ve\u013ek\u00fdch v\u010delstv\u00e1ch je r\u00e1mik v\u00fdhodou, hlavne z h\u013eadiska nepretr\u017eitej pr\u00e1ce. Plastov\u00fd r\u00e1mik je vhodn\u00fd ako do plodiska tak aj do medn\u00edka a je mo\u017en\u00e9 ho pripn\u00fa\u0165 aj do dreven\u00e9ho r\u00e1mika. Pl\u00e1\u0161te treba pred pou\u017eit\u00edm natrie\u0165 voskom, ka\u017ed\u00fd v\u010del\u00e1r sa mus\u00ed s\u00e1m rozhodn\u00fa\u0165, \u017ee ak\u00e9 v\u00fdhody pre\u0148ho znamen\u00e1 t\u00e1to technol\u00f3gia.<\/p>\n<p><strong>Voskovanie:<\/strong><br \/>\nPriprav\u00edme si jeden alebo dva n\u00e1dstavky r\u00e1mikov, potom ich po jednom nauklad\u00e1me na dosku hrub\u00fa 2 cm, t\u00e1to hr\u00fabka je zhodn\u00e1 s vn\u00fatorn\u00fdmi rozmermi r\u00e1mikov.<br \/>\nN\u00e1sledne pomocou valca rovnomerne nanesieme tepl\u00fd vosk najsk\u00f4r na jednu stranu a potom ke\u010f sme skon\u010dili s prichystan\u00fdm mno\u017estvom m\u00f4\u017eeme pokra\u010dova\u0165 druhou stranou a tak \u010falej.<br \/>\n<strong>Z vosku pou\u017e\u00edvame ten, ktor\u00fd je z\u00edskan\u00fd z odvie\u010dkovania, preto\u017ee ten je naj\u010distej\u0161\u00ed.<\/strong><br \/>\nRovnomerne tepl\u00fd vosk m\u00f4\u017eeme z\u00edska\u0165 pomocou termoregula\u010dn\u00e9ho pr\u00edstroja.<\/p>\n<p><strong>\u010cistenie:<\/strong><br \/>\nZostarnut\u00e9 bunky sa v zime, ke\u010f vosk stuhne \u013eahko odstra\u0148uj\u00fa pomocou rozper\u00e1ka. Medn\u00edkov\u00e9 r\u00e1miky sa po o\u010disten\u00ed m\u00f4\u017eu vlo\u017ei\u0165 sp\u00e4\u0165 do \u00fa\u013ea. Pre dokonal\u00e9 vy\u010distenie v plodisku pou\u017eit\u00e9ho ko\u0161ielkov\u00e9ho r\u00e1mika pou\u017e\u00edvajte vysokotlakov\u00fd \u010distiaci pr\u00edstroj 100 barov so studenou vodou.<\/p>\n<p><strong>Pod vplyvom hor\u00facej vody sa plastov\u00fd r\u00e1mik zdeformuje \/MAX: 80\u00b0C<\/strong>\/<\/p>\n","protected":false},"excerpt":{"rendered":"<p>Plastov\u00fd r\u00e1mik s medzistienkou r\u00e1mikovej miery B\u00a0sa m\u00f4\u017ee pou\u017ei\u0165 do ekonomick\u00fdch a hygienick\u00fdch \u00falo\u017en\u00fdch \u00fa\u013eov\u00fdch syst\u00e9mov ako n\u00e1stroj na modernej\u0161ie realizovanie v\u010del\u00e1rstva. Rovnako ho m\u00f4\u017eu pou\u017e\u00edva\u0165 v\u010del\u00e1ri, ktor\u00ed sa v\u010del\u00e1rstvu venuj\u00fa vo vo\u013enom \u010dase, ako aj t\u00ed, ktor\u00ed v\u010del\u00e1rstvo vyu\u017e\u00edvaj\u00fa na v\u00fdrobu produktov. Ke\u010f\u017ee sa pl\u00e1st nevytrhne je mo\u017en\u00e9 ho vyt\u00e1\u010da\u0165 na vy\u0161\u0161\u00edch ot\u00e1\u010dkach. Rozmery: <a href=\"https:\/\/www.nedozery.sk\/vcelarstvo\/produkt\/plastovy-ramik-s-medzistienkou-typ-b\/\" class=\"read-more inline\">\u010c\u00edtaj \u010falej<\/a><\/p>\n","protected":false},"featured_media":3296,"comment_status":"open","ping_status":"closed","template":"","meta":[],"product_brand":[],"product_cat":[26,24],"product_tag":[],"class_list":{"0":"post-3295","1":"product","2":"type-product","3":"status-publish","4":"has-post-thumbnail","6":"product_cat-medzistienky","7":"product_cat-vosk","9":"first","10":"outofstock","11":"taxable","12":"shipping-taxable","13":"purchasable","14":"product-type-simple"},"jetpack_sharing_enabled":true,"_links":{"self":[{"href":"https:\/\/www.nedozery.sk\/vcelarstvo\/wp-json\/wp\/v2\/product\/3295","targetHints":{"allow":["GET"]}}],"collection":[{"href":"https:\/\/www.nedozery.sk\/vcelarstvo\/wp-json\/wp\/v2\/product"}],"about":[{"href":"https:\/\/www.nedozery.sk\/vcelarstvo\/wp-json\/wp\/v2\/types\/product"}],"replies":[{"embeddable":true,"href":"https:\/\/www.nedozery.sk\/vcelarstvo\/wp-json\/wp\/v2\/comments?post=3295"}],"version-history":[{"count":0,"href":"https:\/\/www.nedozery.sk\/vcelarstvo\/wp-json\/wp\/v2\/product\/3295\/revisions"}],"wp:featuredmedia":[{"embeddable":true,"href":"https:\/\/www.nedozery.sk\/vcelarstvo\/wp-json\/wp\/v2\/media\/3296"}],"wp:attachment":[{"href":"https:\/\/www.nedozery.sk\/vcelarstvo\/wp-json\/wp\/v2\/media?parent=3295"}],"wp:term":[{"taxonomy":"product_brand","embeddable":true,"href":"https:\/\/www.nedozery.sk\/vcelarstvo\/wp-json\/wp\/v2\/product_brand?post=3295"},{"taxonomy":"product_cat","embeddable":true,"href":"https:\/\/www.nedozery.sk\/vcelarstvo\/wp-json\/wp\/v2\/product_cat?post=3295"},{"taxonomy":"product_tag","embeddable":true,"href":"https:\/\/www.nedozery.sk\/vcelarstvo\/wp-json\/wp\/v2\/product_tag?post=3295"}],"curies":[{"name":"wp","href":"https:\/\/api.w.org\/{rel}","templated":true}]}}