{"id":3488,"date":"2023-08-10T21:33:01","date_gmt":"2023-08-10T19:33:01","guid":{"rendered":"https:\/\/www.nedozery.sk\/vcelarstvo\/?post_type=product&#038;p=3488"},"modified":"2025-03-24T10:36:46","modified_gmt":"2025-03-24T09:36:46","slug":"redukcne-hrebene-do-nadstavkov","status":"publish","type":"product","link":"https:\/\/www.nedozery.sk\/vcelarstvo\/produkt\/redukcne-hrebene-do-nadstavkov\/","title":{"rendered":"Reduk\u010dn\u00e9 hrebene do nadstavkov"},"content":{"rendered":"<div class=\"tabs-container\" data-easytabs=\"true\">\n<div class=\"panel-container\">\n<div id=\"popis\" class=\"pane active\">\n<h2>Reduk\u010dn\u00e9 hrebene do nadstavkov<\/h2>\n<div class=\"in-pane\">\n<div class=\"long-description\">\n<p><strong>Reduk\u010dn\u00e9 hrebene do nadstavkov<\/strong>\u00a0sl\u00fa\u017eia k zn\u00ed\u017eeniu po\u010dtu r\u00e1mikov z 10 ks na 9 ks v nadstavkoch typu B, Dadant a Langstroth.<\/p>\n<\/div>\n<\/div>\n<\/div>\n<\/div>\n<\/div>\n<div id=\"suvisiace-produkty\" class=\"pane products-list\"><\/div>\n","protected":false},"excerpt":{"rendered":"<p>Reduk\u010dn\u00e9 hrebene do nadstavkov Reduk\u010dn\u00e9 hrebene do nadstavkov\u00a0sl\u00fa\u017eia k zn\u00ed\u017eeniu po\u010dtu r\u00e1mikov z 10 ks na 9 ks v nadstavkoch typu B, Dadant a Langstroth.<\/p>\n","protected":false},"featured_media":3489,"comment_status":"open","ping_status":"closed","template":"","meta":[],"product_brand":[],"product_cat":[94,16],"product_tag":[],"class_list":{"0":"post-3488","1":"product","2":"type-product","3":"status-publish","4":"has-post-thumbnail","6":"product_cat-prislus","7":"product_cat-ule","9":"first","10":"instock","11":"taxable","12":"shipping-taxable","13":"purchasable","14":"product-type-simple"},"jetpack_sharing_enabled":true,"_links":{"self":[{"href":"https:\/\/www.nedozery.sk\/vcelarstvo\/wp-json\/wp\/v2\/product\/3488","targetHints":{"allow":["GET"]}}],"collection":[{"href":"https:\/\/www.nedozery.sk\/vcelarstvo\/wp-json\/wp\/v2\/product"}],"about":[{"href":"https:\/\/www.nedozery.sk\/vcelarstvo\/wp-json\/wp\/v2\/types\/product"}],"replies":[{"embeddable":true,"href":"https:\/\/www.nedozery.sk\/vcelarstvo\/wp-json\/wp\/v2\/comments?post=3488"}],"version-history":[{"count":0,"href":"https:\/\/www.nedozery.sk\/vcelarstvo\/wp-json\/wp\/v2\/product\/3488\/revisions"}],"wp:featuredmedia":[{"embeddable":true,"href":"https:\/\/www.nedozery.sk\/vcelarstvo\/wp-json\/wp\/v2\/media\/3489"}],"wp:attachment":[{"href":"https:\/\/www.nedozery.sk\/vcelarstvo\/wp-json\/wp\/v2\/media?parent=3488"}],"wp:term":[{"taxonomy":"product_brand","embeddable":true,"href":"https:\/\/www.nedozery.sk\/vcelarstvo\/wp-json\/wp\/v2\/product_brand?post=3488"},{"taxonomy":"product_cat","embeddable":true,"href":"https:\/\/www.nedozery.sk\/vcelarstvo\/wp-json\/wp\/v2\/product_cat?post=3488"},{"taxonomy":"product_tag","embeddable":true,"href":"https:\/\/www.nedozery.sk\/vcelarstvo\/wp-json\/wp\/v2\/product_tag?post=3488"}],"curies":[{"name":"wp","href":"https:\/\/api.w.org\/{rel}","templated":true}]}}