{"id":3691,"date":"2023-10-10T18:16:10","date_gmt":"2023-10-10T16:16:10","guid":{"rendered":"https:\/\/www.nedozery.sk\/vcelarstvo\/?post_type=product&#038;p=3691"},"modified":"2026-02-24T08:34:17","modified_gmt":"2026-02-24T07:34:17","slug":"plastove-ocko-s-letacikom","status":"publish","type":"product","link":"https:\/\/www.nedozery.sk\/vcelarstvo\/produkt\/plastove-ocko-s-letacikom\/","title":{"rendered":"Plastov\u00e9 o\u010dko s let\u00e1\u010dikom (r\u00f4zne farby)"},"content":{"rendered":"<p>Okr\u00fahly let\u00e1\u010dov\u00fd uz\u00e1ver sa naj\u010dastej\u0161ie pou\u017e\u00edva pre zakr\u00fdvanie o\u010diek v nadstavkoch v\u010del\u00edch \u00fa\u013eov, mal\u00fdch \u00falikoch, oplodnia\u010dikoch a pod. V strede uz\u00e1veru je otvor pre skrutku, ktorou sa let\u00e1\u010dov\u00fd uz\u00e1ver priskrutkuje na plochu. Ot\u00e1\u010dan\u00edm uz\u00e1veru je potom mo\u017en\u00e9 nastavi\u0165 nasledovn\u00e9 polohy: vetranie, ve\u013ek\u00fd otvor , zatvorenie, otvor nepriechodn\u00fd pre matku. Let\u00e1\u010dov\u00fd uz\u00e1ver je vyroben\u00fd z plastu.<\/p>\n<p>Farba o\u010dka sa m\u00f4\u017ee l\u00ed\u0161i\u0165.<\/p>\n","protected":false},"excerpt":{"rendered":"<p>Okr\u00fahly let\u00e1\u010dov\u00fd uz\u00e1ver sa naj\u010dastej\u0161ie pou\u017e\u00edva pre zakr\u00fdvanie o\u010diek v nadstavkoch v\u010del\u00edch \u00fa\u013eov, mal\u00fdch \u00falikoch, oplodnia\u010dikoch a pod. V strede uz\u00e1veru je otvor pre skrutku, ktorou sa let\u00e1\u010dov\u00fd uz\u00e1ver priskrutkuje na plochu. Ot\u00e1\u010dan\u00edm uz\u00e1veru je potom mo\u017en\u00e9 nastavi\u0165 nasledovn\u00e9 polohy: vetranie, ve\u013ek\u00fd otvor , zatvorenie, otvor nepriechodn\u00fd pre matku. Let\u00e1\u010dov\u00fd uz\u00e1ver je vyroben\u00fd z plastu. <a href=\"https:\/\/www.nedozery.sk\/vcelarstvo\/produkt\/plastove-ocko-s-letacikom\/\" class=\"read-more inline\">\u010c\u00edtaj \u010falej<\/a><\/p>\n","protected":false},"featured_media":3692,"comment_status":"open","ping_status":"closed","template":"","meta":[],"product_brand":[],"product_cat":[94,16],"product_tag":[],"class_list":{"0":"post-3691","1":"product","2":"type-product","3":"status-publish","4":"has-post-thumbnail","6":"product_cat-prislus","7":"product_cat-ule","9":"first","10":"instock","11":"taxable","12":"shipping-taxable","13":"purchasable","14":"product-type-simple"},"jetpack_sharing_enabled":true,"_links":{"self":[{"href":"https:\/\/www.nedozery.sk\/vcelarstvo\/wp-json\/wp\/v2\/product\/3691","targetHints":{"allow":["GET"]}}],"collection":[{"href":"https:\/\/www.nedozery.sk\/vcelarstvo\/wp-json\/wp\/v2\/product"}],"about":[{"href":"https:\/\/www.nedozery.sk\/vcelarstvo\/wp-json\/wp\/v2\/types\/product"}],"replies":[{"embeddable":true,"href":"https:\/\/www.nedozery.sk\/vcelarstvo\/wp-json\/wp\/v2\/comments?post=3691"}],"version-history":[{"count":0,"href":"https:\/\/www.nedozery.sk\/vcelarstvo\/wp-json\/wp\/v2\/product\/3691\/revisions"}],"wp:featuredmedia":[{"embeddable":true,"href":"https:\/\/www.nedozery.sk\/vcelarstvo\/wp-json\/wp\/v2\/media\/3692"}],"wp:attachment":[{"href":"https:\/\/www.nedozery.sk\/vcelarstvo\/wp-json\/wp\/v2\/media?parent=3691"}],"wp:term":[{"taxonomy":"product_brand","embeddable":true,"href":"https:\/\/www.nedozery.sk\/vcelarstvo\/wp-json\/wp\/v2\/product_brand?post=3691"},{"taxonomy":"product_cat","embeddable":true,"href":"https:\/\/www.nedozery.sk\/vcelarstvo\/wp-json\/wp\/v2\/product_cat?post=3691"},{"taxonomy":"product_tag","embeddable":true,"href":"https:\/\/www.nedozery.sk\/vcelarstvo\/wp-json\/wp\/v2\/product_tag?post=3691"}],"curies":[{"name":"wp","href":"https:\/\/api.w.org\/{rel}","templated":true}]}}