{"id":3707,"date":"2023-10-10T19:15:39","date_gmt":"2023-10-10T17:15:39","guid":{"rendered":"https:\/\/www.nedozery.sk\/vcelarstvo\/?post_type=product&#038;p=3707"},"modified":"2025-12-10T15:22:08","modified_gmt":"2025-12-10T14:22:08","slug":"stropna-folia-priesvitna-500x500mm","status":"publish","type":"product","link":"https:\/\/www.nedozery.sk\/vcelarstvo\/produkt\/stropna-folia-priesvitna-500x500mm\/","title":{"rendered":"Stropn\u00e1 f\u00f3lia priesvitn\u00e1, 500x500mm"},"content":{"rendered":"<h2>Stropn\u00e1 f\u00f3lia priesvitn\u00e1, 500x500mm<\/h2>\n<div class=\"in-pane\">\n<div class=\"long-description\">\n<p><strong>Priesvitn\u00e1 stropn\u00e1 f\u00f3lia<\/strong>, ktor\u00e1 sa pou\u017e\u00edva ako ochrana proti poveternostn\u00fdm vplyvom po\u010dasia a chr\u00e1ni \u00fa\u013e. D\u00e1va sa na vrch \u00fa\u013ea.<\/p>\n<p>Rozmer : 50 x 50cm<\/p>\n<\/div>\n<\/div>\n","protected":false},"excerpt":{"rendered":"<p>Stropn\u00e1 f\u00f3lia priesvitn\u00e1, 500x500mm Priesvitn\u00e1 stropn\u00e1 f\u00f3lia, ktor\u00e1 sa pou\u017e\u00edva ako ochrana proti poveternostn\u00fdm vplyvom po\u010dasia a chr\u00e1ni \u00fa\u013e. D\u00e1va sa na vrch \u00fa\u013ea. Rozmer : 50 x 50cm<\/p>\n","protected":false},"featured_media":469,"comment_status":"open","ping_status":"closed","template":"","meta":[],"product_brand":[],"product_cat":[94,16],"product_tag":[],"class_list":{"0":"post-3707","1":"product","2":"type-product","3":"status-publish","4":"has-post-thumbnail","6":"product_cat-prislus","7":"product_cat-ule","9":"first","10":"instock","11":"taxable","12":"shipping-taxable","13":"purchasable","14":"product-type-simple"},"jetpack_sharing_enabled":true,"_links":{"self":[{"href":"https:\/\/www.nedozery.sk\/vcelarstvo\/wp-json\/wp\/v2\/product\/3707","targetHints":{"allow":["GET"]}}],"collection":[{"href":"https:\/\/www.nedozery.sk\/vcelarstvo\/wp-json\/wp\/v2\/product"}],"about":[{"href":"https:\/\/www.nedozery.sk\/vcelarstvo\/wp-json\/wp\/v2\/types\/product"}],"replies":[{"embeddable":true,"href":"https:\/\/www.nedozery.sk\/vcelarstvo\/wp-json\/wp\/v2\/comments?post=3707"}],"version-history":[{"count":0,"href":"https:\/\/www.nedozery.sk\/vcelarstvo\/wp-json\/wp\/v2\/product\/3707\/revisions"}],"wp:featuredmedia":[{"embeddable":true,"href":"https:\/\/www.nedozery.sk\/vcelarstvo\/wp-json\/wp\/v2\/media\/469"}],"wp:attachment":[{"href":"https:\/\/www.nedozery.sk\/vcelarstvo\/wp-json\/wp\/v2\/media?parent=3707"}],"wp:term":[{"taxonomy":"product_brand","embeddable":true,"href":"https:\/\/www.nedozery.sk\/vcelarstvo\/wp-json\/wp\/v2\/product_brand?post=3707"},{"taxonomy":"product_cat","embeddable":true,"href":"https:\/\/www.nedozery.sk\/vcelarstvo\/wp-json\/wp\/v2\/product_cat?post=3707"},{"taxonomy":"product_tag","embeddable":true,"href":"https:\/\/www.nedozery.sk\/vcelarstvo\/wp-json\/wp\/v2\/product_tag?post=3707"}],"curies":[{"name":"wp","href":"https:\/\/api.w.org\/{rel}","templated":true}]}}