{"id":4096,"date":"2024-03-03T17:56:47","date_gmt":"2024-03-03T16:56:47","guid":{"rendered":"https:\/\/www.nedozery.sk\/vcelarstvo\/?post_type=product&#038;p=4096"},"modified":"2025-10-07T11:10:00","modified_gmt":"2025-10-07T09:10:00","slug":"uspesne-vcelareni","status":"publish","type":"product","link":"https:\/\/www.nedozery.sk\/vcelarstvo\/produkt\/uspesne-vcelareni\/","title":{"rendered":"Kniha &#8211; \u00dasp\u011b\u0161n\u00e9 v\u010dela\u0159en\u00ed"},"content":{"rendered":"<h2>\u00dasp\u011b\u0161n\u00e9 v\u010dela\u0159en\u00ed<\/h2>\n<div class=\"in-pane\">\n<div class=\"long-description\">\n<p>V\u010dely znaj\u00ed \u201espr\u00e1vn\u00e9\u201c postupy: roj\u00ed se, aby vybudovaly nov\u00e1, siln\u00e1 a zdrav\u00e1 v\u010delstva, a p\u0159itom obnovily d\u011blnice, matku a pl\u00e1sty. Jako v\u010dela\u0159 dos\u00e1hnete pomoc\u00ed modern\u00edch pracovn\u00edch metod tyto c\u00edle s men\u0161\u00ed pracnost\u00ed a v\u011bt\u0161\u00edm u\u017eitkem.<\/p>\n<ul>\n<li>Vytvo\u0159en\u00ed vit\u00e1ln\u00edho v\u010delstva s velk\u00fdm v\u00fdnosem<\/li>\n<li>Obnova pl\u00e1st\u016f<\/li>\n<li>Chov matek<\/li>\n<li>\u00a0Boj proti nemocem jako je varro\u00e1za nebo mor v\u010del\u00edho plodu<\/li>\n<li>\u00a0Z\u00edsk\u00e1v\u00e1n\u00ed kvalitn\u00edho medu a vosku Seznamte se s v\u00fdhodami r\u016fzn\u00fdch druh\u016f odd\u011blk\u016f, p\u0159elet\u00e1k\u016f a smetenc\u016f. V knize najdete nejlep\u0161\u00ed rady a pracovn\u00ed postupy. Autor Friedrich Pohl je promovan\u00fd biolog a dlouholet\u00fd v\u010dela\u0159. Ve veterin\u00e1rn\u00ed slu\u017eb\u011b rad\u00ed v\u010dela\u0159\u016fm a bojuje proti nemocem v\u010del. Jeho knihy se vyzna\u010duj\u00ed dokonalou srozumitelnost\u00ed a prakti\u010dnost\u00ed.<\/li>\n<li>S p\u0159\u00edsp\u011bvky autor\u016f: Dr. Pia Aumeier, Dr.Werner von der Ohe, Margret Rieger, Sabine a Alfred Schr\u00fcferovi a Geert Staemmler.<\/li>\n<\/ul>\n<\/div>\n<\/div>\n","protected":false},"excerpt":{"rendered":"<p>\u00dasp\u011b\u0161n\u00e9 v\u010dela\u0159en\u00ed V\u010dely znaj\u00ed \u201espr\u00e1vn\u00e9\u201c postupy: roj\u00ed se, aby vybudovaly nov\u00e1, siln\u00e1 a zdrav\u00e1 v\u010delstva, a p\u0159itom obnovily d\u011blnice, matku a pl\u00e1sty. Jako v\u010dela\u0159 dos\u00e1hnete pomoc\u00ed modern\u00edch pracovn\u00edch metod tyto c\u00edle s men\u0161\u00ed pracnost\u00ed a v\u011bt\u0161\u00edm u\u017eitkem. Vytvo\u0159en\u00ed vit\u00e1ln\u00edho v\u010delstva s velk\u00fdm v\u00fdnosem Obnova pl\u00e1st\u016f Chov matek \u00a0Boj proti nemocem jako je varro\u00e1za nebo mor <a href=\"https:\/\/www.nedozery.sk\/vcelarstvo\/produkt\/uspesne-vcelareni\/\" class=\"read-more inline\">\u010c\u00edtaj \u010falej<\/a><\/p>\n","protected":false},"featured_media":4097,"comment_status":"open","ping_status":"closed","template":"","meta":[],"product_brand":[],"product_cat":[68],"product_tag":[],"class_list":{"0":"post-4096","1":"product","2":"type-product","3":"status-publish","4":"has-post-thumbnail","6":"product_cat-literatura","8":"first","9":"outofstock","10":"taxable","11":"shipping-taxable","12":"purchasable","13":"product-type-simple"},"jetpack_sharing_enabled":true,"_links":{"self":[{"href":"https:\/\/www.nedozery.sk\/vcelarstvo\/wp-json\/wp\/v2\/product\/4096","targetHints":{"allow":["GET"]}}],"collection":[{"href":"https:\/\/www.nedozery.sk\/vcelarstvo\/wp-json\/wp\/v2\/product"}],"about":[{"href":"https:\/\/www.nedozery.sk\/vcelarstvo\/wp-json\/wp\/v2\/types\/product"}],"replies":[{"embeddable":true,"href":"https:\/\/www.nedozery.sk\/vcelarstvo\/wp-json\/wp\/v2\/comments?post=4096"}],"version-history":[{"count":0,"href":"https:\/\/www.nedozery.sk\/vcelarstvo\/wp-json\/wp\/v2\/product\/4096\/revisions"}],"wp:featuredmedia":[{"embeddable":true,"href":"https:\/\/www.nedozery.sk\/vcelarstvo\/wp-json\/wp\/v2\/media\/4097"}],"wp:attachment":[{"href":"https:\/\/www.nedozery.sk\/vcelarstvo\/wp-json\/wp\/v2\/media?parent=4096"}],"wp:term":[{"taxonomy":"product_brand","embeddable":true,"href":"https:\/\/www.nedozery.sk\/vcelarstvo\/wp-json\/wp\/v2\/product_brand?post=4096"},{"taxonomy":"product_cat","embeddable":true,"href":"https:\/\/www.nedozery.sk\/vcelarstvo\/wp-json\/wp\/v2\/product_cat?post=4096"},{"taxonomy":"product_tag","embeddable":true,"href":"https:\/\/www.nedozery.sk\/vcelarstvo\/wp-json\/wp\/v2\/product_tag?post=4096"}],"curies":[{"name":"wp","href":"https:\/\/api.w.org\/{rel}","templated":true}]}}