{"id":4099,"date":"2024-03-03T18:05:34","date_gmt":"2024-03-03T17:05:34","guid":{"rendered":"https:\/\/www.nedozery.sk\/vcelarstvo\/?post_type=product&#038;p=4099"},"modified":"2026-03-18T12:32:15","modified_gmt":"2026-03-18T11:32:15","slug":"galvanizovane-pletivo-do-dna-ula-50x50cm","status":"publish","type":"product","link":"https:\/\/www.nedozery.sk\/vcelarstvo\/produkt\/galvanizovane-pletivo-do-dna-ula-50x50cm\/","title":{"rendered":"Galvanizovan\u00e9 pletivo do dna \u00fa\u013ea 50x50cm"},"content":{"rendered":"<p>Kvalitn\u00e9 galvanizovan\u00e9 pletivo do dna \u00fa\u013ea &#8211; presn\u00e9 vyhotovenie na objedn\u00e1vku do na\u0161ej v\u00fdroby.<\/p>\n<p>Oko 3,15 x 3,15 hr\u00fabka dr\u00f4tu 0,8mm.<\/p>\n<p>Do pozn\u00e1mky zadajte rozmer na ktor\u00fd V\u00e1m pletivo odre\u017eeme, r\u00e1tajte s toleranciou +\/-5mm.<\/p>\n<p>Maxim\u00e1lna\u00a0plocha v\u00fdseku je 0,25m2.<\/p>\n","protected":false},"excerpt":{"rendered":"<p>Kvalitn\u00e9 galvanizovan\u00e9 pletivo do dna \u00fa\u013ea &#8211; presn\u00e9 vyhotovenie na objedn\u00e1vku do na\u0161ej v\u00fdroby. Oko 3,15 x 3,15 hr\u00fabka dr\u00f4tu 0,8mm. Do pozn\u00e1mky zadajte rozmer na ktor\u00fd V\u00e1m pletivo odre\u017eeme, r\u00e1tajte s toleranciou +\/-5mm. Maxim\u00e1lna\u00a0plocha v\u00fdseku je 0,25m2.<\/p>\n","protected":false},"featured_media":4100,"comment_status":"open","ping_status":"closed","template":"","meta":[],"product_brand":[],"product_cat":[94,16],"product_tag":[],"class_list":{"0":"post-4099","1":"product","2":"type-product","3":"status-publish","4":"has-post-thumbnail","6":"product_cat-prislus","7":"product_cat-ule","9":"first","10":"outofstock","11":"taxable","12":"shipping-taxable","13":"purchasable","14":"product-type-simple"},"jetpack_sharing_enabled":true,"_links":{"self":[{"href":"https:\/\/www.nedozery.sk\/vcelarstvo\/wp-json\/wp\/v2\/product\/4099","targetHints":{"allow":["GET"]}}],"collection":[{"href":"https:\/\/www.nedozery.sk\/vcelarstvo\/wp-json\/wp\/v2\/product"}],"about":[{"href":"https:\/\/www.nedozery.sk\/vcelarstvo\/wp-json\/wp\/v2\/types\/product"}],"replies":[{"embeddable":true,"href":"https:\/\/www.nedozery.sk\/vcelarstvo\/wp-json\/wp\/v2\/comments?post=4099"}],"version-history":[{"count":0,"href":"https:\/\/www.nedozery.sk\/vcelarstvo\/wp-json\/wp\/v2\/product\/4099\/revisions"}],"wp:featuredmedia":[{"embeddable":true,"href":"https:\/\/www.nedozery.sk\/vcelarstvo\/wp-json\/wp\/v2\/media\/4100"}],"wp:attachment":[{"href":"https:\/\/www.nedozery.sk\/vcelarstvo\/wp-json\/wp\/v2\/media?parent=4099"}],"wp:term":[{"taxonomy":"product_brand","embeddable":true,"href":"https:\/\/www.nedozery.sk\/vcelarstvo\/wp-json\/wp\/v2\/product_brand?post=4099"},{"taxonomy":"product_cat","embeddable":true,"href":"https:\/\/www.nedozery.sk\/vcelarstvo\/wp-json\/wp\/v2\/product_cat?post=4099"},{"taxonomy":"product_tag","embeddable":true,"href":"https:\/\/www.nedozery.sk\/vcelarstvo\/wp-json\/wp\/v2\/product_tag?post=4099"}],"curies":[{"name":"wp","href":"https:\/\/api.w.org\/{rel}","templated":true}]}}