{"id":4216,"date":"2024-03-22T07:16:48","date_gmt":"2024-03-22T06:16:48","guid":{"rendered":"https:\/\/www.nedozery.sk\/vcelarstvo\/?post_type=product&#038;p=4216"},"modified":"2026-02-24T08:34:17","modified_gmt":"2026-02-24T07:34:17","slug":"letacovy-uzaver-okruhly-bee-50-mm-zeleny","status":"publish","type":"product","link":"https:\/\/www.nedozery.sk\/vcelarstvo\/produkt\/letacovy-uzaver-okruhly-bee-50-mm-zeleny\/","title":{"rendered":"Let\u00e1\u010dov\u00fd uz\u00e1ver okr\u00fahly BEE, 50 mm &#8211; zelen\u00fd"},"content":{"rendered":"<p><strong>Zelen\u00fd okr\u00fahly let\u00e1\u010dov\u00fd uz\u00e1ver s priemerom 50 mm<\/strong>\u00a0sl\u00fa\u017ei na zakr\u00fdvanie o\u010diek &#8211; otvorov v r\u00f4znych zariadeniach pre v\u010dely. Okr\u00fahly let\u00e1\u010dov\u00fd uz\u00e1ver sa naj\u010dastej\u0161ie pou\u017e\u00edva pre zakr\u00fdvanie o\u010diek v nadstavkoch v\u010del\u00edch \u00fa\u013eov, mal\u00fdch \u00falikoch, oplodnia\u010dikoch a pod. V strede uz\u00e1veru je otvor pre skrutku, ktorou sa let\u00e1\u010dov\u00fd uz\u00e1ver priskrutkuje na plochu. Ot\u00e1\u010dan\u00edm uz\u00e1veru je potom mo\u017en\u00e9 nastavi\u0165 nasledovn\u00e9 polohy: vetranie, ve\u013ek\u00fd otvor, otvor nepriechodn\u00fd pre matku. Let\u00e1\u010dov\u00fd uz\u00e1ver je vyroben\u00fd z plastu s hr\u00fabkou 1 mm.<\/p>\n<p>Orienta\u010dn\u00e1 hmotnos\u0165: 0,001 kg<\/p>\n","protected":false},"excerpt":{"rendered":"<p>Zelen\u00fd okr\u00fahly let\u00e1\u010dov\u00fd uz\u00e1ver s priemerom 50 mm\u00a0sl\u00fa\u017ei na zakr\u00fdvanie o\u010diek &#8211; otvorov v r\u00f4znych zariadeniach pre v\u010dely. Okr\u00fahly let\u00e1\u010dov\u00fd uz\u00e1ver sa naj\u010dastej\u0161ie pou\u017e\u00edva pre zakr\u00fdvanie o\u010diek v nadstavkoch v\u010del\u00edch \u00fa\u013eov, mal\u00fdch \u00falikoch, oplodnia\u010dikoch a pod. V strede uz\u00e1veru je otvor pre skrutku, ktorou sa let\u00e1\u010dov\u00fd uz\u00e1ver priskrutkuje na plochu. Ot\u00e1\u010dan\u00edm uz\u00e1veru je potom mo\u017en\u00e9 <a href=\"https:\/\/www.nedozery.sk\/vcelarstvo\/produkt\/letacovy-uzaver-okruhly-bee-50-mm-zeleny\/\" class=\"read-more inline\">\u010c\u00edtaj \u010falej<\/a><\/p>\n","protected":false},"featured_media":4207,"comment_status":"open","ping_status":"closed","template":"","meta":[],"product_brand":[],"product_cat":[94,16],"product_tag":[],"class_list":{"0":"post-4216","1":"product","2":"type-product","3":"status-publish","4":"has-post-thumbnail","6":"product_cat-prislus","7":"product_cat-ule","9":"first","10":"instock","11":"taxable","12":"shipping-taxable","13":"purchasable","14":"product-type-simple"},"jetpack_sharing_enabled":true,"_links":{"self":[{"href":"https:\/\/www.nedozery.sk\/vcelarstvo\/wp-json\/wp\/v2\/product\/4216","targetHints":{"allow":["GET"]}}],"collection":[{"href":"https:\/\/www.nedozery.sk\/vcelarstvo\/wp-json\/wp\/v2\/product"}],"about":[{"href":"https:\/\/www.nedozery.sk\/vcelarstvo\/wp-json\/wp\/v2\/types\/product"}],"replies":[{"embeddable":true,"href":"https:\/\/www.nedozery.sk\/vcelarstvo\/wp-json\/wp\/v2\/comments?post=4216"}],"version-history":[{"count":0,"href":"https:\/\/www.nedozery.sk\/vcelarstvo\/wp-json\/wp\/v2\/product\/4216\/revisions"}],"wp:featuredmedia":[{"embeddable":true,"href":"https:\/\/www.nedozery.sk\/vcelarstvo\/wp-json\/wp\/v2\/media\/4207"}],"wp:attachment":[{"href":"https:\/\/www.nedozery.sk\/vcelarstvo\/wp-json\/wp\/v2\/media?parent=4216"}],"wp:term":[{"taxonomy":"product_brand","embeddable":true,"href":"https:\/\/www.nedozery.sk\/vcelarstvo\/wp-json\/wp\/v2\/product_brand?post=4216"},{"taxonomy":"product_cat","embeddable":true,"href":"https:\/\/www.nedozery.sk\/vcelarstvo\/wp-json\/wp\/v2\/product_cat?post=4216"},{"taxonomy":"product_tag","embeddable":true,"href":"https:\/\/www.nedozery.sk\/vcelarstvo\/wp-json\/wp\/v2\/product_tag?post=4216"}],"curies":[{"name":"wp","href":"https:\/\/api.w.org\/{rel}","templated":true}]}}