{"id":4432,"date":"2024-05-06T19:45:10","date_gmt":"2024-05-06T17:45:10","guid":{"rendered":"https:\/\/www.nedozery.sk\/vcelarstvo\/?post_type=product&#038;p=4432"},"modified":"2025-03-24T12:20:43","modified_gmt":"2025-03-24T11:20:43","slug":"mriezka-na-odber-pelu-uzka","status":"publish","type":"product","link":"https:\/\/www.nedozery.sk\/vcelarstvo\/produkt\/mriezka-na-odber-pelu-uzka\/","title":{"rendered":"Mrie\u017eka na odber pe\u013eu, \u00fazka"},"content":{"rendered":"<p><strong>\u00dazka mrie\u017eka na odber pe\u013eu<\/strong>\u00a0(pe\u013eochyt) s rozmerom 390 x 40 mm je vyroben\u00e1 z plastu a m\u00e1 kruhov\u00e9 otvory s priemerom 5 mm.<\/p>\n<p>Orienta\u010dn\u00e1 hmotnos\u0165: 0,248 kg<\/p>\n","protected":false},"excerpt":{"rendered":"<p>\u00dazka mrie\u017eka na odber pe\u013eu\u00a0(pe\u013eochyt) s rozmerom 390 x 40 mm je vyroben\u00e1 z plastu a m\u00e1 kruhov\u00e9 otvory s priemerom 5 mm. Orienta\u010dn\u00e1 hmotnos\u0165: 0,248 kg<\/p>\n","protected":false},"featured_media":4433,"comment_status":"open","ping_status":"closed","template":"","meta":[],"product_brand":[],"product_cat":[98,94,16],"product_tag":[],"class_list":{"0":"post-4432","1":"product","2":"type-product","3":"status-publish","4":"has-post-thumbnail","6":"product_cat-pelochyt","7":"product_cat-prislus","8":"product_cat-ule","10":"first","11":"instock","12":"taxable","13":"shipping-taxable","14":"purchasable","15":"product-type-simple"},"jetpack_sharing_enabled":true,"_links":{"self":[{"href":"https:\/\/www.nedozery.sk\/vcelarstvo\/wp-json\/wp\/v2\/product\/4432","targetHints":{"allow":["GET"]}}],"collection":[{"href":"https:\/\/www.nedozery.sk\/vcelarstvo\/wp-json\/wp\/v2\/product"}],"about":[{"href":"https:\/\/www.nedozery.sk\/vcelarstvo\/wp-json\/wp\/v2\/types\/product"}],"replies":[{"embeddable":true,"href":"https:\/\/www.nedozery.sk\/vcelarstvo\/wp-json\/wp\/v2\/comments?post=4432"}],"version-history":[{"count":0,"href":"https:\/\/www.nedozery.sk\/vcelarstvo\/wp-json\/wp\/v2\/product\/4432\/revisions"}],"wp:featuredmedia":[{"embeddable":true,"href":"https:\/\/www.nedozery.sk\/vcelarstvo\/wp-json\/wp\/v2\/media\/4433"}],"wp:attachment":[{"href":"https:\/\/www.nedozery.sk\/vcelarstvo\/wp-json\/wp\/v2\/media?parent=4432"}],"wp:term":[{"taxonomy":"product_brand","embeddable":true,"href":"https:\/\/www.nedozery.sk\/vcelarstvo\/wp-json\/wp\/v2\/product_brand?post=4432"},{"taxonomy":"product_cat","embeddable":true,"href":"https:\/\/www.nedozery.sk\/vcelarstvo\/wp-json\/wp\/v2\/product_cat?post=4432"},{"taxonomy":"product_tag","embeddable":true,"href":"https:\/\/www.nedozery.sk\/vcelarstvo\/wp-json\/wp\/v2\/product_tag?post=4432"}],"curies":[{"name":"wp","href":"https:\/\/api.w.org\/{rel}","templated":true}]}}